{"id":262,"date":"2020-10-29T18:07:37","date_gmt":"2020-10-29T18:07:37","guid":{"rendered":"https:\/\/live-technetics.pantheonsite.io\/?page_id=262"},"modified":"2024-08-12T08:45:53","modified_gmt":"2024-08-12T12:45:53","slug":"quality-manufacturing","status":"publish","type":"page","link":"https:\/\/technetics.com\/de\/capabilities\/quality-manufacturing\/","title":{"rendered":"Exzellente Siegelherstellung bei der Technetics Group"},"content":{"rendered":"<style type=\"text\/css\" data-created_by=\"avia_inline_auto\" id=\"style-css-av-fy931-d5bf7440aacbc3f92ce6a77efd0ebf9a\">\n.avia-section.av-fy931-d5bf7440aacbc3f92ce6a77efd0ebf9a .av-parallax .av-parallax-inner{\nbackground-repeat:no-repeat;\nbackground-image:url(https:\/\/technetics.com\/wp-content\/uploads\/2020\/11\/Quality_Manufacturing.jpg);\nbackground-position:50% 50%;\nbackground-attachment:scroll;\n}\n<\/style>\n<div id='interior-page-header-image'  class='avia-section av-fy931-d5bf7440aacbc3f92ce6a77efd0ebf9a main_color avia-section-default avia-no-border-styling  avia-builder-el-0  el_before_av_section  avia-builder-el-first  avia-full-stretch av-parallax-section avia-bg-style-parallax container_wrap fullsize'  data-section-bg-repeat='stretch'><div class='av-parallax' data-avia-parallax-ratio='0.3' ><div class='av-parallax-inner main_color avia-full-stretch'><\/div><\/div><div class='container av-section-cont-open' ><main  role=\"main\" itemprop=\"mainContentOfPage\"  class='template-page content  av-content-full alpha units'><div class='post-entry post-entry-type-page post-entry-262'><div class='entry-content-wrapper clearfix'>\n<\/div><\/div><\/main><!-- close content main element --><\/div><\/div><div id='av_section_2'  class='avia-section av-kgvlxp99-c9acdad4986b5cb5938aec7e4bdf2f71 main_color avia-section-default avia-no-border-styling  avia-builder-el-1  el_after_av_section  avia-builder-el-last  interior-page-intro-paragraph avia-bg-style-scroll container_wrap fullsize'  ><div class='container av-section-cont-open' ><div class='template-page content  av-content-full alpha units'><div class='post-entry post-entry-type-page post-entry-262'><div class='entry-content-wrapper clearfix'>\n\n<style type=\"text\/css\" data-created_by=\"avia_inline_auto\" id=\"style-css-av-90j45-ff9d9e9bb4ca36f0b722e023366d31f9\">\n.flex_column.av-90j45-ff9d9e9bb4ca36f0b722e023366d31f9{\nborder-radius:0px 0px 0px 0px;\npadding:0px 0px 0px 0px;\n}\n<\/style>\n<div  class='flex_column av-90j45-ff9d9e9bb4ca36f0b722e023366d31f9 av_one_full  avia-builder-el-2  el_before_av_one_half  avia-builder-el-first  first flex_column_div av-zero-column-padding'     ><p>\n<style type=\"text\/css\" data-created_by=\"avia_inline_auto\" id=\"style-css-av-kf8stopq-4cf6a43b483a5e3dac9eff600575fa38\">\n#top .hr.av-kf8stopq-4cf6a43b483a5e3dac9eff600575fa38{\nmargin-top:30px;\nmargin-bottom:30px;\n}\n.hr.av-kf8stopq-4cf6a43b483a5e3dac9eff600575fa38 .hr-inner{\nwidth:50px;\n}\n<\/style>\n<div  id=\"center-accent-line\"  class='hr av-kf8stopq-4cf6a43b483a5e3dac9eff600575fa38 hr-custom  avia-builder-el-3  el_before_av_textblock  avia-builder-el-first  hr-center hr-icon-no'><span class='hr-inner inner-border-av-border-thin'><span class=\"hr-inner-style\"><\/span><\/span><\/div><br \/>\n<section  class='av_textblock_section av-kgvndh38-5ab094fe118cb230080e9940b63a8303'   itemscope=\"itemscope\" itemtype=\"https:\/\/schema.org\/CreativeWork\" ><div class='avia_textblock intro-paragraph'  itemprop=\"text\" ><h2 class=\"translation-block\">Kritische Anwendungen verdienen <span class=\"alt-heading-style\">L\u00f6sungen von h\u00f6chster Qualit\u00e4t<\/span><\/h2>\n<p>Von der Komponentenfertigung bis zur Dichtungsherstellung sind wir bei der Technetics Group engagiert, Produkte von h\u00f6chster Qualit\u00e4t zu liefern, was bedeutet, dass wir nach st\u00e4ndiger Verbesserung und Innovation streben.<\/p>\n<\/div><\/section><br \/>\n<section  class='av_textblock_section av-kgvndh38-71cea00001874c6c073925942deea6f1'   itemscope=\"itemscope\" itemtype=\"https:\/\/schema.org\/CreativeWork\" ><div class='avia_textblock'  itemprop=\"text\" ><p>Hand in Hand mit diesem Engagement geht das Bestreben, eine hohe Kundenzufriedenheit zu erreichen und die betriebliche Effizienz in allen unseren Gesch\u00e4ftsbereichen zu steigern. Zu den spezifischen Aktivit\u00e4ten zur Erreichung dieser Ziele geh\u00f6ren Six-Sigma-Schulungen und -Zertifizierungen, CI und Lean Manufacturing sowie unser eigenes, einzigartiges Employee Idea Program.<\/p>\n<h4>Mitarbeiter-Ideen-Programm (Employee Idea Program - EIP)<\/h4>\n<p>Das Mitarbeiter-Ideen-Programm soll Innovationen und kontinuierliche Verbesserungen f\u00f6rdern, indem Mitarbeiter f\u00fcr die Entwicklung neuer Ideen, wie z. B. die Fehlersicherung (Poka-Yoke), anerkannt und belohnt werden. Alle Mitarbeiter tragen regelm\u00e4\u00dfig zu dem Programm bei.<\/p>\n<\/div><\/section><\/p><\/div>\n<style type=\"text\/css\" data-created_by=\"avia_inline_auto\" id=\"style-css-av-ffd9a-267b5db547904ba36b278648972d6e8a\">\n.flex_column.av-ffd9a-267b5db547904ba36b278648972d6e8a{\nborder-radius:0px 0px 0px 0px;\npadding:0px 0px 0px 0px;\n}\n<\/style>\n<div  class='flex_column av-ffd9a-267b5db547904ba36b278648972d6e8a av_one_half  avia-builder-el-6  el_after_av_one_full  el_before_av_one_half  first flex_column_div av-zero-column-padding  column-top-margin'     ><section  class='av_textblock_section av-kl7313zc-e2fb37f441bc72a84517fd31bc2201c2'   itemscope=\"itemscope\" itemtype=\"https:\/\/schema.org\/CreativeWork\" ><div class='avia_textblock'  itemprop=\"text\" ><h4>Zu den Zertifizierungen in der gesamten Organisation geh\u00f6ren:<\/h4>\n<ul>\n<li><a href=\"https:\/\/live-technetics.pantheonsite.io\/wp-content\/uploads\/2020\/12\/Columbia-AS-9100-and-ISO-9001.pdf\" target=\"_blank\" rel=\"noopener\">ISO 9000<\/a><\/li>\n<li><a href=\"https:\/\/live-technetics.pantheonsite.io\/wp-content\/uploads\/2020\/12\/Columbia-AS-9100-and-ISO-9001.pdf\" target=\"_blank\" rel=\"noopener\">AS 9100<\/a><\/li>\n<li>Titel 10 CFR 50 Appendix B<\/li>\n<li>ANSI \/ ASME N45.2<\/li>\n<li>Erfolgreiche Audits durch NUPIC-Mitglieder<\/li>\n<li>ANSI \/ ASME NQA-1<\/li>\n<li><a href=\"https:\/\/live-technetics.pantheonsite.io\/wp-content\/uploads\/2020\/12\/France-Nuclear-Standard-KTA1401.pdf\" target=\"_blank\" rel=\"noopener\">KTA 1401<\/a><\/li>\n<li><a href=\"https:\/\/live-technetics.pantheonsite.io\/wp-content\/uploads\/2020\/12\/Columbia-Nadcap-Heat-Treating.pdf\" target=\"_blank\" rel=\"noopener\">NADCAP W\u00c4RMEBEHANDLUNG<\/a><\/li>\n<li><a href=\"https:\/\/live-technetics.pantheonsite.io\/wp-content\/uploads\/2020\/12\/Daytona-Nadcap-Welding.pdf\" target=\"_blank\" rel=\"noopener\">NADCAP SCHWEISSEN<\/a><\/li>\n<li>NADCAP FL\u00dcSSIGKEITSVERTEILUNGSSYSTEME<\/li>\n<li>\n<div>QCE 228*<\/div>\n<\/li>\n<\/ul>\n<h4>Six-Sigma- und Lean-Werkzeuge<\/h4>\n<p>Die Mitarbeiter der Technetics Group haben zahlreiche CI- und Kostensenkungsinitiativen unter Verwendung von Six Sigma- und Lean-Tools wie Kaizen-Events, 5S, Zeitstudie, Wertstromanalyse, Layout-Verbesserungen, visuelles Management, Workflow-Diagramme und Fehlerpr\u00fcfung erfolgreich durchgef\u00fchrt.<\/p>\n<h4>Six Sigma Schulungs- und Zertifizierungsprogramm<\/h4>\n<p>Technetics Group legt gro\u00dfen Wert darauf, allen Mitarbeitern eine Six-Sigma-Schulung und -Zertifizierung anzubieten. Das Programm ist darauf ausgelegt, den Nutzen f\u00fcr das Unternehmen zu maximieren und gleichzeitig erfolgreiche Projektleiter und Teams zu belohnen.<\/p>\n<\/div><\/section><\/div>\n<style type=\"text\/css\" data-created_by=\"avia_inline_auto\" id=\"style-css-av-8q0zi-f2c10447013e21505d558aedf312bc13\">\n.flex_column.av-8q0zi-f2c10447013e21505d558aedf312bc13{\nborder-radius:0px 0px 0px 0px;\npadding:0px 0px 0px 0px;\n}\n<\/style>\n<div  class='flex_column av-8q0zi-f2c10447013e21505d558aedf312bc13 av_one_half  avia-builder-el-8  el_after_av_one_half  avia-builder-el-last  flex_column_div av-zero-column-padding  column-top-margin'     ><section  class='av_textblock_section av-kl731svg-6d68f30f32196df2a79901c03939e25d'   itemscope=\"itemscope\" itemtype=\"https:\/\/schema.org\/CreativeWork\" ><div class='avia_textblock'  itemprop=\"text\" ><div>* Wenn Sie ein Exemplar von QCE 228 ben\u00f6tigen, wenden Sie sich bitte an Technetics Group Supply Chain (siehe unten).<\/div>\n<\/div><\/section><br \/>\n<\/p><\/div>","protected":false},"excerpt":{"rendered":"","protected":false},"author":1,"featured_media":0,"parent":254,"menu_order":0,"comment_status":"closed","ping_status":"closed","template":"","meta":{"inline_featured_image":false,"footnotes":""},"classification":[],"class_list":["post-262","page","type-page","status-publish","hentry"],"yoast_head":"<!-- This site is optimized with the Yoast SEO plugin v25.2 - https:\/\/yoast.com\/wordpress\/plugins\/seo\/ -->\n<title>Seal Manufacturing Excellence at Technetics Group - Technetics Group<\/title>\n<meta name=\"description\" content=\"Quality Seal Manufacturing Solutions - Technetics Group. From metal seals to elastomer seals, we deliver high-quality products for critical applications.\" \/>\n<meta name=\"robots\" content=\"index, follow, max-snippet:-1, max-image-preview:large, max-video-preview:-1\" \/>\n<link rel=\"canonical\" href=\"https:\/\/technetics.com\/de\/capabilities\/quality-manufacturing\/\" \/>\n<meta property=\"og:locale\" content=\"de_DE\" \/>\n<meta property=\"og:type\" content=\"article\" \/>\n<meta property=\"og:title\" content=\"Seal Manufacturing Excellence at Technetics Group - Technetics Group\" \/>\n<meta property=\"og:description\" content=\"Quality Seal Manufacturing Solutions - Technetics Group. From metal seals to elastomer seals, we deliver high-quality products for critical applications.\" \/>\n<meta property=\"og:url\" content=\"https:\/\/technetics.com\/de\/capabilities\/quality-manufacturing\/\" \/>\n<meta property=\"og:site_name\" content=\"Technetics Group\" \/>\n<meta property=\"article:publisher\" content=\"https:\/\/www.facebook.com\/TechneticsGroup\/\" \/>\n<meta property=\"article:modified_time\" content=\"2024-08-12T12:45:53+00:00\" \/>\n<meta property=\"og:image\" content=\"https:\/\/technetics.com\/wp-content\/uploads\/2025\/04\/technetics-logo-color.png\" \/>\n\t<meta property=\"og:image:width\" content=\"1718\" \/>\n\t<meta property=\"og:image:height\" content=\"488\" \/>\n\t<meta property=\"og:image:type\" content=\"image\/png\" \/>\n<meta name=\"twitter:card\" content=\"summary_large_image\" \/>\n<meta name=\"twitter:site\" content=\"@TechneticsGroup\" \/>\n<meta name=\"twitter:label1\" content=\"Gesch\u00e4tzte Lesezeit\" \/>\n\t<meta name=\"twitter:data1\" content=\"2 Minuten\" \/>\n<script type=\"application\/ld+json\" class=\"yoast-schema-graph\">{\"@context\":\"https:\/\/schema.org\",\"@graph\":[{\"@type\":\"WebPage\",\"@id\":\"https:\/\/technetics.com\/capabilities\/quality-manufacturing\/\",\"url\":\"https:\/\/technetics.com\/capabilities\/quality-manufacturing\/\",\"name\":\"Seal Manufacturing Excellence at Technetics Group - Technetics Group\",\"isPartOf\":{\"@id\":\"https:\/\/technetics.com\/#website\"},\"datePublished\":\"2020-10-29T18:07:37+00:00\",\"dateModified\":\"2024-08-12T12:45:53+00:00\",\"description\":\"Quality Seal Manufacturing Solutions - Technetics Group. From metal seals to elastomer seals, we deliver high-quality products for critical applications.\",\"breadcrumb\":{\"@id\":\"https:\/\/technetics.com\/capabilities\/quality-manufacturing\/#breadcrumb\"},\"inLanguage\":\"de-DE\",\"potentialAction\":[{\"@type\":\"ReadAction\",\"target\":[\"https:\/\/technetics.com\/capabilities\/quality-manufacturing\/\"]}]},{\"@type\":\"BreadcrumbList\",\"@id\":\"https:\/\/technetics.com\/capabilities\/quality-manufacturing\/#breadcrumb\",\"itemListElement\":[{\"@type\":\"ListItem\",\"position\":1,\"name\":\"Home\",\"item\":\"https:\/\/technetics.com\/ko\/\"},{\"@type\":\"ListItem\",\"position\":2,\"name\":\"Capabilities\",\"item\":\"https:\/\/technetics.com\/de\/capabilities\/\"},{\"@type\":\"ListItem\",\"position\":3,\"name\":\"Seal Manufacturing Excellence at Technetics Group\"}]},{\"@type\":\"WebSite\",\"@id\":\"https:\/\/technetics.com\/#website\",\"url\":\"https:\/\/technetics.com\/\",\"name\":\"Technetics Group\",\"description\":\"Confidence For Critical Applications\",\"publisher\":{\"@id\":\"https:\/\/technetics.com\/#organization\"},\"potentialAction\":[{\"@type\":\"SearchAction\",\"target\":{\"@type\":\"EntryPoint\",\"urlTemplate\":\"https:\/\/technetics.com\/?s={search_term_string}\"},\"query-input\":{\"@type\":\"PropertyValueSpecification\",\"valueRequired\":true,\"valueName\":\"search_term_string\"}}],\"inLanguage\":\"de-DE\"},{\"@type\":\"Organization\",\"@id\":\"https:\/\/technetics.com\/#organization\",\"name\":\"Technetics Group\",\"url\":\"https:\/\/technetics.com\/\",\"logo\":{\"@type\":\"ImageObject\",\"inLanguage\":\"de-DE\",\"@id\":\"https:\/\/technetics.com\/#\/schema\/logo\/image\/\",\"url\":\"https:\/\/technetics.com\/wp-content\/uploads\/2025\/04\/technetics-logo-color.png\",\"contentUrl\":\"https:\/\/technetics.com\/wp-content\/uploads\/2025\/04\/technetics-logo-color.png\",\"width\":1718,\"height\":488,\"caption\":\"Technetics Group\"},\"image\":{\"@id\":\"https:\/\/technetics.com\/#\/schema\/logo\/image\/\"},\"sameAs\":[\"https:\/\/www.facebook.com\/TechneticsGroup\/\",\"https:\/\/x.com\/TechneticsGroup\",\"https:\/\/www.linkedin.com\/company\/technetics-group\/\",\"https:\/\/www.youtube.com\/user\/TechneticsGroup\"]}]}<\/script>\n<!-- \/ Yoast SEO plugin. -->","yoast_head_json":{"title":"Seal Manufacturing Excellence at Technetics Group - Technetics Group","description":"Quality Seal Manufacturing Solutions - Technetics Group. From metal seals to elastomer seals, we deliver high-quality products for critical applications.","robots":{"index":"index","follow":"follow","max-snippet":"max-snippet:-1","max-image-preview":"max-image-preview:large","max-video-preview":"max-video-preview:-1"},"canonical":"https:\/\/technetics.com\/de\/capabilities\/quality-manufacturing\/","og_locale":"de_DE","og_type":"article","og_title":"Seal Manufacturing Excellence at Technetics Group - Technetics Group","og_description":"Quality Seal Manufacturing Solutions - Technetics Group. From metal seals to elastomer seals, we deliver high-quality products for critical applications.","og_url":"https:\/\/technetics.com\/de\/capabilities\/quality-manufacturing\/","og_site_name":"Technetics Group","article_publisher":"https:\/\/www.facebook.com\/TechneticsGroup\/","article_modified_time":"2024-08-12T12:45:53+00:00","og_image":[{"width":1718,"height":488,"url":"https:\/\/technetics.com\/wp-content\/uploads\/2025\/04\/technetics-logo-color.png","type":"image\/png"}],"twitter_card":"summary_large_image","twitter_site":"@TechneticsGroup","twitter_misc":{"Gesch\u00e4tzte Lesezeit":"2 Minuten"},"schema":{"@context":"https:\/\/schema.org","@graph":[{"@type":"WebPage","@id":"https:\/\/technetics.com\/capabilities\/quality-manufacturing\/","url":"https:\/\/technetics.com\/capabilities\/quality-manufacturing\/","name":"Seal Manufacturing Excellence at Technetics Group - Technetics Group","isPartOf":{"@id":"https:\/\/technetics.com\/#website"},"datePublished":"2020-10-29T18:07:37+00:00","dateModified":"2024-08-12T12:45:53+00:00","description":"Quality Seal Manufacturing Solutions - Technetics Group. From metal seals to elastomer seals, we deliver high-quality products for critical applications.","breadcrumb":{"@id":"https:\/\/technetics.com\/capabilities\/quality-manufacturing\/#breadcrumb"},"inLanguage":"de-DE","potentialAction":[{"@type":"ReadAction","target":["https:\/\/technetics.com\/capabilities\/quality-manufacturing\/"]}]},{"@type":"BreadcrumbList","@id":"https:\/\/technetics.com\/capabilities\/quality-manufacturing\/#breadcrumb","itemListElement":[{"@type":"ListItem","position":1,"name":"Home","item":"https:\/\/technetics.com\/ko\/"},{"@type":"ListItem","position":2,"name":"Capabilities","item":"https:\/\/technetics.com\/de\/capabilities\/"},{"@type":"ListItem","position":3,"name":"Seal Manufacturing Excellence at Technetics Group"}]},{"@type":"WebSite","@id":"https:\/\/technetics.com\/#website","url":"https:\/\/technetics.com\/","name":"Technetics Group","description":"Confidence For Critical Applications","publisher":{"@id":"https:\/\/technetics.com\/#organization"},"potentialAction":[{"@type":"SearchAction","target":{"@type":"EntryPoint","urlTemplate":"https:\/\/technetics.com\/?s={search_term_string}"},"query-input":{"@type":"PropertyValueSpecification","valueRequired":true,"valueName":"search_term_string"}}],"inLanguage":"de-DE"},{"@type":"Organization","@id":"https:\/\/technetics.com\/#organization","name":"Technetics Group","url":"https:\/\/technetics.com\/","logo":{"@type":"ImageObject","inLanguage":"de-DE","@id":"https:\/\/technetics.com\/#\/schema\/logo\/image\/","url":"https:\/\/technetics.com\/wp-content\/uploads\/2025\/04\/technetics-logo-color.png","contentUrl":"https:\/\/technetics.com\/wp-content\/uploads\/2025\/04\/technetics-logo-color.png","width":1718,"height":488,"caption":"Technetics Group"},"image":{"@id":"https:\/\/technetics.com\/#\/schema\/logo\/image\/"},"sameAs":["https:\/\/www.facebook.com\/TechneticsGroup\/","https:\/\/x.com\/TechneticsGroup","https:\/\/www.linkedin.com\/company\/technetics-group\/","https:\/\/www.youtube.com\/user\/TechneticsGroup"]}]}},"_links":{"self":[{"href":"https:\/\/technetics.com\/de\/wp-json\/wp\/v2\/pages\/262","targetHints":{"allow":["GET"]}}],"collection":[{"href":"https:\/\/technetics.com\/de\/wp-json\/wp\/v2\/pages"}],"about":[{"href":"https:\/\/technetics.com\/de\/wp-json\/wp\/v2\/types\/page"}],"author":[{"embeddable":true,"href":"https:\/\/technetics.com\/de\/wp-json\/wp\/v2\/users\/1"}],"replies":[{"embeddable":true,"href":"https:\/\/technetics.com\/de\/wp-json\/wp\/v2\/comments?post=262"}],"version-history":[{"count":12,"href":"https:\/\/technetics.com\/de\/wp-json\/wp\/v2\/pages\/262\/revisions"}],"predecessor-version":[{"id":11013,"href":"https:\/\/technetics.com\/de\/wp-json\/wp\/v2\/pages\/262\/revisions\/11013"}],"up":[{"embeddable":true,"href":"https:\/\/technetics.com\/de\/wp-json\/wp\/v2\/pages\/254"}],"wp:attachment":[{"href":"https:\/\/technetics.com\/de\/wp-json\/wp\/v2\/media?parent=262"}],"wp:term":[{"taxonomy":"classification","embeddable":true,"href":"https:\/\/technetics.com\/de\/wp-json\/wp\/v2\/classification?post=262"}],"curies":[{"name":"wp","href":"https:\/\/api.w.org\/{rel}","templated":true}]}}