{"id":2999,"date":"2020-12-16T17:03:31","date_gmt":"2020-12-16T22:03:31","guid":{"rendered":"https:\/\/live-technetics.pantheonsite.io\/?page_id=2999"},"modified":"2022-11-18T09:12:10","modified_gmt":"2022-11-18T14:12:10","slug":"gdpr","status":"publish","type":"page","link":"https:\/\/technetics.com\/de\/gdpr\/","title":{"rendered":"GDPR"},"content":{"rendered":"<div id='av_section_1'  class='avia-section av-kgvlxp99-598e6c7700687e02412acb61e085fb62 main_color avia-section-default avia-no-border-styling  avia-builder-el-0  avia-builder-el-no-sibling  avia-bg-style-scroll container_wrap fullsize'  ><div class='container av-section-cont-open' ><main  role=\"main\" itemprop=\"mainContentOfPage\"  class='template-page content  av-content-full alpha units'><div class='post-entry post-entry-type-page post-entry-2999'><div class='entry-content-wrapper clearfix'>\n\n<style type=\"text\/css\" data-created_by=\"avia_inline_auto\" id=\"style-css-av-90j45-ff9d9e9bb4ca36f0b722e023366d31f9\">\n.flex_column.av-90j45-ff9d9e9bb4ca36f0b722e023366d31f9{\nborder-radius:0px 0px 0px 0px;\npadding:0px 0px 0px 0px;\n}\n<\/style>\n<div  class='flex_column av-90j45-ff9d9e9bb4ca36f0b722e023366d31f9 av_one_full  avia-builder-el-1  avia-builder-el-no-sibling  first flex_column_div av-zero-column-padding'     ><p>\n<style type=\"text\/css\" data-created_by=\"avia_inline_auto\" id=\"style-css-av-kf8stopq-4cf6a43b483a5e3dac9eff600575fa38\">\n#top .hr.av-kf8stopq-4cf6a43b483a5e3dac9eff600575fa38{\nmargin-top:30px;\nmargin-bottom:30px;\n}\n.hr.av-kf8stopq-4cf6a43b483a5e3dac9eff600575fa38 .hr-inner{\nwidth:50px;\n}\n<\/style>\n<div  id=\"center-accent-line\"  class='hr av-kf8stopq-4cf6a43b483a5e3dac9eff600575fa38 hr-custom  avia-builder-el-2  el_before_av_textblock  avia-builder-el-first  hr-center hr-icon-no'><span class='hr-inner inner-border-av-border-thin'><span class=\"hr-inner-style\"><\/span><\/span><\/div><br \/>\n<section  class='av_textblock_section av-kirz3m2p-18a1c17f9e19b7f76c713d60970e2bfe'   itemscope=\"itemscope\" itemtype=\"https:\/\/schema.org\/CreativeWork\" ><div class='avia_textblock intro-paragraph'  itemprop=\"text\" ><p>Der Schutz personenbezogener Daten ist f\u00fcr Technetics von gro\u00dfer Bedeutung. Diese Datenschutzerkl\u00e4rung dient dazu, die Besucher der Technetics-Website (\"Nutzer\") \u00fcber die Verarbeitung personenbezogener Daten (\"Daten\") zu informieren, die auf dieser Website gem\u00e4\u00df den geltenden Datenschutzgesetzen, insbesondere der Verordnung (EU) 2016\/679 (General Data Protection Regulation - \"GDPR\"), erfolgt.<\/p>\n<p>Wie in dieser Datenschutzerkl\u00e4rung verwendet, bezieht sich Technetics auf die Technetics Group LLC und ihre verbundenen Unternehmen, die in Abschnitt 7 dieser Datenschutzerkl\u00e4rung aufgef\u00fchrt sind. Technetics kann per E-Mail unter marketing@technetics.com oder per Post unter folgender Adresse erreicht werden:<\/p>\n<p>Technetics Gruppe LLC<br \/>\n2791 Der Boulevard<br \/>\nColumbia, SC 29209 USA<\/p>\n<\/div><\/section><br \/>\n<section  class='av_textblock_section av-kgvndh38-71cea00001874c6c073925942deea6f1'   itemscope=\"itemscope\" itemtype=\"https:\/\/schema.org\/CreativeWork\" ><div class='avia_textblock'  itemprop=\"text\" ><h4><strong>1. Controller der Datenverarbeitung<\/strong><\/h4>\n<p>Technetics ist der Verantwortliche f\u00fcr die rechtm\u00e4\u00dfige Verarbeitung der personenbezogenen Daten der Nutzer. Die registrierte Adresse von Technetics ist oben aufgef\u00fchrt. Sie k\u00f6nnen Technetics unter der oben genannten Adresse oder per E-Mail unter marketing@technetics.com kontaktieren.<\/p>\n<h4><strong>2. Verarbeitete Daten und Zwecke der Verarbeitung<\/strong><\/h4>\n<p><strong>2.1 Verwendungsdaten<\/strong><br \/>\nWenn ein Nutzer auf die Technetics-Website zugreift, speichern die Website-Server automatisch bestimmte Daten des zugreifenden Systems. Zu diesen Daten geh\u00f6ren der verwendete Browsertyp, die Browserversion, das verwendete Betriebssystem, die Website, von der aus auf die Technetics-Website zugegriffen wurde, die angesteuerten Unterseiten der Technetics-Website, das Datum und die Uhrzeit des Zugriffs, die Internet-Protokoll-Adresse (IP-Adresse), der Internet-Service-Provider und mit der vorstehenden Aufz\u00e4hlung vergleichbare Daten.<\/p>\n<p>Technetics verwendet diese Daten, um ihre Website zur Verf\u00fcgung zu stellen, um eventuell auftretende technische Probleme zu erkennen und zu beseitigen und um einen Missbrauch der Website zu verhindern und gegebenenfalls zu verfolgen. Technetics verwendet diese Daten auch in anonymisierter Form, d.h. ohne die M\u00f6glichkeit, den Nutzer zu identifizieren, f\u00fcr statistische Zwecke und zur Verbesserung der Website. Rechtsgrundlage f\u00fcr die Verarbeitung personenbezogener Nutzungsdaten ist Artikel 6 Absatz 1 Unterabsatz 1 Buchstabe f) GDPR.<\/p>\n<p><strong>2.2 Verwendung von Cookies<\/strong><br \/>\nDiese Website verwendet Cookies (\"Cookies\"), um Sie von anderen Nutzern unserer Website zu unterscheiden. Ein Cookie ist eine kleine Datei aus Buchstaben und Zahlen, die wir in Ihrem Browser oder auf der Festplatte Ihres Computers speichern. Cookies enthalten Informationen, die auf die Festplatte Ihres Computers \u00fcbertragen werden.<\/p>\n<p>Diese Cookies helfen uns, Ihnen ein gutes Erlebnis zu bieten, wenn Sie auf unseren Websites surfen, und erm\u00f6glichen uns au\u00dferdem, unsere Websites zu verbessern. Wenn Sie auf unseren Seiten weitersurfen oder Formulare ausf\u00fcllen, erkl\u00e4ren Sie sich mit der Verwendung von Cookies einverstanden.<\/p>\n<p><strong>Wir verwenden die folgenden Arten von Cookies:<\/strong><\/p>\n<p>Streng notwendige Cookies. Dies sind Cookies, die f\u00fcr den Betrieb unserer Website erforderlich sind. Dazu geh\u00f6ren z. B. Cookies, die es Ihnen erm\u00f6glichen, sich in sichere Bereiche unserer Website einzuloggen und Ihr Konto- und Nachrichtenprofil anzupassen.<\/p>\n<p>Analytische\/Leistungs-Cookies. Diese erm\u00f6glichen es uns, die Anzahl der Besucher zu erkennen und zu z\u00e4hlen und zu sehen, wie sich Besucher auf unseren Websites bewegen, wenn sie diese nutzen. Dies hilft uns, die Funktionsweise unserer Websites zu verbessern, z. B. indem wir sicherstellen, dass die Benutzer leicht finden, wonach sie suchen.<\/p>\n<p>Funktionalit\u00e4ts-Cookies. Diese Cookies werden verwendet, um Sie zu erkennen, wenn Sie auf unsere Website zur\u00fcckkehren. Dies erm\u00f6glicht es uns, unsere Inhalte f\u00fcr Sie zu personalisieren, Sie namentlich zu begr\u00fc\u00dfen und uns Ihre Pr\u00e4ferenzen zu merken (z. B. die Wahl Ihrer Sprache oder Region).<\/p>\n<p>Targeting-Cookies. Diese Cookies erfassen Ihren Besuch auf unserer Website, die Seiten, die Sie besucht haben und die Links, denen Sie gefolgt sind. Wir verwenden diese Informationen, um unsere Website und die darauf angezeigte Werbung relevanter f\u00fcr Ihre Interessen zu gestalten. Zu diesem Zweck k\u00f6nnen wir diese Informationen auch an Dritte weitergeben.<\/p>\n<h5>Die Rechtsgrundlage f\u00fcr die Verarbeitung personenbezogener Daten ist Artikel 6 Absatz 1, erster Unterabsatz, Buchstabe f) GDPR.<\/h5>\n<p>NUTZER K\u00d6NNEN DIE \u00dcBERTRAGUNG VON COOKIES DEAKTIVIEREN ODER EINSCHR\u00c4NKEN, INDEM SIE DIE EINSTELLUNGEN DES INTERNETBROWSERS \u00c4NDERN. BEREITS GESPEICHERTE COOKIES K\u00d6NNEN JEDERZEIT GEL\u00d6SCHT WERDEN. DIES KANN AUCH AUTOMATISCH GESCHEHEN. SOLLTEN SIE COOKIES F\u00dcR DIESE WEBSITE DEAKTIVIEREN, SO K\u00d6NNEN BESTIMMTE FUNKTIONEN DER WEBSITE NICHT MEHR GENUTZT WERDEN.<\/p>\n<p><strong>2.3 Google Analytics<\/strong><br \/>\nDie von Technetics verwendeten Funktionen des Webanalysedienstes Google Analytics. Dieser Dienst wird von der Google Inc., 1600 Amphitheatre Parkway, Mountain View, CA 94043, USA (\"Google\") bereitgestellt. Google Analytics verwendet ebenfalls Cookies. Die durch den Cookie erzeugten Informationen \u00fcber die Benutzung dieser Website werden in der Regel an einen Server von Google in den USA \u00fcbertragen und dort gespeichert.<\/p>\n<p>Die Verwendung von Google Analytics durch Technetics beinhaltet die Funktion \"IP anonymisieren\". Das bedeutet, dass die durch den Google-Analytics-Cookie erhobene IP-Adresse des Nutzers von Google innerhalb von Mitgliedstaaten der Europ\u00e4ischen Union oder in anderen Vertragsstaaten des Abkommens \u00fcber den Europ\u00e4ischen Wirtschaftsraum zuvor gek\u00fcrzt wird, bevor sie in die USA \u00fcbertragen wird. Nur in Ausnahmef\u00e4llen wird die volle IP-Adresse an einen Server von Google in den USA \u00fcbertragen und dort gek\u00fcrzt.<\/p>\n<p>Im Auftrag von Technetics wird Google die durch den Google Analytics-Cookie erzeugten Informationen benutzen, um die Nutzung der Website auszuwerten, um Reports \u00fcber die Websiteaktivit\u00e4ten zusammenzustellen und um weitere mit der Websitenutzung und der Internetnutzung verbundene Dienstleistungen gegen\u00fcber Technetics zu erbringen. Die im Rahmen von Google Analytics vom Browser des zugreifenden Systems \u00fcbermittelte IP-Adresse wird nicht mit anderen Daten von Google zusammengef\u00fchrt. N\u00e4here Informationen zu den Nutzungsbedingungen und zum Datenschutz finden Sie unter http:\/\/www.google.com\/analytics\/terms oder unter http:\/\/www.google.com\/intl\/analytics\/privacyoverview. Die Rechtsgrundlage f\u00fcr die Verarbeitung personenbezogener Daten durch die Verwendung von Cookies ist Artikel 6 Absatz 1 Unterabsatz 1 Buchstabe f) DSGVO.<\/p>\n<p>Der Nutzer kann die Erfassung der durch das Cookie erzeugten und auf die Nutzung der Website bezogenen Daten an Google sowie die Verarbeitung dieser Daten verhindern, indem er das unter dem folgenden Link (https:\/\/tools.google.com\/dlpage\/gaoptout?hl=en) verf\u00fcgbare Browser-Plugin herunterl\u00e4dt und installiert. In diesem Fall sind m\u00f6glicherweise bestimmte Funktionen der Website nicht vollumf\u00e4nglich nutzbar. Der Nutzer kann dar\u00fcber hinaus die Erfassung durch Google Analytics verhindern, indem er den folgenden Link anklickt. In diesem Fall wird ein Opt-Out-Cookie gesetzt, das die Erfassung der Nutzerdaten bei zuk\u00fcnftigen Besuchen dieser Website verhindert: Google Analytics deaktivieren. Der Nutzer kann die \u00dcbertragung von Cookies auch durch eine entsprechende Einstellung des Browsers deaktivieren oder einschr\u00e4nken. Bereits gespeicherte Cookies k\u00f6nnen jederzeit gel\u00f6scht werden. Dies kann auch automatisiert erfolgen. Deaktiviert ein Nutzer Cookies f\u00fcr diese Website, sind m\u00f6glicherweise bestimmte Funktionen der Website nicht mehr nutzbar. M\u00f6chte der Nutzer nur Cookies von Technetics, nicht aber Cookies von Dienstleistern und Partnern von Technetics akzeptieren, kann er die Einstellungen seines Browsers auf \"Cookies von Drittanbietern blockieren\" (oder \u00e4hnlich) einstellen.<\/p>\n<p><strong>2.4 LINKEDIN INSIGHT TRACKING<\/strong><br \/>\nDas LinkedIn Insight Tag ist ein leichtgewichtiger JavaScript-Code, den wir auf unserer Website verwenden, um ausf\u00fchrliche Kampagnenberichte zu erm\u00f6glichen und Einblicke in unsere Website-Besucher zu erhalten. Wir verwenden LinkedIn Insight Tag, um Konversionen zu verfolgen, Website-Besucher erneut anzusprechen und zus\u00e4tzliche Erkenntnisse \u00fcber Personen zu gewinnen, die mit unseren Anzeigen interagieren. LinkedIn Insight Tag erm\u00f6glicht die Erfassung von IP-Adresse, Ger\u00e4te- und Browsereigenschaften und Zeitstempel. Alle Daten werden verschl\u00fcsselt. IP-Adressen werden gek\u00fcrzt oder gehasht und direkte Identifikatoren werden innerhalb von sieben Tagen entfernt, um die Daten zu pseudonymisieren. Verbleibende pseudonymisierte Daten werden innerhalb von 180 Tagen gel\u00f6scht.<\/p>\n<p>LinkedIn teilt die pers\u00f6nlichen Daten nicht mit uns, sondern stellt nur Berichte (die Sie nicht identifizieren) \u00fcber die Website-Zielgruppe und die Anzeigenleistung zur Verf\u00fcgung. Sie k\u00f6nnen Cookies von LinkedIn auf Ihrer LinkedIn-Einstellungsseite deaktivieren und wir empfehlen Ihnen, deren Cookie-Richtlinie f\u00fcr weitere Informationen zu lesen.<\/p>\n<p><strong>2.5 Weitere Webanalyse-Tools<\/strong><br \/>\nTechnetics.com verwendet auch Mouseflow, ein Analysetool, das Klicks\/Ber\u00fchrungen, Mausbewegungen, Scrollen, Tastenanschl\u00e4ge und andere Metadaten verfolgt. Sie k\u00f6nnen dieses Tracking deaktivieren, indem Sie https:\/\/mouseflow.com\/opt-out\/ besuchen.<\/p>\n<p><strong>2.6 Im Rahmen von Informationsanfragen \u00fcbermittelte Daten<\/strong><br \/>\nAuf unserer Website gibt es mehrere Bereiche, in denen Sie gedruckte und\/oder digitale Informationen von Technetics anfordern k\u00f6nnen. Wenn Sie eine dieser Informationen anfordern, fragen wir nach Ihrem Namen, Ihrer E-Mail-Adresse und\/oder Ihrer Postanschrift. Wenn Sie gedrucktes Material anfordern, werden wir Ihre pers\u00f6nlichen Daten verwenden, um Ihnen die Materialien zuzusenden. Wenn Sie digitale Informationen anfordern, werden wir Ihre pers\u00f6nlichen Daten verwenden, um Ihnen die Materialien per E-Mail zuzusenden. Technetics gibt diese personenbezogenen Daten nicht an Personen weiter, die f\u00fcr die Informationsanforderung nicht erforderlich sind. Die Rechtsgrundlage f\u00fcr die Verarbeitung der oben genannten Daten, abh\u00e4ngig vom Inhalt der jeweiligen Kontaktaufnahme, ist Artikel 6 Absatz 1 Unterabsatz 1 Punkt (b) bzw. (f) GDPR.<\/p>\n<p><strong>2.7 Newsletter<\/strong><br \/>\nSie k\u00f6nnen sich f\u00fcr die Technetics E-Mail-Benachrichtigungen anmelden. Wenn Sie dies tun, fragen wir Sie nach Ihrem Namen und Ihrer E-Mail-Adresse, und Sie haben die M\u00f6glichkeit, Ihre Berufsbezeichnung und Organisation anzugeben. Wir senden diese E-Mail-Benachrichtigungen nur dann, wenn Sie sich ausdr\u00fccklich daf\u00fcr entscheiden, indem Sie das K\u00e4stchen \"Neues Konto erstellen\" unter dem Kontaktformular ankreuzen. Umgekehrt k\u00f6nnen Sie diese Mitteilungen jederzeit abbestellen, indem Sie entweder eine E-Mail an marketing@technetics.com senden oder auf den Link \"Abbestellen\" in jeder E-Mail klicken. Technetics verwendet diese Informationen nur f\u00fcr die Bereitstellung von E-Mail-Benachrichtigungen und gibt Ihre pers\u00f6nlichen Daten an niemanden au\u00dfer unserem Webhosting-Provider und dessen E-Mail-Servicepartner weiter. Die Rechtsgrundlage f\u00fcr die Verarbeitung der oben genannten Daten ist Artikel 6(1) Unterabsatz 1 Punkt (a) GDPR.<\/p>\n<h4>3. \u00dcbertragung von Daten an externe Parteien<\/h4>\n<p>F\u00fcr bestimmte technische Datenanalyse-, Verarbeitungs- oder Speicherprozesse (z. B. zur Gewinnung aggregierter, nicht personenbezogener Statistiken aus Datenbanken oder zur Speicherung von Sicherungskopien) erh\u00e4lt Technetics Unterst\u00fctzung von externen Dienstleistern. Diese Dienstleister werden sorgf\u00e4ltig ausgew\u00e4hlt und erf\u00fcllen hohe Anforderungen an den Datenschutz und die Datensicherheit. Sie sind zur strikten Vertraulichkeit verpflichtet und verarbeiten personenbezogene Daten nur im Auftrag von Technetics und nach dessen Weisung. Rechtsgrundlage f\u00fcr die Einschaltung solcher Dienstleister ist Artikel 28 GDPR.<\/p>\n<p>Au\u00dfer in den in dieser Datenschutzerkl\u00e4rung genannten F\u00e4llen gibt Technetics Daten ohne ausdr\u00fcckliche Einwilligung des Nutzers nur dann an Dritte weiter, wenn dies gesetzlich oder durch beh\u00f6rdliche oder gerichtliche Anordnung vorgeschrieben ist.<\/p>\n<h4>4. Ort der Datenverarbeitung<\/h4>\n<p>Die Technetics-Website wird von EPIC of Wisconsin, Inc., 300 S. 6th Ave., West Bend, WI 53095 U.S.A. gehostet. EPIC speichert die \u00fcber die Technetics-Website erfassten Daten (einschlie\u00dflich Cookies) auf seinen Servern in den Vereinigten Staaten. Der Zugriff auf die Daten ist auf Mitarbeiter von Technetics und EPIC beschr\u00e4nkt. Gem\u00e4\u00df Artikel 46 GDPR haben Technetics und EPIC Standard-Datenschutzklauseln vereinbart, um angemessene Garantien f\u00fcr die \u00dcbertragung von Daten au\u00dferhalb der EU zu gew\u00e4hrleisten.<\/p>\n<h4>5. Lagerzeit<\/h4>\n<p>Nutzungsdaten werden so lange gespeichert, wie sie f\u00fcr die beschriebenen Zwecke erforderlich sind oder bis ein Nutzer seine Einwilligung widerruft, sofern nicht gesetzliche Bestimmungen eine l\u00e4ngere Aufbewahrungsfrist vorsehen.<\/p>\n<h4>6. Rechte der Benutzer<\/h4>\n<p>Benutzer, die detaillierte Informationen \u00fcber die Verarbeitung der sie betreffenden personenbezogenen Daten w\u00fcnschen, k\u00f6nnen sich jederzeit an Technetics wenden. Sie k\u00f6nnen auch verlangen, dass ihnen die Daten, die sie Technetics zur Verf\u00fcgung gestellt haben, in einem strukturierten, g\u00e4ngigen und maschinenlesbaren Format zur Verf\u00fcgung gestellt werden oder dass diese Daten an einen Dritten \u00fcbermittelt werden. Stellt der Nutzer fest, dass die \u00fcber ihn gespeicherten Daten unrichtig oder unvollst\u00e4ndig sind, kann er jederzeit die unverz\u00fcgliche Berichtigung oder Vervollst\u00e4ndigung dieser Daten verlangen. Unter den Voraussetzungen der Artikel 17 und 18 DSGVO kann der Nutzer auch die L\u00f6schung oder die Einschr\u00e4nkung der Verarbeitung der personenbezogenen Daten verlangen. Die Nutzer haben au\u00dferdem das Recht, eine Beschwerde bei der f\u00fcr Technetics zust\u00e4ndigen Aufsichtsbeh\u00f6rde einzureichen.<\/p>\n<h4>7. Kontaktinformationen<\/h4>\n<p>Der Nutzer kann sich jederzeit mit Fragen zur Verarbeitung personenbezogener Daten durch Technetics und zur Aus\u00fcbung von Rechten, die dem Nutzer gegen diese Verarbeitung zustehen, an die im einleitenden Absatz dieser Datenschutzerkl\u00e4rung genannte Adresse wenden.<\/p>\n<\/div><\/section><\/p><\/div>","protected":false},"excerpt":{"rendered":"","protected":false},"author":1,"featured_media":0,"parent":0,"menu_order":0,"comment_status":"closed","ping_status":"closed","template":"","meta":{"inline_featured_image":false,"footnotes":""},"classification":[],"class_list":["post-2999","page","type-page","status-publish","hentry"],"yoast_head":"<!-- This site is optimized with the Yoast SEO plugin v25.2 - https:\/\/yoast.com\/wordpress\/plugins\/seo\/ -->\n<title>GDPR - Technetics Group<\/title>\n<meta name=\"robots\" content=\"index, follow, max-snippet:-1, max-image-preview:large, max-video-preview:-1\" \/>\n<link rel=\"canonical\" href=\"https:\/\/technetics.com\/de\/gdpr\/\" \/>\n<meta property=\"og:locale\" content=\"de_DE\" \/>\n<meta property=\"og:type\" content=\"article\" \/>\n<meta property=\"og:title\" content=\"GDPR - Technetics Group\" \/>\n<meta property=\"og:url\" content=\"https:\/\/technetics.com\/de\/gdpr\/\" \/>\n<meta property=\"og:site_name\" content=\"Technetics Group\" \/>\n<meta property=\"article:publisher\" content=\"https:\/\/www.facebook.com\/TechneticsGroup\/\" \/>\n<meta property=\"article:modified_time\" content=\"2022-11-18T14:12:10+00:00\" \/>\n<meta property=\"og:image\" content=\"https:\/\/technetics.com\/wp-content\/uploads\/2025\/04\/technetics-logo-color.png\" \/>\n\t<meta property=\"og:image:width\" content=\"1718\" \/>\n\t<meta property=\"og:image:height\" content=\"488\" \/>\n\t<meta property=\"og:image:type\" content=\"image\/png\" \/>\n<meta name=\"twitter:card\" content=\"summary_large_image\" \/>\n<meta name=\"twitter:site\" content=\"@TechneticsGroup\" \/>\n<meta name=\"twitter:label1\" content=\"Gesch\u00e4tzte Lesezeit\" \/>\n\t<meta name=\"twitter:data1\" content=\"9 Minuten\" \/>\n<script type=\"application\/ld+json\" class=\"yoast-schema-graph\">{\"@context\":\"https:\/\/schema.org\",\"@graph\":[{\"@type\":\"WebPage\",\"@id\":\"https:\/\/technetics.com\/ko\/gdpr\/\",\"url\":\"https:\/\/technetics.com\/ko\/gdpr\/\",\"name\":\"GDPR - Technetics Group\",\"isPartOf\":{\"@id\":\"https:\/\/technetics.com\/#website\"},\"datePublished\":\"2020-12-16T22:03:31+00:00\",\"dateModified\":\"2022-11-18T14:12:10+00:00\",\"breadcrumb\":{\"@id\":\"https:\/\/technetics.com\/ko\/gdpr\/#breadcrumb\"},\"inLanguage\":\"de-DE\",\"potentialAction\":[{\"@type\":\"ReadAction\",\"target\":[\"https:\/\/technetics.com\/ko\/gdpr\/\"]}]},{\"@type\":\"BreadcrumbList\",\"@id\":\"https:\/\/technetics.com\/ko\/gdpr\/#breadcrumb\",\"itemListElement\":[{\"@type\":\"ListItem\",\"position\":1,\"name\":\"Home\",\"item\":\"https:\/\/technetics.com\/\"},{\"@type\":\"ListItem\",\"position\":2,\"name\":\"GDPR\"}]},{\"@type\":\"WebSite\",\"@id\":\"https:\/\/technetics.com\/#website\",\"url\":\"https:\/\/technetics.com\/\",\"name\":\"Technetics Group\",\"description\":\"Confidence For Critical Applications\",\"publisher\":{\"@id\":\"https:\/\/technetics.com\/#organization\"},\"potentialAction\":[{\"@type\":\"SearchAction\",\"target\":{\"@type\":\"EntryPoint\",\"urlTemplate\":\"https:\/\/technetics.com\/?s={search_term_string}\"},\"query-input\":{\"@type\":\"PropertyValueSpecification\",\"valueRequired\":true,\"valueName\":\"search_term_string\"}}],\"inLanguage\":\"de-DE\"},{\"@type\":\"Organization\",\"@id\":\"https:\/\/technetics.com\/#organization\",\"name\":\"Technetics Group\",\"url\":\"https:\/\/technetics.com\/\",\"logo\":{\"@type\":\"ImageObject\",\"inLanguage\":\"de-DE\",\"@id\":\"https:\/\/technetics.com\/#\/schema\/logo\/image\/\",\"url\":\"https:\/\/technetics.com\/wp-content\/uploads\/2025\/04\/technetics-logo-color.png\",\"contentUrl\":\"https:\/\/technetics.com\/wp-content\/uploads\/2025\/04\/technetics-logo-color.png\",\"width\":1718,\"height\":488,\"caption\":\"Technetics Group\"},\"image\":{\"@id\":\"https:\/\/technetics.com\/#\/schema\/logo\/image\/\"},\"sameAs\":[\"https:\/\/www.facebook.com\/TechneticsGroup\/\",\"https:\/\/x.com\/TechneticsGroup\",\"https:\/\/www.linkedin.com\/company\/technetics-group\/\",\"https:\/\/www.youtube.com\/user\/TechneticsGroup\"]}]}<\/script>\n<!-- \/ Yoast SEO plugin. -->","yoast_head_json":{"title":"GDPR - Technetics Group","robots":{"index":"index","follow":"follow","max-snippet":"max-snippet:-1","max-image-preview":"max-image-preview:large","max-video-preview":"max-video-preview:-1"},"canonical":"https:\/\/technetics.com\/de\/gdpr\/","og_locale":"de_DE","og_type":"article","og_title":"GDPR - Technetics Group","og_url":"https:\/\/technetics.com\/de\/gdpr\/","og_site_name":"Technetics Group","article_publisher":"https:\/\/www.facebook.com\/TechneticsGroup\/","article_modified_time":"2022-11-18T14:12:10+00:00","og_image":[{"width":1718,"height":488,"url":"https:\/\/technetics.com\/wp-content\/uploads\/2025\/04\/technetics-logo-color.png","type":"image\/png"}],"twitter_card":"summary_large_image","twitter_site":"@TechneticsGroup","twitter_misc":{"Gesch\u00e4tzte Lesezeit":"9 Minuten"},"schema":{"@context":"https:\/\/schema.org","@graph":[{"@type":"WebPage","@id":"https:\/\/technetics.com\/ko\/gdpr\/","url":"https:\/\/technetics.com\/ko\/gdpr\/","name":"GDPR - Technetics Group","isPartOf":{"@id":"https:\/\/technetics.com\/#website"},"datePublished":"2020-12-16T22:03:31+00:00","dateModified":"2022-11-18T14:12:10+00:00","breadcrumb":{"@id":"https:\/\/technetics.com\/ko\/gdpr\/#breadcrumb"},"inLanguage":"de-DE","potentialAction":[{"@type":"ReadAction","target":["https:\/\/technetics.com\/ko\/gdpr\/"]}]},{"@type":"BreadcrumbList","@id":"https:\/\/technetics.com\/ko\/gdpr\/#breadcrumb","itemListElement":[{"@type":"ListItem","position":1,"name":"Home","item":"https:\/\/technetics.com\/"},{"@type":"ListItem","position":2,"name":"GDPR"}]},{"@type":"WebSite","@id":"https:\/\/technetics.com\/#website","url":"https:\/\/technetics.com\/","name":"Technetics Group","description":"Confidence For Critical Applications","publisher":{"@id":"https:\/\/technetics.com\/#organization"},"potentialAction":[{"@type":"SearchAction","target":{"@type":"EntryPoint","urlTemplate":"https:\/\/technetics.com\/?s={search_term_string}"},"query-input":{"@type":"PropertyValueSpecification","valueRequired":true,"valueName":"search_term_string"}}],"inLanguage":"de-DE"},{"@type":"Organization","@id":"https:\/\/technetics.com\/#organization","name":"Technetics Group","url":"https:\/\/technetics.com\/","logo":{"@type":"ImageObject","inLanguage":"de-DE","@id":"https:\/\/technetics.com\/#\/schema\/logo\/image\/","url":"https:\/\/technetics.com\/wp-content\/uploads\/2025\/04\/technetics-logo-color.png","contentUrl":"https:\/\/technetics.com\/wp-content\/uploads\/2025\/04\/technetics-logo-color.png","width":1718,"height":488,"caption":"Technetics Group"},"image":{"@id":"https:\/\/technetics.com\/#\/schema\/logo\/image\/"},"sameAs":["https:\/\/www.facebook.com\/TechneticsGroup\/","https:\/\/x.com\/TechneticsGroup","https:\/\/www.linkedin.com\/company\/technetics-group\/","https:\/\/www.youtube.com\/user\/TechneticsGroup"]}]}},"_links":{"self":[{"href":"https:\/\/technetics.com\/de\/wp-json\/wp\/v2\/pages\/2999","targetHints":{"allow":["GET"]}}],"collection":[{"href":"https:\/\/technetics.com\/de\/wp-json\/wp\/v2\/pages"}],"about":[{"href":"https:\/\/technetics.com\/de\/wp-json\/wp\/v2\/types\/page"}],"author":[{"embeddable":true,"href":"https:\/\/technetics.com\/de\/wp-json\/wp\/v2\/users\/1"}],"replies":[{"embeddable":true,"href":"https:\/\/technetics.com\/de\/wp-json\/wp\/v2\/comments?post=2999"}],"version-history":[{"count":5,"href":"https:\/\/technetics.com\/de\/wp-json\/wp\/v2\/pages\/2999\/revisions"}],"predecessor-version":[{"id":11006,"href":"https:\/\/technetics.com\/de\/wp-json\/wp\/v2\/pages\/2999\/revisions\/11006"}],"wp:attachment":[{"href":"https:\/\/technetics.com\/de\/wp-json\/wp\/v2\/media?parent=2999"}],"wp:term":[{"taxonomy":"classification","embeddable":true,"href":"https:\/\/technetics.com\/de\/wp-json\/wp\/v2\/classification?post=2999"}],"curies":[{"name":"wp","href":"https:\/\/api.w.org\/{rel}","templated":true}]}}