{"id":340,"date":"2020-10-29T18:55:01","date_gmt":"2020-10-29T18:55:01","guid":{"rendered":"https:\/\/live-technetics.pantheonsite.io\/?page_id=340"},"modified":"2024-05-03T11:10:04","modified_gmt":"2024-05-03T15:10:04","slug":"peek-shapes-and-components","status":"publish","type":"page","link":"https:\/\/technetics.com\/de\/technetics-products\/peek-shapes-and-components\/","title":{"rendered":"PEEK-Formen &amp; Komponenten"},"content":{"rendered":"<style type=\"text\/css\" data-created_by=\"avia_inline_auto\" id=\"style-css-av-fy931-af6ec751228c05b210127d67ed85c49f\">\n.avia-section.av-fy931-af6ec751228c05b210127d67ed85c49f .av-parallax .av-parallax-inner{\nbackground-repeat:no-repeat;\nbackground-image:url(https:\/\/technetics.com\/wp-content\/uploads\/2020\/11\/peek-shapes-and-components_v3.jpg);\nbackground-position:50% 50%;\nbackground-attachment:scroll;\n}\n<\/style>\n<div id='interior-page-header-image'  class='avia-section av-fy931-af6ec751228c05b210127d67ed85c49f main_color avia-section-default avia-no-border-styling  avia-builder-el-0  el_before_av_section  avia-builder-el-first  avia-full-stretch av-parallax-section avia-bg-style-parallax container_wrap fullsize'  data-section-bg-repeat='stretch'><div class='av-parallax' data-avia-parallax-ratio='0.3' ><div class='av-parallax-inner main_color avia-full-stretch'><\/div><\/div><div class='container av-section-cont-open' ><main  role=\"main\" itemprop=\"mainContentOfPage\"  class='template-page content  av-content-full alpha units'><div class='post-entry post-entry-type-page post-entry-340'><div class='entry-content-wrapper clearfix'>\n<\/div><\/div><\/main><!-- close content main element --><\/div><\/div><div id='av_section_2'  class='avia-section av-kgvlxp99-c9acdad4986b5cb5938aec7e4bdf2f71 main_color avia-section-default avia-no-border-styling  avia-builder-el-1  el_after_av_section  el_before_av_button  interior-page-intro-paragraph avia-bg-style-scroll container_wrap fullsize'  ><div class='container av-section-cont-open' ><div class='template-page content  av-content-full alpha units'><div class='post-entry post-entry-type-page post-entry-340'><div class='entry-content-wrapper clearfix'>\n\n<style type=\"text\/css\" data-created_by=\"avia_inline_auto\" id=\"style-css-av-90j45-ff9d9e9bb4ca36f0b722e023366d31f9\">\n.flex_column.av-90j45-ff9d9e9bb4ca36f0b722e023366d31f9{\nborder-radius:0px 0px 0px 0px;\npadding:0px 0px 0px 0px;\n}\n<\/style>\n<div  class='flex_column av-90j45-ff9d9e9bb4ca36f0b722e023366d31f9 av_one_full  avia-builder-el-2  avia-builder-el-no-sibling  first flex_column_div av-zero-column-padding'     ><p>\n<style type=\"text\/css\" data-created_by=\"avia_inline_auto\" id=\"style-css-av-kf8stopq-4cf6a43b483a5e3dac9eff600575fa38\">\n#top .hr.av-kf8stopq-4cf6a43b483a5e3dac9eff600575fa38{\nmargin-top:30px;\nmargin-bottom:30px;\n}\n.hr.av-kf8stopq-4cf6a43b483a5e3dac9eff600575fa38 .hr-inner{\nwidth:50px;\n}\n<\/style>\n<div  id=\"center-accent-line\"  class='hr av-kf8stopq-4cf6a43b483a5e3dac9eff600575fa38 hr-custom  avia-builder-el-3  el_before_av_textblock  avia-builder-el-first  hr-center hr-icon-no'><span class='hr-inner inner-border-av-border-thin'><span class=\"hr-inner-style\"><\/span><\/span><\/div><br \/>\n<section  class='av_textblock_section av-kgvndh38-e873762f01d45cb939f2e63232164d9c'   itemscope=\"itemscope\" itemtype=\"https:\/\/schema.org\/CreativeWork\" ><div class='avia_textblock intro-paragraph'  itemprop=\"text\" ><h1>Wichtiges Update zu unseren PEEK-Formen und -Komponenten<\/h1>\n<\/div><\/section><br \/>\n\n<style type=\"text\/css\" data-created_by=\"avia_inline_auto\" id=\"style-css-av-kmnhosvx-9caca6c82a7043153db3b88fdd2c7905\">\n#top .hr.hr-invisible.av-kmnhosvx-9caca6c82a7043153db3b88fdd2c7905{\nheight:8px;\n}\n<\/style>\n<div  class='hr av-kmnhosvx-9caca6c82a7043153db3b88fdd2c7905 hr-invisible  avia-builder-el-5  el_after_av_textblock  el_before_av_textblock'><span class='hr-inner'><span class=\"hr-inner-style\"><\/span><\/span><\/div><br \/>\n<section  class='av_textblock_section av-kgvndh38-ae091b428ffc5c78971a4bc0559ac69c'   itemscope=\"itemscope\" itemtype=\"https:\/\/schema.org\/CreativeWork\" ><div class='avia_textblock'  itemprop=\"text\" ><p>Wir bei Technetics Group bewerten unser Produktangebot kontinuierlich, um sicherzustellen, dass es mit unseren strategischen Zielen \u00fcbereinstimmt und den sich entwickelnden Anforderungen der hochspezialisierten M\u00e4rkte, die wir bedienen, gerecht wird. Nach sorgf\u00e4ltiger Abw\u00e4gung haben wir uns entschieden, unser Angebot an PEEK Formen und Komponenten einzustellen.<\/p>\n<p>W\u00e4hrend diese Produkte in verschiedenen anspruchsvollen Anwendungen in unterschiedlichen Branchen eine entscheidende Rolle gespielt haben, erm\u00f6glicht uns dieser Schritt, uns noch st\u00e4rker auf unsere Kernkompetenzen zu konzentrieren - die Entwicklung und Herstellung der wichtigsten Dichtungssysteme und -l\u00f6sungen f\u00fcr unsere Kunden.<\/p>\n<h3><strong>Kontinuierliches Engagement f\u00fcr Spitzenleistungen<\/strong><\/h3>\n<p>Wir wissen, wie wichtig zuverl\u00e4ssige und leistungsstarke Dichtungsl\u00f6sungen f\u00fcr Ihren Betrieb sind. Aus diesem Grund unterst\u00fctzt unser Team Ihre Projekte mit unserem umfassenden Fachwissen in der Konstruktion kundenspezifischer Dichtungen und Komponenten. Mit jahrzehntelanger Erfahrung in der Erbringung au\u00dfergew\u00f6hnlicher Leistungen unter schwierigsten Bedingungen sind wir in der Lage, Ihre Anforderungen pr\u00e4zise zu erf\u00fcllen.<\/p>\n<h3><strong>Ma\u00dfgeschneiderte L\u00f6sungen f\u00fcr Ihre einzigartigen Bed\u00fcrfnisse<\/strong><\/h3>\n<p>Unser Engagement f\u00fcr Innovation, Qualit\u00e4t und hervorragenden Service ist unersch\u00fctterlich. Ganz gleich, ob Sie eine fortschrittliche Montage, eine sorgf\u00e4ltige kundenspezifische Dichtungskonstruktion oder fachkundige technische Unterst\u00fctzung ben\u00f6tigen, die Technetics Group bietet unvergleichliche F\u00e4higkeiten, um ma\u00dfgeschneiderte L\u00f6sungen f\u00fcr Ihre spezifischen Herausforderungen zu entwickeln.<\/p>\n<p>Wir haben uns auf eine breite Palette von Dichtungsl\u00f6sungen spezialisiert, darunter Hochleistungs-Metalldichtungen, Elastomer- und aufblasbare Dichtungen, Graphitdichtungen und vieles mehr, die f\u00fcr extreme Umgebungen und kritische Anwendungen konzipiert sind.<\/p>\n<p>Unser F&amp;E-Innovationslabor und unser Expertenteam stehen an der Spitze des technologischen Fortschritts und gew\u00e4hrleisten, dass wir die engsten Toleranzen einhalten und die strengsten Spezifikationen erf\u00fcllen k\u00f6nnen.<\/p>\n<p>Mit einer globalen Pr\u00e4senz und einer robusten Fertigungsinfrastruktur garantieren wir h\u00f6chste Qualit\u00e4ts- und Zuverl\u00e4ssigkeitsstandards.<\/p>\n<h3><strong>Blick nach vorn<\/strong><\/h3>\n<p>Die Technetics Group ist mehr als nur ein Lieferant; wir sind Ihr strategischer Partner bei der Bew\u00e4ltigung der komplexen Herausforderungen der heutigen Industrie. Auch wenn wir keine PEEK-Formen und -Komponenten mehr anbieten werden, bleibt unsere Vision, Innovationen voranzutreiben und L\u00f6sungen zu liefern, die Leistung und Effizienz verbessern, unver\u00e4ndert.<\/p>\n<p>Wenn Sie Fragen haben oder besprechen m\u00f6chten, wie wir Sie bei Ihrem n\u00e4chsten Projekt unterst\u00fctzen k\u00f6nnen, wenden Sie sich bitte an unser Support-Team. Gemeinsam k\u00f6nnen wir die vielf\u00e4ltigen M\u00f6glichkeiten ausloten und eine L\u00f6sung erarbeiten, die Ihren Erfolg vorantreibt.<\/p>\n<\/div><\/section><\/p><\/div><\/div><\/div><\/div><!-- close content main div --><\/div><\/div><div id='after_section_2'  class='main_color av_default_container_wrap container_wrap fullsize'  ><div class='container av-section-cont-open' ><div class='template-page content  av-content-full alpha units'><div class='post-entry post-entry-type-page post-entry-340'><div class='entry-content-wrapper clearfix'><div  class='avia-button-wrap av-lvqt1pxx-a667b7949b6fe6897db09578e74ee098-wrap avia-button-center  avia-builder-el-7  el_after_av_section  avia-builder-el-no-sibling'><a href='https:\/\/technetics.com\/de\/about\/worldwide-locations\/'  class='avia-button av-lvqt1pxx-a667b7949b6fe6897db09578e74ee098 av-link-btn avia-icon_select-yes-left-icon avia-size-small avia-position-center avia-color-theme-color'   aria-label=\"Besprechen Sie Ihr Projekt mit der Technetics Group\"><span class='avia_button_icon avia_button_icon_left avia-iconfont avia-font-entypo-fontello' data-av_icon='\ue83c' data-av_iconfont='entypo-fontello' ><\/span><span class='avia_iconbox_title' >Besprechen Sie Ihr Projekt mit der Technetics Group<\/span><\/a><\/div><\/p>","protected":false},"excerpt":{"rendered":"","protected":false},"author":1,"featured_media":0,"parent":238,"menu_order":0,"comment_status":"closed","ping_status":"closed","template":"","meta":{"inline_featured_image":false,"footnotes":""},"classification":[],"class_list":["post-340","page","type-page","status-publish","hentry"],"yoast_head":"<!-- This site is optimized with the Yoast SEO plugin v25.2 - https:\/\/yoast.com\/wordpress\/plugins\/seo\/ -->\n<title>PEEK Shapes &amp; Components | Technetics Group<\/title>\n<meta name=\"description\" content=\"We specialize in a vast array of sealing solutions, including high-performance metal seals, elastomer and inflatable seals, graphite seals, and more, designed for extreme environments and critical applications. After careful consideration, we have made the decision to discontinue our range of PEEK Shapes &amp; Components.\" \/>\n<meta name=\"robots\" content=\"index, follow, max-snippet:-1, max-image-preview:large, max-video-preview:-1\" \/>\n<link rel=\"canonical\" href=\"https:\/\/technetics.com\/de\/technetics-products\/peek-shapes-and-components\/\" \/>\n<meta property=\"og:locale\" content=\"de_DE\" \/>\n<meta property=\"og:type\" content=\"article\" \/>\n<meta property=\"og:title\" content=\"PEEK Shapes &amp; Components | Technetics Group\" \/>\n<meta property=\"og:description\" content=\"We specialize in a vast array of sealing solutions, including high-performance metal seals, elastomer and inflatable seals, graphite seals, and more, designed for extreme environments and critical applications. After careful consideration, we have made the decision to discontinue our range of PEEK Shapes &amp; Components.\" \/>\n<meta property=\"og:url\" content=\"https:\/\/technetics.com\/de\/technetics-products\/peek-shapes-and-components\/\" \/>\n<meta property=\"og:site_name\" content=\"Technetics Group\" \/>\n<meta property=\"article:publisher\" content=\"https:\/\/www.facebook.com\/TechneticsGroup\/\" \/>\n<meta property=\"article:modified_time\" content=\"2024-05-03T15:10:04+00:00\" \/>\n<meta property=\"og:image\" content=\"https:\/\/technetics.com\/wp-content\/uploads\/2025\/04\/technetics-logo-color.png\" \/>\n\t<meta property=\"og:image:width\" content=\"1718\" \/>\n\t<meta property=\"og:image:height\" content=\"488\" \/>\n\t<meta property=\"og:image:type\" content=\"image\/png\" \/>\n<meta name=\"twitter:card\" content=\"summary_large_image\" \/>\n<meta name=\"twitter:site\" content=\"@TechneticsGroup\" \/>\n<meta name=\"twitter:label1\" content=\"Gesch\u00e4tzte Lesezeit\" \/>\n\t<meta name=\"twitter:data1\" content=\"2 Minuten\" \/>\n<script type=\"application\/ld+json\" class=\"yoast-schema-graph\">{\"@context\":\"https:\/\/schema.org\",\"@graph\":[{\"@type\":\"WebPage\",\"@id\":\"https:\/\/technetics.com\/technetics-products\/peek-shapes-and-components\/\",\"url\":\"https:\/\/technetics.com\/technetics-products\/peek-shapes-and-components\/\",\"name\":\"PEEK Shapes & Components | Technetics Group\",\"isPartOf\":{\"@id\":\"https:\/\/technetics.com\/#website\"},\"datePublished\":\"2020-10-29T18:55:01+00:00\",\"dateModified\":\"2024-05-03T15:10:04+00:00\",\"description\":\"We specialize in a vast array of sealing solutions, including high-performance metal seals, elastomer and inflatable seals, graphite seals, and more, designed for extreme environments and critical applications. After careful consideration, we have made the decision to discontinue our range of PEEK Shapes & Components.\",\"breadcrumb\":{\"@id\":\"https:\/\/technetics.com\/technetics-products\/peek-shapes-and-components\/#breadcrumb\"},\"inLanguage\":\"de-DE\",\"potentialAction\":[{\"@type\":\"ReadAction\",\"target\":[\"https:\/\/technetics.com\/technetics-products\/peek-shapes-and-components\/\"]}]},{\"@type\":\"BreadcrumbList\",\"@id\":\"https:\/\/technetics.com\/technetics-products\/peek-shapes-and-components\/#breadcrumb\",\"itemListElement\":[{\"@type\":\"ListItem\",\"position\":1,\"name\":\"Home\",\"item\":\"https:\/\/technetics.com\/\"},{\"@type\":\"ListItem\",\"position\":2,\"name\":\"Products\",\"item\":\"https:\/\/technetics.com\/ko\/technetics-products\/\"},{\"@type\":\"ListItem\",\"position\":3,\"name\":\"PEEK Shapes &#038; Components\"}]},{\"@type\":\"WebSite\",\"@id\":\"https:\/\/technetics.com\/#website\",\"url\":\"https:\/\/technetics.com\/\",\"name\":\"Technetics Group\",\"description\":\"Confidence For Critical Applications\",\"publisher\":{\"@id\":\"https:\/\/technetics.com\/#organization\"},\"potentialAction\":[{\"@type\":\"SearchAction\",\"target\":{\"@type\":\"EntryPoint\",\"urlTemplate\":\"https:\/\/technetics.com\/?s={search_term_string}\"},\"query-input\":{\"@type\":\"PropertyValueSpecification\",\"valueRequired\":true,\"valueName\":\"search_term_string\"}}],\"inLanguage\":\"de-DE\"},{\"@type\":\"Organization\",\"@id\":\"https:\/\/technetics.com\/#organization\",\"name\":\"Technetics Group\",\"url\":\"https:\/\/technetics.com\/\",\"logo\":{\"@type\":\"ImageObject\",\"inLanguage\":\"de-DE\",\"@id\":\"https:\/\/technetics.com\/#\/schema\/logo\/image\/\",\"url\":\"https:\/\/technetics.com\/wp-content\/uploads\/2025\/04\/technetics-logo-color.png\",\"contentUrl\":\"https:\/\/technetics.com\/wp-content\/uploads\/2025\/04\/technetics-logo-color.png\",\"width\":1718,\"height\":488,\"caption\":\"Technetics Group\"},\"image\":{\"@id\":\"https:\/\/technetics.com\/#\/schema\/logo\/image\/\"},\"sameAs\":[\"https:\/\/www.facebook.com\/TechneticsGroup\/\",\"https:\/\/x.com\/TechneticsGroup\",\"https:\/\/www.linkedin.com\/company\/technetics-group\/\",\"https:\/\/www.youtube.com\/user\/TechneticsGroup\"]}]}<\/script>\n<!-- \/ Yoast SEO plugin. -->","yoast_head_json":{"title":"PEEK Shapes & Components | Technetics Group","description":"We specialize in a vast array of sealing solutions, including high-performance metal seals, elastomer and inflatable seals, graphite seals, and more, designed for extreme environments and critical applications. After careful consideration, we have made the decision to discontinue our range of PEEK Shapes & Components.","robots":{"index":"index","follow":"follow","max-snippet":"max-snippet:-1","max-image-preview":"max-image-preview:large","max-video-preview":"max-video-preview:-1"},"canonical":"https:\/\/technetics.com\/de\/technetics-products\/peek-shapes-and-components\/","og_locale":"de_DE","og_type":"article","og_title":"PEEK Shapes & Components | Technetics Group","og_description":"We specialize in a vast array of sealing solutions, including high-performance metal seals, elastomer and inflatable seals, graphite seals, and more, designed for extreme environments and critical applications. After careful consideration, we have made the decision to discontinue our range of PEEK Shapes & Components.","og_url":"https:\/\/technetics.com\/de\/technetics-products\/peek-shapes-and-components\/","og_site_name":"Technetics Group","article_publisher":"https:\/\/www.facebook.com\/TechneticsGroup\/","article_modified_time":"2024-05-03T15:10:04+00:00","og_image":[{"width":1718,"height":488,"url":"https:\/\/technetics.com\/wp-content\/uploads\/2025\/04\/technetics-logo-color.png","type":"image\/png"}],"twitter_card":"summary_large_image","twitter_site":"@TechneticsGroup","twitter_misc":{"Gesch\u00e4tzte Lesezeit":"2 Minuten"},"schema":{"@context":"https:\/\/schema.org","@graph":[{"@type":"WebPage","@id":"https:\/\/technetics.com\/technetics-products\/peek-shapes-and-components\/","url":"https:\/\/technetics.com\/technetics-products\/peek-shapes-and-components\/","name":"PEEK Shapes & Components | Technetics Group","isPartOf":{"@id":"https:\/\/technetics.com\/#website"},"datePublished":"2020-10-29T18:55:01+00:00","dateModified":"2024-05-03T15:10:04+00:00","description":"We specialize in a vast array of sealing solutions, including high-performance metal seals, elastomer and inflatable seals, graphite seals, and more, designed for extreme environments and critical applications. After careful consideration, we have made the decision to discontinue our range of PEEK Shapes & Components.","breadcrumb":{"@id":"https:\/\/technetics.com\/technetics-products\/peek-shapes-and-components\/#breadcrumb"},"inLanguage":"de-DE","potentialAction":[{"@type":"ReadAction","target":["https:\/\/technetics.com\/technetics-products\/peek-shapes-and-components\/"]}]},{"@type":"BreadcrumbList","@id":"https:\/\/technetics.com\/technetics-products\/peek-shapes-and-components\/#breadcrumb","itemListElement":[{"@type":"ListItem","position":1,"name":"Home","item":"https:\/\/technetics.com\/"},{"@type":"ListItem","position":2,"name":"Products","item":"https:\/\/technetics.com\/ko\/technetics-products\/"},{"@type":"ListItem","position":3,"name":"PEEK Shapes &#038; Components"}]},{"@type":"WebSite","@id":"https:\/\/technetics.com\/#website","url":"https:\/\/technetics.com\/","name":"Technetics Group","description":"Confidence For Critical Applications","publisher":{"@id":"https:\/\/technetics.com\/#organization"},"potentialAction":[{"@type":"SearchAction","target":{"@type":"EntryPoint","urlTemplate":"https:\/\/technetics.com\/?s={search_term_string}"},"query-input":{"@type":"PropertyValueSpecification","valueRequired":true,"valueName":"search_term_string"}}],"inLanguage":"de-DE"},{"@type":"Organization","@id":"https:\/\/technetics.com\/#organization","name":"Technetics Group","url":"https:\/\/technetics.com\/","logo":{"@type":"ImageObject","inLanguage":"de-DE","@id":"https:\/\/technetics.com\/#\/schema\/logo\/image\/","url":"https:\/\/technetics.com\/wp-content\/uploads\/2025\/04\/technetics-logo-color.png","contentUrl":"https:\/\/technetics.com\/wp-content\/uploads\/2025\/04\/technetics-logo-color.png","width":1718,"height":488,"caption":"Technetics Group"},"image":{"@id":"https:\/\/technetics.com\/#\/schema\/logo\/image\/"},"sameAs":["https:\/\/www.facebook.com\/TechneticsGroup\/","https:\/\/x.com\/TechneticsGroup","https:\/\/www.linkedin.com\/company\/technetics-group\/","https:\/\/www.youtube.com\/user\/TechneticsGroup"]}]}},"_links":{"self":[{"href":"https:\/\/technetics.com\/de\/wp-json\/wp\/v2\/pages\/340","targetHints":{"allow":["GET"]}}],"collection":[{"href":"https:\/\/technetics.com\/de\/wp-json\/wp\/v2\/pages"}],"about":[{"href":"https:\/\/technetics.com\/de\/wp-json\/wp\/v2\/types\/page"}],"author":[{"embeddable":true,"href":"https:\/\/technetics.com\/de\/wp-json\/wp\/v2\/users\/1"}],"replies":[{"embeddable":true,"href":"https:\/\/technetics.com\/de\/wp-json\/wp\/v2\/comments?post=340"}],"version-history":[{"count":12,"href":"https:\/\/technetics.com\/de\/wp-json\/wp\/v2\/pages\/340\/revisions"}],"predecessor-version":[{"id":10950,"href":"https:\/\/technetics.com\/de\/wp-json\/wp\/v2\/pages\/340\/revisions\/10950"}],"up":[{"embeddable":true,"href":"https:\/\/technetics.com\/de\/wp-json\/wp\/v2\/pages\/238"}],"wp:attachment":[{"href":"https:\/\/technetics.com\/de\/wp-json\/wp\/v2\/media?parent=340"}],"wp:term":[{"taxonomy":"classification","embeddable":true,"href":"https:\/\/technetics.com\/de\/wp-json\/wp\/v2\/classification?post=340"}],"curies":[{"name":"wp","href":"https:\/\/api.w.org\/{rel}","templated":true}]}}