{"id":8854,"date":"2023-02-07T15:25:46","date_gmt":"2023-02-07T20:25:46","guid":{"rendered":"https:\/\/live-technetics.pantheonsite.io\/?page_id=8854"},"modified":"2023-04-06T12:00:39","modified_gmt":"2023-04-06T16:00:39","slug":"aerospace","status":"publish","type":"page","link":"https:\/\/technetics.com\/de\/aerospace\/","title":{"rendered":"Luft- und Raumfahrt"},"content":{"rendered":"<div class='clear'><\/div><div id='sub_menu1'  class='av-submenu-container av-lduot4nj-989bb317d034cd2bc1c3780964f4ccc1 main_color  avia-builder-el-0  el_before_av_one_full  avia-builder-el-first  av-sticky-submenu container_wrap fullsize' style='z-index:301' ><div class='container av-menu-mobile-disabled av-submenu-pos-center'><ul id=\"menu-aerospace\" class=\"av-subnav-menu\" role=\"menu\"><li role=\"menuitem\" id=\"menu-item-8855\" class=\"menu-item menu-item-type-post_type menu-item-object-page menu-item-top-level menu-item-top-level-1\"><a href=\"https:\/\/technetics.com\/de\/markets-and-applications\/commercial-aircraft\/\" itemprop=\"url\" tabindex=\"0\"><span class=\"avia-bullet\"><\/span><span class=\"avia-menu-text\">Kommerziell<\/span><span class=\"avia-menu-fx\"><span class=\"avia-arrow-wrap\"><span class=\"avia-arrow\"><\/span><\/span><\/span><\/a><\/li>\n<li role=\"menuitem\" id=\"menu-item-8856\" class=\"menu-item menu-item-type-post_type menu-item-object-page menu-item-top-level menu-item-top-level-2\"><a href=\"https:\/\/technetics.com\/de\/markets-and-applications\/military\/\" itemprop=\"url\" tabindex=\"0\"><span class=\"avia-bullet\"><\/span><span class=\"avia-menu-text\">Milit\u00e4r<\/span><span class=\"avia-menu-fx\"><span class=\"avia-arrow-wrap\"><span class=\"avia-arrow\"><\/span><\/span><\/span><\/a><\/li>\n<li role=\"menuitem\" id=\"menu-item-8857\" class=\"menu-item menu-item-type-post_type menu-item-object-page menu-item-top-level menu-item-top-level-3\"><a href=\"https:\/\/technetics.com\/de\/markets-and-applications\/aerospace-sealing-solutions-for-space-missions\/\" itemprop=\"url\" tabindex=\"0\"><span class=\"avia-bullet\"><\/span><span class=\"avia-menu-text\">Raumfahrtindustrie<\/span><span class=\"avia-menu-fx\"><span class=\"avia-arrow-wrap\"><span class=\"avia-arrow\"><\/span><\/span><\/span><\/a><\/li>\n<\/ul><\/div><\/div><div class='sticky_placeholder'><\/div><div id='after_submenu_1'  class='main_color av_default_container_wrap container_wrap fullsize'  ><div class='container av-section-cont-open' ><div class='template-page content  av-content-full alpha units'><div class='post-entry post-entry-type-page post-entry-8854'><div class='entry-content-wrapper clearfix'>\n\n<style type=\"text\/css\" data-created_by=\"avia_inline_auto\" id=\"style-css-av-df1lcm-86826fbe169ea5421a94d5366f4d2bb2\">\n.flex_column.av-df1lcm-86826fbe169ea5421a94d5366f4d2bb2{\nborder-radius:0px 0px 0px 0px;\npadding:0px 0px 0px 0px;\n}\n<\/style>\n<div  class='flex_column av-df1lcm-86826fbe169ea5421a94d5366f4d2bb2 av_one_full  avia-builder-el-1  el_after_av_submenu  el_before_av_one_half  avia-builder-el-first  first flex_column_div av-zero-column-padding'     ><section  class='av_textblock_section av-lflckzzw-3de0d3daeb78e7198fe0f33e4ace763a'   itemscope=\"itemscope\" itemtype=\"https:\/\/schema.org\/CreativeWork\" ><div class='avia_textblock'  itemprop=\"text\" ><p>Als f\u00fchrender Anbieter von kritischen Dichtungs- und Komponentenl\u00f6sungen ist die Technetics Group stolz darauf, die <a href=\"https:\/\/technetics.com\/de\/an-aerospace-spin-on-non-contacting-seal-technology\/\">Raumfahrtindustrie<\/a>, einschlie\u00dflich der <a href=\"https:\/\/technetics.com\/de\/markets-and-applications\/commercial-aircraft\/\">Verkehrsflugzeuge<\/a>, <a href=\"https:\/\/technetics.com\/de\/markets-and-applications\/military\/\">Milit\u00e4r<\/a>und <a href=\"https:\/\/technetics.com\/de\/markets-and-applications\/space\/\">Raum<\/a> M\u00e4rkte. Auch wenn jeder von ihnen seine eigenen Herausforderungen hat, so ben\u00f6tigen sie doch alle hochwertige, zuverl\u00e4ssige L\u00f6sungen, um Spitzenleistungen zu erbringen und die Sicherheit in den Vordergrund zu stellen.<\/p>\n<\/div><\/section><\/div>\n\n<style type=\"text\/css\" data-created_by=\"avia_inline_auto\" id=\"style-css-av-ccahl2-5217f12aa09c31b60865fa5b569d8102\">\n.flex_column.av-ccahl2-5217f12aa09c31b60865fa5b569d8102{\nborder-radius:0px 0px 0px 0px;\npadding:0px 0px 0px 0px;\n}\n<\/style>\n<div  class='flex_column av-ccahl2-5217f12aa09c31b60865fa5b569d8102 av_one_half  avia-builder-el-3  el_after_av_one_full  el_before_av_one_half  first flex_column_div av-zero-column-padding  column-top-margin'     ><section  class='av_textblock_section av-lflclxbd-30b35b63281608d452be0ef8dd0d3bae'   itemscope=\"itemscope\" itemtype=\"https:\/\/schema.org\/CreativeWork\" ><div class='avia_textblock'  itemprop=\"text\" ><h2>Markt f\u00fcr Verkehrsflugzeuge<\/h2>\n<p>In der <a href=\"https:\/\/technetics.com\/de\/markets-and-applications\/commercial-aircraft\/\">Verkehrsflugzeugmarkt<\/a>Technetics bietet Dichtungen f\u00fcr kritische Anwendungen wie Triebwerkshauptwellen und technische Komponenten f\u00fcr Systeme wie APU-Einl\u00e4sse und -Abgase. Dank unserer jahrzehntelangen Erfahrung halten unsere L\u00f6sungen extremen Temperaturen, Dr\u00fccken und anderen rauen Bedingungen stand, denen ein Flugzeug ausgesetzt ist. Diese Produkte tragen zur Verbesserung der Sicherheit und Effizienz von Verkehrsflugzeugen bei und erm\u00f6glichen Kosteneinsparungen durch erh\u00f6hte Langlebigkeit und geringeren Wartungsaufwand.<\/p>\n<\/div><\/section><\/div>\n\n<style type=\"text\/css\" data-created_by=\"avia_inline_auto\" id=\"style-css-av-bd9ccm-de0c6a959d74a8c58ec1a89b5fe37c4c\">\n.flex_column.av-bd9ccm-de0c6a959d74a8c58ec1a89b5fe37c4c{\nborder-radius:0px 0px 0px 0px;\npadding:0px 0px 0px 0px;\n}\n<\/style>\n<div  class='flex_column av-bd9ccm-de0c6a959d74a8c58ec1a89b5fe37c4c av_one_half  avia-builder-el-5  el_after_av_one_half  el_before_av_three_fifth  flex_column_div av-zero-column-padding  column-top-margin'     ><style type=\"text\/css\" data-created_by=\"avia_inline_auto\" id=\"style-css-av-lflcreup-19460ce1f5e8f81013bfe64af882a1c7\">\n.avia-image-container.av-lflcreup-19460ce1f5e8f81013bfe64af882a1c7 img.avia_image{\nbox-shadow:none;\n}\n.avia-image-container.av-lflcreup-19460ce1f5e8f81013bfe64af882a1c7 .av-image-caption-overlay-center{\ncolor:#ffffff;\n}\n<\/style>\n<div  class='avia-image-container av-lflcreup-19460ce1f5e8f81013bfe64af882a1c7 av-styling- av-img-linked avia-align-center  avia-builder-el-6  avia-builder-el-no-sibling'   itemprop=\"image\" itemscope=\"itemscope\" itemtype=\"https:\/\/schema.org\/ImageObject\" ><div class=\"avia-image-container-inner\"><div class=\"avia-image-overlay-wrap\"><a href=\"https:\/\/technetics.com\/de\/markets-and-applications\/commercial-aircraft\/\" class='avia_image'  target=\"_blank\"  rel=\"noopener noreferrer\" aria-label='Flugzeug-in-die-Wolken'><img decoding=\"async\" fetchpriority=\"high\" class='wp-image-9337 avia-img-lazy-loading-not-9337 avia_image' src=\"https:\/\/technetics.com\/wp-content\/uploads\/2023\/03\/Airplane-in-the-cloudes.jpg\" alt='Aircraft seal' title='Flugzeug-in-die-Wolken'  height=\"801\" width=\"1200\"  itemprop=\"thumbnailUrl\" srcset=\"https:\/\/technetics.com\/wp-content\/uploads\/2023\/03\/Airplane-in-the-cloudes.jpg 1200w, https:\/\/technetics.com\/wp-content\/uploads\/2023\/03\/Airplane-in-the-cloudes-768x513.jpg 768w, https:\/\/technetics.com\/wp-content\/uploads\/2023\/03\/Airplane-in-the-cloudes-18x12.jpg 18w, https:\/\/technetics.com\/wp-content\/uploads\/2023\/03\/Airplane-in-the-cloudes-705x471.jpg 705w\" sizes=\"(max-width: 1200px) 100vw, 1200px\" \/><\/a><\/div><\/div><\/div><\/div>\n\n<style type=\"text\/css\" data-created_by=\"avia_inline_auto\" id=\"style-css-av-8ihxc6-473d89e2791563f3c9e864c933a3121f\">\n.flex_column.av-8ihxc6-473d89e2791563f3c9e864c933a3121f{\nborder-radius:0px 0px 0px 0px;\npadding:0px 0px 0px 0px;\n}\n<\/style>\n<div  class='flex_column av-8ihxc6-473d89e2791563f3c9e864c933a3121f av_three_fifth  avia-builder-el-7  el_after_av_one_half  el_before_av_two_fifth  first flex_column_div av-zero-column-padding  column-top-margin'     ><section  class='av_textblock_section av-lflctte8-2a6ac38e08211d10013ba3ed487a3173'   itemscope=\"itemscope\" itemtype=\"https:\/\/schema.org\/CreativeWork\" ><div class='avia_textblock'  itemprop=\"text\" ><h2>Milit\u00e4rmarkt<\/h2>\n<p>Technetics bedient eine breite Palette von Anwendungen f\u00fcr die <a href=\"https:\/\/technetics.com\/de\/markets-and-applications\/military\/\" target=\"_blank\" rel=\"noopener\">Milit\u00e4rmarkt<\/a>einschlie\u00dflich Luft-, Land-, See- und Raumfahrtplattformen. Mit dem Schwerpunkt auf h\u00f6chster Qualit\u00e4t und Zuverl\u00e4ssigkeit tragen die L\u00f6sungen von Technetics dazu bei, dass missionskritische Systeme auch unter den anspruchsvollsten Bedingungen effektiv funktionieren. Von Dichtungssystemen f\u00fcr U-Boote bis hin zu technischen Komponenten f\u00fcr die Energieerzeugung liefern wir L\u00f6sungen, die zum Erfolg der Mission beitragen.<\/p>\n<\/div><\/section><br \/>\n\n<style type=\"text\/css\" data-created_by=\"avia_inline_auto\" id=\"style-css-av-lflcy74g-05c8819531a4c9c9135df318a934d634\">\n.avia-image-container.av-lflcy74g-05c8819531a4c9c9135df318a934d634 img.avia_image{\nbox-shadow:none;\n}\n.avia-image-container.av-lflcy74g-05c8819531a4c9c9135df318a934d634 .av-image-caption-overlay-center{\ncolor:#ffffff;\n}\n<\/style>\n<div  class='avia-image-container av-lflcy74g-05c8819531a4c9c9135df318a934d634 av-styling- av-img-linked avia-align-center  avia-builder-el-9  el_after_av_textblock  avia-builder-el-last'   itemprop=\"image\" itemscope=\"itemscope\" itemtype=\"https:\/\/schema.org\/ImageObject\" ><div class=\"avia-image-container-inner\"><div class=\"avia-image-overlay-wrap\"><a href=\"https:\/\/technetics.com\/de\/markets-and-applications\/military\/\" class='avia_image'  target=\"_blank\"  rel=\"noopener noreferrer\" aria-label='Milit\u00e4r-Flugzeug-F22'><img decoding=\"async\" fetchpriority=\"high\" class='wp-image-9338 avia-img-lazy-loading-not-9338 avia_image' src=\"https:\/\/technetics.com\/wp-content\/uploads\/2023\/03\/Military-Airplane-F22-845x684.jpg\" alt='Military Airplanes' title='Milit\u00e4r-Flugzeug-F22'  height=\"684\" width=\"845\"  itemprop=\"thumbnailUrl\" srcset=\"https:\/\/technetics.com\/wp-content\/uploads\/2023\/03\/Military-Airplane-F22-845x684.jpg 845w, https:\/\/technetics.com\/wp-content\/uploads\/2023\/03\/Military-Airplane-F22-495x400.jpg 495w\" sizes=\"(max-width: 845px) 100vw, 845px\" \/><\/a><\/div><\/div><\/div><\/p><\/div>\n\n<style type=\"text\/css\" data-created_by=\"avia_inline_auto\" id=\"style-css-av-79ceti-09f356cb734c9de4b2ae2a8aac368a7f\">\n.flex_column.av-79ceti-09f356cb734c9de4b2ae2a8aac368a7f{\nborder-radius:0px 0px 0px 0px;\npadding:0px 0px 0px 0px;\n}\n<\/style>\n<div  class='flex_column av-79ceti-09f356cb734c9de4b2ae2a8aac368a7f av_two_fifth  avia-builder-el-10  el_after_av_three_fifth  el_before_av_hr  flex_column_div av-zero-column-padding  column-top-margin'     ><\/div><div  class='hr av-2unj8m-99cece6b70aafe0ba38047de557b850d hr-default  avia-builder-el-12  el_after_av_two_fifth  el_before_av_one_half'><span class='hr-inner'><span class=\"hr-inner-style\"><\/span><\/span><\/div><\/p>\n\n<style type=\"text\/css\" data-created_by=\"avia_inline_auto\" id=\"style-css-av-6j1hba-f9c0ed9111505bf03cb722682641daa5\">\n.flex_column.av-6j1hba-f9c0ed9111505bf03cb722682641daa5{\nborder-radius:0px 0px 0px 0px;\npadding:0px 0px 0px 0px;\n}\n<\/style>\n<div  class='flex_column av-6j1hba-f9c0ed9111505bf03cb722682641daa5 av_one_half  avia-builder-el-13  el_after_av_hr  el_before_av_one_half  first flex_column_div av-zero-column-padding'     ><section  class='av_textblock_section av-lflczqoo-cd36c800dd4cab07227d7c20efaad061'   itemscope=\"itemscope\" itemtype=\"https:\/\/schema.org\/CreativeWork\" ><div class='avia_textblock'  itemprop=\"text\" ><h2>Weltraummarkt<\/h2>\n<p>Schlie\u00dflich werden unsere L\u00f6sungen f\u00fcr die <a href=\"https:\/\/technetics.com\/de\/markets-and-applications\/space\/\" target=\"_blank\" rel=\"noopener\">Weltraummarkt<\/a> unterst\u00fctzen kritische Systeme in den Bereichen Exploration, Satellitenkommunikation und Tr\u00e4gerraketen. Diese Anwendungen erfordern au\u00dfergew\u00f6hnliche Leistung und Zuverl\u00e4ssigkeit in den extremsten Umgebungen, vom Vakuum im Weltraum bis hin zu extremen Temperaturschwankungen. Ganz gleich, um welches Projekt es sich handelt, wir stellen uns der Herausforderung und sorgen daf\u00fcr, dass es in Houston KEINE Probleme gibt.<\/p>\n<\/div><\/section><\/div>\n\n<style type=\"text\/css\" data-created_by=\"avia_inline_auto\" id=\"style-css-av-4msrye-8214d09c072de2c2d0f8b373a090ff9f\">\n.flex_column.av-4msrye-8214d09c072de2c2d0f8b373a090ff9f{\nborder-radius:0px 0px 0px 0px;\npadding:0px 0px 0px 0px;\n}\n<\/style>\n<div  class='flex_column av-4msrye-8214d09c072de2c2d0f8b373a090ff9f av_one_half  avia-builder-el-15  el_after_av_one_half  el_before_av_one_full  flex_column_div av-zero-column-padding'     ><style type=\"text\/css\" data-created_by=\"avia_inline_auto\" id=\"style-css-av-lfld2v37-03c766bf200b3d968b126ee2d833ca94\">\n.avia-image-container.av-lfld2v37-03c766bf200b3d968b126ee2d833ca94 img.avia_image{\nbox-shadow:none;\n}\n.avia-image-container.av-lfld2v37-03c766bf200b3d968b126ee2d833ca94 .av-image-caption-overlay-center{\ncolor:#ffffff;\n}\n<\/style>\n<div  class='avia-image-container av-lfld2v37-03c766bf200b3d968b126ee2d833ca94 av-styling- av-img-linked avia-align-center  avia-builder-el-16  avia-builder-el-no-sibling'   itemprop=\"image\" itemscope=\"itemscope\" itemtype=\"https:\/\/schema.org\/ImageObject\" ><div class=\"avia-image-container-inner\"><div class=\"avia-image-overlay-wrap\"><a href=\"https:\/\/technetics.com\/de\/markets-and-applications\/aerospace-sealing-solutions-for-space-missions\/\" class='avia_image'  target=\"_blank\"  rel=\"noopener noreferrer\" aria-label='SpaceX-Crew-Drache'><img decoding=\"async\" fetchpriority=\"high\" class='wp-image-9339 avia-img-lazy-loading-not-9339 avia_image' src=\"https:\/\/technetics.com\/wp-content\/uploads\/2023\/03\/SpaceX-Crew-Dragon-845x684.jpg\" alt='Spaceship' title='SpaceX-Crew-Drache'  height=\"684\" width=\"845\"  itemprop=\"thumbnailUrl\" srcset=\"https:\/\/technetics.com\/wp-content\/uploads\/2023\/03\/SpaceX-Crew-Dragon-845x684.jpg 845w, https:\/\/technetics.com\/wp-content\/uploads\/2023\/03\/SpaceX-Crew-Dragon-495x400.jpg 495w\" sizes=\"(max-width: 845px) 100vw, 845px\" \/><\/a><\/div><\/div><\/div><\/div>\n\n<style type=\"text\/css\" data-created_by=\"avia_inline_auto\" id=\"style-css-av-2pepee-f7dc7969789f12e045d7049886b533f8\">\n.flex_column.av-2pepee-f7dc7969789f12e045d7049886b533f8{\nborder-radius:0px 0px 0px 0px;\npadding:0px 0px 0px 0px;\n}\n<\/style>\n<div  class='flex_column av-2pepee-f7dc7969789f12e045d7049886b533f8 av_one_full  avia-builder-el-17  el_after_av_one_half  avia-builder-el-last  first flex_column_div av-zero-column-padding  column-top-margin'     ><section  class='av_textblock_section av-lfld449t-7daa1264ffc14bb22737f9fd29fccb50'   itemscope=\"itemscope\" itemtype=\"https:\/\/schema.org\/CreativeWork\" ><div class='avia_textblock'  itemprop=\"text\" ><p>Dank unserer vielf\u00e4ltigen Erfahrungen in den Bereichen Materialwissenschaft, Technik und Fertigung sind wir in der Lage, innovative und zuverl\u00e4ssige L\u00f6sungen anzubieten, die den Anforderungen der Luft- und Raumfahrtindustrie gerecht werden. <a href=\"https:\/\/technetics.com\/de\/about\/worldwide-locations\/\" target=\"_blank\" rel=\"noopener\">Wir freuen uns auf die Zusammenarbeit mit Ihnen<\/a> und die Grenzen dessen, was in der Luft- und Raumfahrt m\u00f6glich ist, zu erweitern.<\/p>\n<\/div><\/section><\/div>","protected":false},"excerpt":{"rendered":"","protected":false},"author":5,"featured_media":0,"parent":0,"menu_order":0,"comment_status":"closed","ping_status":"closed","template":"","meta":{"inline_featured_image":false,"footnotes":""},"classification":[],"class_list":["post-8854","page","type-page","status-publish","hentry"],"yoast_head":"<!-- This site is optimized with the Yoast SEO plugin v25.2 - https:\/\/yoast.com\/wordpress\/plugins\/seo\/ -->\n<title>Aerospace - Technetics Group<\/title>\n<meta name=\"description\" content=\"Technetics Group proudly serves the aerospace industry, including the commercial aircraft, military, and space markets.\" \/>\n<meta name=\"robots\" content=\"index, follow, max-snippet:-1, max-image-preview:large, max-video-preview:-1\" \/>\n<link rel=\"canonical\" href=\"https:\/\/technetics.com\/de\/aerospace\/\" \/>\n<meta property=\"og:locale\" content=\"de_DE\" \/>\n<meta property=\"og:type\" content=\"article\" \/>\n<meta property=\"og:title\" content=\"Aerospace - Technetics Group\" \/>\n<meta property=\"og:description\" content=\"Technetics Group proudly serves the aerospace industry, including the commercial aircraft, military, and space markets.\" \/>\n<meta property=\"og:url\" content=\"https:\/\/technetics.com\/de\/aerospace\/\" \/>\n<meta property=\"og:site_name\" content=\"Technetics Group\" \/>\n<meta property=\"article:publisher\" content=\"https:\/\/www.facebook.com\/TechneticsGroup\/\" \/>\n<meta property=\"article:modified_time\" content=\"2023-04-06T16:00:39+00:00\" \/>\n<meta property=\"og:image\" content=\"https:\/\/technetics.com\/wp-content\/uploads\/2025\/04\/technetics-logo-color.png\" \/>\n\t<meta property=\"og:image:width\" content=\"1718\" \/>\n\t<meta property=\"og:image:height\" content=\"488\" \/>\n\t<meta property=\"og:image:type\" content=\"image\/png\" \/>\n<meta name=\"twitter:card\" content=\"summary_large_image\" \/>\n<meta name=\"twitter:site\" content=\"@TechneticsGroup\" \/>\n<meta name=\"twitter:label1\" content=\"Gesch\u00e4tzte Lesezeit\" \/>\n\t<meta name=\"twitter:data1\" content=\"4 Minuten\" \/>\n<script type=\"application\/ld+json\" class=\"yoast-schema-graph\">{\"@context\":\"https:\/\/schema.org\",\"@graph\":[{\"@type\":\"WebPage\",\"@id\":\"https:\/\/technetics.com\/zh\/aerospace\/\",\"url\":\"https:\/\/technetics.com\/zh\/aerospace\/\",\"name\":\"Aerospace - Technetics Group\",\"isPartOf\":{\"@id\":\"https:\/\/technetics.com\/#website\"},\"datePublished\":\"2023-02-07T20:25:46+00:00\",\"dateModified\":\"2023-04-06T16:00:39+00:00\",\"description\":\"Technetics Group proudly serves the aerospace industry, including the commercial aircraft, military, and space markets.\",\"breadcrumb\":{\"@id\":\"https:\/\/technetics.com\/zh\/aerospace\/#breadcrumb\"},\"inLanguage\":\"de-DE\",\"potentialAction\":[{\"@type\":\"ReadAction\",\"target\":[\"https:\/\/technetics.com\/zh\/aerospace\/\"]}]},{\"@type\":\"BreadcrumbList\",\"@id\":\"https:\/\/technetics.com\/zh\/aerospace\/#breadcrumb\",\"itemListElement\":[{\"@type\":\"ListItem\",\"position\":1,\"name\":\"Home\",\"item\":\"https:\/\/technetics.com\/ko\/\"},{\"@type\":\"ListItem\",\"position\":2,\"name\":\"Aerospace\"}]},{\"@type\":\"WebSite\",\"@id\":\"https:\/\/technetics.com\/#website\",\"url\":\"https:\/\/technetics.com\/\",\"name\":\"Technetics Group\",\"description\":\"Confidence For Critical Applications\",\"publisher\":{\"@id\":\"https:\/\/technetics.com\/#organization\"},\"potentialAction\":[{\"@type\":\"SearchAction\",\"target\":{\"@type\":\"EntryPoint\",\"urlTemplate\":\"https:\/\/technetics.com\/?s={search_term_string}\"},\"query-input\":{\"@type\":\"PropertyValueSpecification\",\"valueRequired\":true,\"valueName\":\"search_term_string\"}}],\"inLanguage\":\"de-DE\"},{\"@type\":\"Organization\",\"@id\":\"https:\/\/technetics.com\/#organization\",\"name\":\"Technetics Group\",\"url\":\"https:\/\/technetics.com\/\",\"logo\":{\"@type\":\"ImageObject\",\"inLanguage\":\"de-DE\",\"@id\":\"https:\/\/technetics.com\/#\/schema\/logo\/image\/\",\"url\":\"https:\/\/technetics.com\/wp-content\/uploads\/2025\/04\/technetics-logo-color.png\",\"contentUrl\":\"https:\/\/technetics.com\/wp-content\/uploads\/2025\/04\/technetics-logo-color.png\",\"width\":1718,\"height\":488,\"caption\":\"Technetics Group\"},\"image\":{\"@id\":\"https:\/\/technetics.com\/#\/schema\/logo\/image\/\"},\"sameAs\":[\"https:\/\/www.facebook.com\/TechneticsGroup\/\",\"https:\/\/x.com\/TechneticsGroup\",\"https:\/\/www.linkedin.com\/company\/technetics-group\/\",\"https:\/\/www.youtube.com\/user\/TechneticsGroup\"]}]}<\/script>\n<!-- \/ Yoast SEO plugin. -->","yoast_head_json":{"title":"Aerospace - Technetics Group","description":"Technetics Group proudly serves the aerospace industry, including the commercial aircraft, military, and space markets.","robots":{"index":"index","follow":"follow","max-snippet":"max-snippet:-1","max-image-preview":"max-image-preview:large","max-video-preview":"max-video-preview:-1"},"canonical":"https:\/\/technetics.com\/de\/aerospace\/","og_locale":"de_DE","og_type":"article","og_title":"Aerospace - Technetics Group","og_description":"Technetics Group proudly serves the aerospace industry, including the commercial aircraft, military, and space markets.","og_url":"https:\/\/technetics.com\/de\/aerospace\/","og_site_name":"Technetics Group","article_publisher":"https:\/\/www.facebook.com\/TechneticsGroup\/","article_modified_time":"2023-04-06T16:00:39+00:00","og_image":[{"width":1718,"height":488,"url":"https:\/\/technetics.com\/wp-content\/uploads\/2025\/04\/technetics-logo-color.png","type":"image\/png"}],"twitter_card":"summary_large_image","twitter_site":"@TechneticsGroup","twitter_misc":{"Gesch\u00e4tzte Lesezeit":"4 Minuten"},"schema":{"@context":"https:\/\/schema.org","@graph":[{"@type":"WebPage","@id":"https:\/\/technetics.com\/zh\/aerospace\/","url":"https:\/\/technetics.com\/zh\/aerospace\/","name":"Aerospace - Technetics Group","isPartOf":{"@id":"https:\/\/technetics.com\/#website"},"datePublished":"2023-02-07T20:25:46+00:00","dateModified":"2023-04-06T16:00:39+00:00","description":"Technetics Group proudly serves the aerospace industry, including the commercial aircraft, military, and space markets.","breadcrumb":{"@id":"https:\/\/technetics.com\/zh\/aerospace\/#breadcrumb"},"inLanguage":"de-DE","potentialAction":[{"@type":"ReadAction","target":["https:\/\/technetics.com\/zh\/aerospace\/"]}]},{"@type":"BreadcrumbList","@id":"https:\/\/technetics.com\/zh\/aerospace\/#breadcrumb","itemListElement":[{"@type":"ListItem","position":1,"name":"Home","item":"https:\/\/technetics.com\/ko\/"},{"@type":"ListItem","position":2,"name":"Aerospace"}]},{"@type":"WebSite","@id":"https:\/\/technetics.com\/#website","url":"https:\/\/technetics.com\/","name":"Technetics Group","description":"Confidence For Critical Applications","publisher":{"@id":"https:\/\/technetics.com\/#organization"},"potentialAction":[{"@type":"SearchAction","target":{"@type":"EntryPoint","urlTemplate":"https:\/\/technetics.com\/?s={search_term_string}"},"query-input":{"@type":"PropertyValueSpecification","valueRequired":true,"valueName":"search_term_string"}}],"inLanguage":"de-DE"},{"@type":"Organization","@id":"https:\/\/technetics.com\/#organization","name":"Technetics Group","url":"https:\/\/technetics.com\/","logo":{"@type":"ImageObject","inLanguage":"de-DE","@id":"https:\/\/technetics.com\/#\/schema\/logo\/image\/","url":"https:\/\/technetics.com\/wp-content\/uploads\/2025\/04\/technetics-logo-color.png","contentUrl":"https:\/\/technetics.com\/wp-content\/uploads\/2025\/04\/technetics-logo-color.png","width":1718,"height":488,"caption":"Technetics Group"},"image":{"@id":"https:\/\/technetics.com\/#\/schema\/logo\/image\/"},"sameAs":["https:\/\/www.facebook.com\/TechneticsGroup\/","https:\/\/x.com\/TechneticsGroup","https:\/\/www.linkedin.com\/company\/technetics-group\/","https:\/\/www.youtube.com\/user\/TechneticsGroup"]}]}},"_links":{"self":[{"href":"https:\/\/technetics.com\/de\/wp-json\/wp\/v2\/pages\/8854","targetHints":{"allow":["GET"]}}],"collection":[{"href":"https:\/\/technetics.com\/de\/wp-json\/wp\/v2\/pages"}],"about":[{"href":"https:\/\/technetics.com\/de\/wp-json\/wp\/v2\/types\/page"}],"author":[{"embeddable":true,"href":"https:\/\/technetics.com\/de\/wp-json\/wp\/v2\/users\/5"}],"replies":[{"embeddable":true,"href":"https:\/\/technetics.com\/de\/wp-json\/wp\/v2\/comments?post=8854"}],"version-history":[{"count":10,"href":"https:\/\/technetics.com\/de\/wp-json\/wp\/v2\/pages\/8854\/revisions"}],"predecessor-version":[{"id":11114,"href":"https:\/\/technetics.com\/de\/wp-json\/wp\/v2\/pages\/8854\/revisions\/11114"}],"wp:attachment":[{"href":"https:\/\/technetics.com\/de\/wp-json\/wp\/v2\/media?parent=8854"}],"wp:term":[{"taxonomy":"classification","embeddable":true,"href":"https:\/\/technetics.com\/de\/wp-json\/wp\/v2\/classification?post=8854"}],"curies":[{"name":"wp","href":"https:\/\/api.w.org\/{rel}","templated":true}]}}