{"id":8868,"date":"2023-02-07T15:33:26","date_gmt":"2023-02-07T20:33:26","guid":{"rendered":"https:\/\/live-technetics.pantheonsite.io\/?page_id=8868"},"modified":"2023-05-08T14:59:18","modified_gmt":"2023-05-08T18:59:18","slug":"energy","status":"publish","type":"page","link":"https:\/\/technetics.com\/de\/energy\/","title":{"rendered":"Energie"},"content":{"rendered":"<div class='clear'><\/div><div id='sub_menu1'  class='av-submenu-container av-ldup8eku-cd2765dd827b0aed7a2f9fd739e09791 main_color  avia-builder-el-0  el_before_av_one_full  avia-builder-el-first  av-sticky-submenu container_wrap fullsize' style='z-index:301' ><div class='container av-menu-mobile-disabled av-submenu-pos-center'><ul id=\"menu-energy\" class=\"av-subnav-menu\" role=\"menu\"><li role=\"menuitem\" id=\"menu-item-10187\" class=\"menu-item menu-item-type-post_type menu-item-object-page menu-item-top-level menu-item-top-level-1\"><a href=\"https:\/\/technetics.com\/de\/markets-and-applications\/renewable-energy\/critical-sealing-solutions-powering-the-future-of-the-hydrogen-industry\/\" itemprop=\"url\" tabindex=\"0\"><span class=\"avia-bullet\"><\/span><span class=\"avia-menu-text\">Wasserstoff<\/span><span class=\"avia-menu-fx\"><span class=\"avia-arrow-wrap\"><span class=\"avia-arrow\"><\/span><\/span><\/span><\/a><\/li>\n<li role=\"menuitem\" id=\"menu-item-8870\" class=\"menu-item menu-item-type-post_type menu-item-object-page menu-item-top-level menu-item-top-level-2\"><a href=\"https:\/\/technetics.com\/de\/markets-and-applications\/renewable-energy\/\" itemprop=\"url\" tabindex=\"0\"><span class=\"avia-bullet\"><\/span><span class=\"avia-menu-text\">Erneuerbare Energie<\/span><span class=\"avia-menu-fx\"><span class=\"avia-arrow-wrap\"><span class=\"avia-arrow\"><\/span><\/span><\/span><\/a><\/li>\n<li role=\"menuitem\" id=\"menu-item-8871\" class=\"menu-item menu-item-type-post_type menu-item-object-page menu-item-top-level menu-item-top-level-3\"><a href=\"https:\/\/technetics.com\/de\/markets-and-applications\/nuclear\/\" itemprop=\"url\" tabindex=\"0\"><span class=\"avia-bullet\"><\/span><span class=\"avia-menu-text\">Kernkraft<\/span><span class=\"avia-menu-fx\"><span class=\"avia-arrow-wrap\"><span class=\"avia-arrow\"><\/span><\/span><\/span><\/a><\/li>\n<li role=\"menuitem\" id=\"menu-item-8872\" class=\"menu-item menu-item-type-post_type menu-item-object-page menu-item-top-level menu-item-top-level-4\"><a href=\"https:\/\/technetics.com\/de\/markets-and-applications\/oil-and-gas\/\" itemprop=\"url\" tabindex=\"0\"><span class=\"avia-bullet\"><\/span><span class=\"avia-menu-text\">\u00d6l &amp; Gas Industrie<\/span><span class=\"avia-menu-fx\"><span class=\"avia-arrow-wrap\"><span class=\"avia-arrow\"><\/span><\/span><\/span><\/a><\/li>\n<\/ul><\/div><\/div><div class='sticky_placeholder'><\/div><div id='after_submenu_1'  class='main_color av_default_container_wrap container_wrap fullsize'  ><div class='container av-section-cont-open' ><div class='template-page content  av-content-full alpha units'><div class='post-entry post-entry-type-page post-entry-8868'><div class='entry-content-wrapper clearfix'>\n\n<style type=\"text\/css\" data-created_by=\"avia_inline_auto\" id=\"style-css-av-flib6c-f5edf87a6869a3dcf3200c3eb9fd5a9f\">\n.flex_column.av-flib6c-f5edf87a6869a3dcf3200c3eb9fd5a9f{\nborder-radius:0px 0px 0px 0px;\npadding:0px 0px 0px 0px;\n}\n<\/style>\n<div  class='flex_column av-flib6c-f5edf87a6869a3dcf3200c3eb9fd5a9f av_one_full  avia-builder-el-1  el_after_av_submenu  el_before_av_one_half  avia-builder-el-first  first flex_column_div av-zero-column-padding'     ><section  class='av_textblock_section av-lg3p14mv-cd2e969a1318c4c7f2a7a5059583a397'   itemscope=\"itemscope\" itemtype=\"https:\/\/schema.org\/CreativeWork\" ><div class='avia_textblock'  itemprop=\"text\" ><p>Angesichts des kontinuierlichen und schnellen Wandels der globalen Energielandschaft ist die Technetics Group ein wichtiger Partner bei der Bereitstellung innovativer und zuverl\u00e4ssiger Dichtungsl\u00f6sungen. Durch die Konzentration auf die neuen Bed\u00fcrfnisse der <a href=\"https:\/\/technetics.com\/de\/markets-and-applications\/new-energies\/\">neue Energien<\/a>, <a href=\"https:\/\/technetics.com\/de\/markets-and-applications\/nuclear\/\">Kernkraft<\/a>Technetics hat ein umfassendes Produkt- und Dienstleistungsportfolio entwickelt, um die sich st\u00e4ndig \u00e4ndernden Anforderungen dieser Branchen zu erf\u00fcllen. Wir sind bestrebt, qualitativ hochwertige L\u00f6sungen f\u00fcr kritische Dichtungen und Komponenten anzubieten, die eine ideale Mischung aus Technologie und Nachhaltigkeit gew\u00e4hrleisten.<\/p>\n<\/div><\/section><\/div>\n\n<style type=\"text\/css\" data-created_by=\"avia_inline_auto\" id=\"style-css-av-dg58tw-1efeefb9ccbf65e79606334a4ca1fcf5\">\n.flex_column.av-dg58tw-1efeefb9ccbf65e79606334a4ca1fcf5{\nborder-radius:0px 0px 0px 0px;\npadding:0px 0px 0px 0px;\n}\n<\/style>\n<div  class='flex_column av-dg58tw-1efeefb9ccbf65e79606334a4ca1fcf5 av_one_half  avia-builder-el-3  el_after_av_one_full  el_before_av_one_half  first flex_column_div av-zero-column-padding  column-top-margin'     ><section  class='av_textblock_section av-lg3p2g8q-c6f7fea45f7d3f215cdcf279dddc6e4d'   itemscope=\"itemscope\" itemtype=\"https:\/\/schema.org\/CreativeWork\" ><div class='avia_textblock'  itemprop=\"text\" ><h2>Erneuerbare Energie<\/h2>\n<p>Im Zuge der weltweiten Umstellung auf sauberere und effizientere Energiequellen wird die <a href=\"https:\/\/technetics.com\/de\/markets-and-applications\/new-energies\/\">neuer Energiemarkt<\/a> erf\u00e4hrt eine rasche Expansion, insbesondere durch Wasserstoff-, Elektrolyse- und Brennstoffzellentechnologien. Das Fachwissen von Technetics in Bezug auf Hochleistungsdichtungsl\u00f6sungen und technische Komponenten spielt eine wichtige Rolle bei der Unterst\u00fctzung dieses \u00dcbergangs. Mit Konstruktionsl\u00f6sungen, die komplexen Umweltbedingungen, hohen Betriebsdr\u00fccken und extremen Temperaturen standhalten. Anbieter neuer Energietechnologien werden von der Langlebigkeit und Effizienz ihrer erneuerbaren Energiesysteme profitieren.<\/p>\n<\/div><\/section><\/div>\n\n<style type=\"text\/css\" data-created_by=\"avia_inline_auto\" id=\"style-css-av-d5fnno-0a0a0cb8f111bed93cb7aac9cef9dbe0\">\n.flex_column.av-d5fnno-0a0a0cb8f111bed93cb7aac9cef9dbe0{\nborder-radius:0px 0px 0px 0px;\npadding:0px 0px 0px 0px;\n}\n<\/style>\n<div  class='flex_column av-d5fnno-0a0a0cb8f111bed93cb7aac9cef9dbe0 av_one_half  avia-builder-el-5  el_after_av_one_half  el_before_av_one_half  flex_column_div av-zero-column-padding  column-top-margin'     ><style type=\"text\/css\" data-created_by=\"avia_inline_auto\" id=\"style-css-av-lg3px8ar-a9b73841ec956233aadd09919e8b7be0\">\n.avia-image-container.av-lg3px8ar-a9b73841ec956233aadd09919e8b7be0 img.avia_image{\nbox-shadow:none;\n}\n.avia-image-container.av-lg3px8ar-a9b73841ec956233aadd09919e8b7be0 .av-image-caption-overlay-center{\ncolor:#ffffff;\n}\n<\/style>\n<div  class='avia-image-container av-lg3px8ar-a9b73841ec956233aadd09919e8b7be0 av-styling- av-img-linked avia-align-center  avia-builder-el-6  avia-builder-el-no-sibling'   itemprop=\"image\" itemscope=\"itemscope\" itemtype=\"https:\/\/schema.org\/ImageObject\" ><div class=\"avia-image-container-inner\"><div class=\"avia-image-overlay-wrap\"><a href=\"https:\/\/technetics.com\/de\/markets-and-applications\/renewable-energy\/\" class='avia_image'  target=\"_blank\"  rel=\"noopener noreferrer\" aria-label='Erneuerbare-Energien-Konzept'><img decoding=\"async\" fetchpriority=\"high\" class='wp-image-9398 avia-img-lazy-loading-not-9398 avia_image' src=\"https:\/\/technetics.com\/wp-content\/uploads\/2023\/04\/Renewable-Energy-Concept-845x684.jpg\" alt='Renewable Energy' title='Erneuerbare-Energien-Konzept'  height=\"684\" width=\"845\"  itemprop=\"thumbnailUrl\" srcset=\"https:\/\/technetics.com\/wp-content\/uploads\/2023\/04\/Renewable-Energy-Concept-845x684.jpg 845w, https:\/\/technetics.com\/wp-content\/uploads\/2023\/04\/Renewable-Energy-Concept-495x400.jpg 495w\" sizes=\"(max-width: 845px) 100vw, 845px\" \/><\/a><\/div><\/div><\/div><\/div>\n\n<style type=\"text\/css\" data-created_by=\"avia_inline_auto\" id=\"style-css-av-bfkpwk-19eda13ae5d114c26e748a9835d98c41\">\n.flex_column.av-bfkpwk-19eda13ae5d114c26e748a9835d98c41{\nborder-radius:0px 0px 0px 0px;\npadding:0px 0px 0px 0px;\n}\n<\/style>\n<div  class='flex_column av-bfkpwk-19eda13ae5d114c26e748a9835d98c41 av_one_half  avia-builder-el-7  el_after_av_one_half  el_before_av_one_half  first flex_column_div av-zero-column-padding  column-top-margin'     ><section  class='av_textblock_section av-lg3p47rt-497bc3216fed2b39b0e8e6f454f619bb'   itemscope=\"itemscope\" itemtype=\"https:\/\/schema.org\/CreativeWork\" ><div class='avia_textblock'  itemprop=\"text\" ><h2>Kernkraft<\/h2>\n<p>In der <a href=\"https:\/\/technetics.com\/de\/markets-and-applications\/nuclear\/\">Nuklearbereich<\/a>Technetics wei\u00df, dass Sicherheit und Zuverl\u00e4ssigkeit von gr\u00f6\u00dfter Bedeutung sind. Wir liefern kontinuierlich hochmoderne Dichtungsl\u00f6sungen, um die strengen Anforderungen von Kernkraftwerken zu erf\u00fcllen - wo st\u00e4ndige Ver\u00e4nderungen die Regel, nicht die Ausnahme zu sein scheinen. Unsere Ingenieure haben die fortschrittlichsten Technologien f\u00fcr Dichtungsl\u00f6sungen entwickelt, die den extremen Temperaturen, Dr\u00fccken und Strahlungswerten in Kernkraftwerken standhalten. Gemeinsam k\u00f6nnen wir einen sicheren, effizienten Betrieb und minimale Ausfallzeiten in diesen kritischen Anlagen gew\u00e4hrleisten.<\/p>\n<\/div><\/section><br \/>\n\n<style type=\"text\/css\" data-created_by=\"avia_inline_auto\" id=\"style-css-av-lg3pyr3y-e3743673ef41181bad93367717225ce4\">\n.avia-image-container.av-lg3pyr3y-e3743673ef41181bad93367717225ce4 img.avia_image{\nbox-shadow:none;\n}\n.avia-image-container.av-lg3pyr3y-e3743673ef41181bad93367717225ce4 .av-image-caption-overlay-center{\ncolor:#ffffff;\n}\n<\/style>\n<div  class='avia-image-container av-lg3pyr3y-e3743673ef41181bad93367717225ce4 av-styling- av-img-linked avia-align-center  avia-builder-el-9  el_after_av_textblock  avia-builder-el-last'   itemprop=\"image\" itemscope=\"itemscope\" itemtype=\"https:\/\/schema.org\/ImageObject\" ><div class=\"avia-image-container-inner\"><div class=\"avia-image-overlay-wrap\"><a href=\"https:\/\/technetics.com\/de\/markets-and-applications\/nuclear\/\" class='avia_image'  target=\"_blank\"  rel=\"noopener noreferrer\" aria-label='Kernenergie-Konzept'><img decoding=\"async\" fetchpriority=\"high\" class='wp-image-9399 avia-img-lazy-loading-not-9399 avia_image' src=\"https:\/\/technetics.com\/wp-content\/uploads\/2023\/04\/Nuclear-Energy-concept-845x684.jpg\" alt='Nuclear Seal, small modular reactors, high temperature gas reactor' title='Kernenergie-Konzept'  height=\"684\" width=\"845\"  itemprop=\"thumbnailUrl\" srcset=\"https:\/\/technetics.com\/wp-content\/uploads\/2023\/04\/Nuclear-Energy-concept-845x684.jpg 845w, https:\/\/technetics.com\/wp-content\/uploads\/2023\/04\/Nuclear-Energy-concept-495x400.jpg 495w\" sizes=\"(max-width: 845px) 100vw, 845px\" \/><\/a><\/div><\/div><\/div><\/p><\/div>\n\n<style type=\"text\/css\" data-created_by=\"avia_inline_auto\" id=\"style-css-av-93obc4-f6426716c17d32226cf0c7fdb15447dc\">\n.flex_column.av-93obc4-f6426716c17d32226cf0c7fdb15447dc{\nborder-radius:0px 0px 0px 0px;\npadding:0px 0px 0px 0px;\n}\n<\/style>\n<div  class='flex_column av-93obc4-f6426716c17d32226cf0c7fdb15447dc av_one_half  avia-builder-el-10  el_after_av_one_half  el_before_av_one_half  flex_column_div av-zero-column-padding  column-top-margin'     ><\/div>\n<style type=\"text\/css\" data-created_by=\"avia_inline_auto\" id=\"style-css-av-n05xw-e4633ce847436a3bddffd11c283e97b1\">\n.flex_column.av-n05xw-e4633ce847436a3bddffd11c283e97b1{\nborder-radius:0px 0px 0px 0px;\npadding:0px 0px 0px 0px;\n}\n<\/style>\n<div  class='flex_column av-n05xw-e4633ce847436a3bddffd11c283e97b1 av_one_half  avia-builder-el-12  el_after_av_one_half  el_before_av_one_half  first flex_column_div av-zero-column-padding  column-top-margin'     ><section  class='av_textblock_section av-lg3p7gs6-b98d7f3061fa6ff678539588c63c4506'   itemscope=\"itemscope\" itemtype=\"https:\/\/schema.org\/CreativeWork\" ><div class='avia_textblock'  itemprop=\"text\" ><h2>\u00d6l &amp; Gas<\/h2>\n<p>Unter st\u00e4ndigem Druck von mehreren Seiten hat die <a href=\"https:\/\/technetics.com\/de\/markets-and-applications\/oil-and-gas\/\">\u00d6l- und Gasindustrie<\/a> steht vor gro\u00dfen Herausforderungen, wie z. B. einer verst\u00e4rkten Kontrolle durch die Beh\u00f6rden und der Betonung der Umweltverantwortung. Um die Industrie dabei zu unterst\u00fctzen, so effizient wie m\u00f6glich zu arbeiten, arbeitet Technetics daran, fortschrittliche Dichtungsl\u00f6sungen und technische Komponenten anzubieten. Unsere Produkte halten nicht nur hohen Dr\u00fccken und Temperaturen stand, sondern sind auch f\u00fcr korrosive Umgebungen getestet, um die sichere und effektive F\u00f6rderung, Verarbeitung und den Transport von \u00d6l- und Gasressourcen zu gew\u00e4hrleisten.<\/p>\n<\/div><\/section><\/div><\/p>\n\n<style type=\"text\/css\" data-created_by=\"avia_inline_auto\" id=\"style-css-av-4wha9g-69d5918f0bc5da90d7ea0c9a3be7260f\">\n.flex_column.av-4wha9g-69d5918f0bc5da90d7ea0c9a3be7260f{\nborder-radius:0px 0px 0px 0px;\npadding:0px 0px 0px 0px;\n}\n<\/style>\n<div  class='flex_column av-4wha9g-69d5918f0bc5da90d7ea0c9a3be7260f av_one_half  avia-builder-el-14  el_after_av_one_half  el_before_av_one_full  flex_column_div av-zero-column-padding  column-top-margin'     ><style type=\"text\/css\" data-created_by=\"avia_inline_auto\" id=\"style-css-av-lg3pzxjf-52eaf1bd496e8ae048e91991e6604506\">\n.avia-image-container.av-lg3pzxjf-52eaf1bd496e8ae048e91991e6604506 img.avia_image{\nbox-shadow:none;\n}\n.avia-image-container.av-lg3pzxjf-52eaf1bd496e8ae048e91991e6604506 .av-image-caption-overlay-center{\ncolor:#ffffff;\n}\n<\/style>\n<div  class='avia-image-container av-lg3pzxjf-52eaf1bd496e8ae048e91991e6604506 av-styling- av-img-linked avia-align-center  avia-builder-el-15  avia-builder-el-no-sibling'   itemprop=\"image\" itemscope=\"itemscope\" itemtype=\"https:\/\/schema.org\/ImageObject\" ><div class=\"avia-image-container-inner\"><div class=\"avia-image-overlay-wrap\"><a href=\"https:\/\/technetics.com\/de\/markets-and-applications\/oil-and-gas\/\" class='avia_image'  target=\"_blank\"  rel=\"noopener noreferrer\" aria-label='\u00d6l- und Gas-Pipeline-Ventile'><img decoding=\"async\" fetchpriority=\"high\" class='wp-image-9400 avia-img-lazy-loading-not-9400 avia_image' src=\"https:\/\/technetics.com\/wp-content\/uploads\/2023\/04\/Oil-and-Gas-Pipeline-Valves-845x684.jpg\" alt='Oil and Gas pipeline valves' title='\u00d6l- und Gas-Pipeline-Ventile'  height=\"684\" width=\"845\"  itemprop=\"thumbnailUrl\" srcset=\"https:\/\/technetics.com\/wp-content\/uploads\/2023\/04\/Oil-and-Gas-Pipeline-Valves-845x684.jpg 845w, https:\/\/technetics.com\/wp-content\/uploads\/2023\/04\/Oil-and-Gas-Pipeline-Valves-495x400.jpg 495w\" sizes=\"(max-width: 845px) 100vw, 845px\" \/><\/a><\/div><\/div><\/div><\/div>\n\n<style type=\"text\/css\" data-created_by=\"avia_inline_auto\" id=\"style-css-av-39fq78-559cea69b324963b3a5be37c06ea31b7\">\n.flex_column.av-39fq78-559cea69b324963b3a5be37c06ea31b7{\nborder-radius:0px 0px 0px 0px;\npadding:0px 0px 0px 0px;\n}\n<\/style>\n<div  class='flex_column av-39fq78-559cea69b324963b3a5be37c06ea31b7 av_one_full  avia-builder-el-16  el_after_av_one_half  avia-builder-el-last  first flex_column_div av-zero-column-padding  column-top-margin'     ><section  class='av_textblock_section av-lg3p9ulx-4bdc340a26f6a947e2539130d0495ef5'   itemscope=\"itemscope\" itemtype=\"https:\/\/schema.org\/CreativeWork\" ><div class='avia_textblock'  itemprop=\"text\" ><p>Mit unserem breit gef\u00e4cherten Fachwissen in den Bereichen Materialwissenschaft, Technik und Fertigung sind wir einzigartig positioniert, um innovative, zuverl\u00e4ssige L\u00f6sungen f\u00fcr die Anforderungen der Energiebranche zu liefern.\u00a0<a href=\"https:\/\/technetics.com\/de\/about\/worldwide-locations\/\"><strong>Wir freuen uns auf die Zusammenarbeit mit Ihnen<\/strong><\/a>\u00a0und die Grenzen dessen, was f\u00fcr den k\u00fcnftigen Energiebedarf der Welt m\u00f6glich ist, zu erweitern.<\/p>\n<\/div><\/section><\/div>","protected":false},"excerpt":{"rendered":"","protected":false},"author":5,"featured_media":0,"parent":0,"menu_order":0,"comment_status":"closed","ping_status":"closed","template":"","meta":{"inline_featured_image":false,"footnotes":""},"classification":[],"class_list":["post-8868","page","type-page","status-publish","hentry"],"yoast_head":"<!-- This site is optimized with the Yoast SEO plugin v25.2 - https:\/\/yoast.com\/wordpress\/plugins\/seo\/ -->\n<title>Energy - Technetics Group<\/title>\n<meta name=\"robots\" content=\"index, follow, max-snippet:-1, max-image-preview:large, max-video-preview:-1\" \/>\n<link rel=\"canonical\" href=\"https:\/\/technetics.com\/de\/energy\/\" \/>\n<meta property=\"og:locale\" content=\"de_DE\" \/>\n<meta property=\"og:type\" content=\"article\" \/>\n<meta property=\"og:title\" content=\"Energy - Technetics Group\" \/>\n<meta property=\"og:url\" content=\"https:\/\/technetics.com\/de\/energy\/\" \/>\n<meta property=\"og:site_name\" content=\"Technetics Group\" \/>\n<meta property=\"article:publisher\" content=\"https:\/\/www.facebook.com\/TechneticsGroup\/\" \/>\n<meta property=\"article:modified_time\" content=\"2023-05-08T18:59:18+00:00\" \/>\n<meta property=\"og:image\" content=\"https:\/\/technetics.com\/wp-content\/uploads\/2025\/04\/technetics-logo-color.png\" \/>\n\t<meta property=\"og:image:width\" content=\"1718\" \/>\n\t<meta property=\"og:image:height\" content=\"488\" \/>\n\t<meta property=\"og:image:type\" content=\"image\/png\" \/>\n<meta name=\"twitter:card\" content=\"summary_large_image\" \/>\n<meta name=\"twitter:site\" content=\"@TechneticsGroup\" \/>\n<meta name=\"twitter:label1\" content=\"Gesch\u00e4tzte Lesezeit\" \/>\n\t<meta name=\"twitter:data1\" content=\"4 Minuten\" \/>\n<script type=\"application\/ld+json\" class=\"yoast-schema-graph\">{\"@context\":\"https:\/\/schema.org\",\"@graph\":[{\"@type\":\"WebPage\",\"@id\":\"https:\/\/technetics.com\/de\/energy\/\",\"url\":\"https:\/\/technetics.com\/de\/energy\/\",\"name\":\"Energy - Technetics Group\",\"isPartOf\":{\"@id\":\"https:\/\/technetics.com\/#website\"},\"datePublished\":\"2023-02-07T20:33:26+00:00\",\"dateModified\":\"2023-05-08T18:59:18+00:00\",\"breadcrumb\":{\"@id\":\"https:\/\/technetics.com\/de\/energy\/#breadcrumb\"},\"inLanguage\":\"de-DE\",\"potentialAction\":[{\"@type\":\"ReadAction\",\"target\":[\"https:\/\/technetics.com\/de\/energy\/\"]}]},{\"@type\":\"BreadcrumbList\",\"@id\":\"https:\/\/technetics.com\/de\/energy\/#breadcrumb\",\"itemListElement\":[{\"@type\":\"ListItem\",\"position\":1,\"name\":\"Home\",\"item\":\"https:\/\/technetics.com\/\"},{\"@type\":\"ListItem\",\"position\":2,\"name\":\"Energy\"}]},{\"@type\":\"WebSite\",\"@id\":\"https:\/\/technetics.com\/#website\",\"url\":\"https:\/\/technetics.com\/\",\"name\":\"Technetics Group\",\"description\":\"Confidence For Critical Applications\",\"publisher\":{\"@id\":\"https:\/\/technetics.com\/#organization\"},\"potentialAction\":[{\"@type\":\"SearchAction\",\"target\":{\"@type\":\"EntryPoint\",\"urlTemplate\":\"https:\/\/technetics.com\/?s={search_term_string}\"},\"query-input\":{\"@type\":\"PropertyValueSpecification\",\"valueRequired\":true,\"valueName\":\"search_term_string\"}}],\"inLanguage\":\"de-DE\"},{\"@type\":\"Organization\",\"@id\":\"https:\/\/technetics.com\/#organization\",\"name\":\"Technetics Group\",\"url\":\"https:\/\/technetics.com\/\",\"logo\":{\"@type\":\"ImageObject\",\"inLanguage\":\"de-DE\",\"@id\":\"https:\/\/technetics.com\/#\/schema\/logo\/image\/\",\"url\":\"https:\/\/technetics.com\/wp-content\/uploads\/2025\/04\/technetics-logo-color.png\",\"contentUrl\":\"https:\/\/technetics.com\/wp-content\/uploads\/2025\/04\/technetics-logo-color.png\",\"width\":1718,\"height\":488,\"caption\":\"Technetics Group\"},\"image\":{\"@id\":\"https:\/\/technetics.com\/#\/schema\/logo\/image\/\"},\"sameAs\":[\"https:\/\/www.facebook.com\/TechneticsGroup\/\",\"https:\/\/x.com\/TechneticsGroup\",\"https:\/\/www.linkedin.com\/company\/technetics-group\/\",\"https:\/\/www.youtube.com\/user\/TechneticsGroup\"]}]}<\/script>\n<!-- \/ Yoast SEO plugin. -->","yoast_head_json":{"title":"Energy - Technetics Group","robots":{"index":"index","follow":"follow","max-snippet":"max-snippet:-1","max-image-preview":"max-image-preview:large","max-video-preview":"max-video-preview:-1"},"canonical":"https:\/\/technetics.com\/de\/energy\/","og_locale":"de_DE","og_type":"article","og_title":"Energy - Technetics Group","og_url":"https:\/\/technetics.com\/de\/energy\/","og_site_name":"Technetics Group","article_publisher":"https:\/\/www.facebook.com\/TechneticsGroup\/","article_modified_time":"2023-05-08T18:59:18+00:00","og_image":[{"width":1718,"height":488,"url":"https:\/\/technetics.com\/wp-content\/uploads\/2025\/04\/technetics-logo-color.png","type":"image\/png"}],"twitter_card":"summary_large_image","twitter_site":"@TechneticsGroup","twitter_misc":{"Gesch\u00e4tzte Lesezeit":"4 Minuten"},"schema":{"@context":"https:\/\/schema.org","@graph":[{"@type":"WebPage","@id":"https:\/\/technetics.com\/de\/energy\/","url":"https:\/\/technetics.com\/de\/energy\/","name":"Energy - Technetics Group","isPartOf":{"@id":"https:\/\/technetics.com\/#website"},"datePublished":"2023-02-07T20:33:26+00:00","dateModified":"2023-05-08T18:59:18+00:00","breadcrumb":{"@id":"https:\/\/technetics.com\/de\/energy\/#breadcrumb"},"inLanguage":"de-DE","potentialAction":[{"@type":"ReadAction","target":["https:\/\/technetics.com\/de\/energy\/"]}]},{"@type":"BreadcrumbList","@id":"https:\/\/technetics.com\/de\/energy\/#breadcrumb","itemListElement":[{"@type":"ListItem","position":1,"name":"Home","item":"https:\/\/technetics.com\/"},{"@type":"ListItem","position":2,"name":"Energy"}]},{"@type":"WebSite","@id":"https:\/\/technetics.com\/#website","url":"https:\/\/technetics.com\/","name":"Technetics Group","description":"Confidence For Critical Applications","publisher":{"@id":"https:\/\/technetics.com\/#organization"},"potentialAction":[{"@type":"SearchAction","target":{"@type":"EntryPoint","urlTemplate":"https:\/\/technetics.com\/?s={search_term_string}"},"query-input":{"@type":"PropertyValueSpecification","valueRequired":true,"valueName":"search_term_string"}}],"inLanguage":"de-DE"},{"@type":"Organization","@id":"https:\/\/technetics.com\/#organization","name":"Technetics Group","url":"https:\/\/technetics.com\/","logo":{"@type":"ImageObject","inLanguage":"de-DE","@id":"https:\/\/technetics.com\/#\/schema\/logo\/image\/","url":"https:\/\/technetics.com\/wp-content\/uploads\/2025\/04\/technetics-logo-color.png","contentUrl":"https:\/\/technetics.com\/wp-content\/uploads\/2025\/04\/technetics-logo-color.png","width":1718,"height":488,"caption":"Technetics Group"},"image":{"@id":"https:\/\/technetics.com\/#\/schema\/logo\/image\/"},"sameAs":["https:\/\/www.facebook.com\/TechneticsGroup\/","https:\/\/x.com\/TechneticsGroup","https:\/\/www.linkedin.com\/company\/technetics-group\/","https:\/\/www.youtube.com\/user\/TechneticsGroup"]}]}},"_links":{"self":[{"href":"https:\/\/technetics.com\/de\/wp-json\/wp\/v2\/pages\/8868","targetHints":{"allow":["GET"]}}],"collection":[{"href":"https:\/\/technetics.com\/de\/wp-json\/wp\/v2\/pages"}],"about":[{"href":"https:\/\/technetics.com\/de\/wp-json\/wp\/v2\/types\/page"}],"author":[{"embeddable":true,"href":"https:\/\/technetics.com\/de\/wp-json\/wp\/v2\/users\/5"}],"replies":[{"embeddable":true,"href":"https:\/\/technetics.com\/de\/wp-json\/wp\/v2\/comments?post=8868"}],"version-history":[{"count":8,"href":"https:\/\/technetics.com\/de\/wp-json\/wp\/v2\/pages\/8868\/revisions"}],"predecessor-version":[{"id":11008,"href":"https:\/\/technetics.com\/de\/wp-json\/wp\/v2\/pages\/8868\/revisions\/11008"}],"wp:attachment":[{"href":"https:\/\/technetics.com\/de\/wp-json\/wp\/v2\/media?parent=8868"}],"wp:term":[{"taxonomy":"classification","embeddable":true,"href":"https:\/\/technetics.com\/de\/wp-json\/wp\/v2\/classification?post=8868"}],"curies":[{"name":"wp","href":"https:\/\/api.w.org\/{rel}","templated":true}]}}