{"id":254,"date":"2020-10-29T18:05:49","date_gmt":"2020-10-29T18:05:49","guid":{"rendered":"https:\/\/live-technetics.pantheonsite.io\/?page_id=254"},"modified":"2020-12-22T13:24:56","modified_gmt":"2020-12-22T18:24:56","slug":"capabilities","status":"publish","type":"page","link":"https:\/\/technetics.com\/fr\/capabilities\/","title":{"rendered":"Services"},"content":{"rendered":"<style type=\"text\/css\" data-created_by=\"avia_inline_auto\" id=\"style-css-av-fy931-1d1557e3327c325c0647dca3992a3d02\">\n.avia-section.av-fy931-1d1557e3327c325c0647dca3992a3d02 .av-parallax .av-parallax-inner{\nbackground-repeat:no-repeat;\nbackground-image:url(https:\/\/technetics.com\/wp-content\/uploads\/2020\/11\/R-And-D.jpg);\nbackground-position:50% 100%;\nbackground-attachment:scroll;\n}\n<\/style>\n<div id='interior-page-header-image'  class='avia-section av-fy931-1d1557e3327c325c0647dca3992a3d02 main_color avia-section-default avia-no-border-styling  avia-builder-el-0  el_before_av_section  avia-builder-el-first  avia-full-stretch av-parallax-section avia-bg-style-parallax container_wrap fullsize'  data-section-bg-repeat='stretch'><div class='av-parallax' data-avia-parallax-ratio='0.3' ><div class='av-parallax-inner main_color avia-full-stretch'><\/div><\/div><div class='container av-section-cont-open' ><main  role=\"main\" itemprop=\"mainContentOfPage\"  class='template-page content  av-content-full alpha units'><div class='post-entry post-entry-type-page post-entry-254'><div class='entry-content-wrapper clearfix'>\n<\/div><\/div><\/main><!-- close content main element --><\/div><\/div><div id='av_section_2'  class='avia-section av-kgvlxp99-c9acdad4986b5cb5938aec7e4bdf2f71 main_color avia-section-default avia-no-border-styling  avia-builder-el-1  el_after_av_section  avia-builder-el-last  interior-page-intro-paragraph avia-bg-style-scroll container_wrap fullsize'  ><div class='container av-section-cont-open' ><div class='template-page content  av-content-full alpha units'><div class='post-entry post-entry-type-page post-entry-254'><div class='entry-content-wrapper clearfix'>\n\n<style type=\"text\/css\" data-created_by=\"avia_inline_auto\" id=\"style-css-av-90j45-ff9d9e9bb4ca36f0b722e023366d31f9\">\n.flex_column.av-90j45-ff9d9e9bb4ca36f0b722e023366d31f9{\nborder-radius:0px 0px 0px 0px;\npadding:0px 0px 0px 0px;\n}\n<\/style>\n<div  class='flex_column av-90j45-ff9d9e9bb4ca36f0b722e023366d31f9 av_one_full  avia-builder-el-2  avia-builder-el-no-sibling  first flex_column_div av-zero-column-padding'     ><p>\n<style type=\"text\/css\" data-created_by=\"avia_inline_auto\" id=\"style-css-av-kf8stopq-4cf6a43b483a5e3dac9eff600575fa38\">\n#top .hr.av-kf8stopq-4cf6a43b483a5e3dac9eff600575fa38{\nmargin-top:30px;\nmargin-bottom:30px;\n}\n.hr.av-kf8stopq-4cf6a43b483a5e3dac9eff600575fa38 .hr-inner{\nwidth:50px;\n}\n<\/style>\n<div  id=\"center-accent-line\"  class='hr av-kf8stopq-4cf6a43b483a5e3dac9eff600575fa38 hr-custom  avia-builder-el-3  el_before_av_textblock  avia-builder-el-first  hr-center hr-icon-no'><span class='hr-inner inner-border-av-border-thin'><span class=\"hr-inner-style\"><\/span><\/span><\/div><br \/>\n<section  class='av_textblock_section av-kgvndh38-5ab094fe118cb230080e9940b63a8303'   itemscope=\"itemscope\" itemtype=\"https:\/\/schema.org\/CreativeWork\" ><div class='avia_textblock intro-paragraph'  itemprop=\"text\" ><h2>A la pointe <span class=\"alt-heading-style\">De l'innovation<\/span><\/h2>\n<p>Au sein du groupe Technetics, nous d\u00e9veloppons en permanence de nouvelles solutions d'\u00e9tanch\u00e9it\u00e9 pour r\u00e9pondre \u00e0 vos applications les plus exigeantes. Nos meilleurs proc\u00e9d\u00e9s sont mis en pratique dans chacun de nos sites, depuis notre laboratoire de R&amp;D fran\u00e7ais, leader du secteur, jusqu'\u00e0 nos installations de fabrication dans le monde entier.<\/p>\n<\/div><\/section><br \/>\n\n<style type=\"text\/css\" data-created_by=\"avia_inline_auto\" id=\"style-css-av-9hcry-24da20ed0747cad501b18f0c161e1e83\">\n#top .hr.hr-invisible.av-9hcry-24da20ed0747cad501b18f0c161e1e83{\nheight:50px;\n}\n<\/style>\n<div  class='hr av-9hcry-24da20ed0747cad501b18f0c161e1e83 hr-invisible  avia-builder-el-5  el_after_av_textblock  el_before_av_textblock'><span class='hr-inner'><span class=\"hr-inner-style\"><\/span><\/span><\/div><br \/>\n<section  class='av_textblock_section av-kgvndh38-71cea00001874c6c073925942deea6f1'   itemscope=\"itemscope\" itemtype=\"https:\/\/schema.org\/CreativeWork\" ><div class='avia_textblock'  itemprop=\"text\" ><h3><span class=\"alt-heading-style\">R\u00e9solution de probl\u00e8mes :<\/span> Trouver des solutions haute performance<\/h3>\n<p>Technetics Group recherche constamment des am\u00e9liorations et des innovations d'avant-garde. Afin d'atteindre cet objectif, nous utilisons les m\u00e9thodologies Six Sigma, am\u00e9lioration continue et lean, ainsi qu'un  programme interne favorisant l'id\u00e9ation constante de nos employ\u00e9s.  Les id\u00e9es les plus simples comme la pr\u00e9vention des erreurs (Poka-Yoke) ou les plus novatrices, sont r\u00e9compens\u00e9es et nos collaborateurs d\u00e9veloppent ainsi constamment de nouvelles id\u00e9es.<\/p>\n<\/div><\/section><br \/>\n<div  class='avia-button-wrap av-kiyrrofk-8bbaf29d3f0f626fe8bcd3ad70da4074-wrap avia-button-left  avia-builder-el-7  el_after_av_textblock  el_before_av_hr  light-hover'><a href='https:\/\/technetics.com\/fr\/about\/worldwide-locations\/'  class='avia-button av-kiyrrofk-8bbaf29d3f0f626fe8bcd3ad70da4074 av-link-btn avia-icon_select-yes-right-icon avia-size-small avia-position-left avia-color-theme-color'   aria-label=\"En savoir plus sur notre pr\u00e9sence mondiale\"><span class='avia_iconbox_title' >En savoir plus sur notre pr\u00e9sence mondiale<\/span><span class='avia_button_icon avia_button_icon_right avia-iconfont avia-font-entypo-fontello' data-av_icon='\ue879' data-av_iconfont='entypo-fontello' ><\/span><\/a><\/div><br \/>\n\n<style type=\"text\/css\" data-created_by=\"avia_inline_auto\" id=\"style-css-av-9hcry-24da20ed0747cad501b18f0c161e1e83\">\n#top .hr.hr-invisible.av-9hcry-24da20ed0747cad501b18f0c161e1e83{\nheight:50px;\n}\n<\/style>\n<div  class='hr av-9hcry-24da20ed0747cad501b18f0c161e1e83 hr-invisible  avia-builder-el-8  el_after_av_button  el_before_av_textblock'><span class='hr-inner'><span class=\"hr-inner-style\"><\/span><\/span><\/div><br \/>\n<section  class='av_textblock_section av-kgvndh38-71cea00001874c6c073925942deea6f1'   itemscope=\"itemscope\" itemtype=\"https:\/\/schema.org\/CreativeWork\" ><div class='avia_textblock'  itemprop=\"text\" ><h3><span class=\"alt-heading-style\">R&amp;D :<\/span> Relever les d\u00e9fis les plus difficiles<\/h3>\n<p>Il y a cinquante ans, nous avons cr\u00e9\u00e9 maestral\u00ae, le laboratoire d'innovation de R&amp;D du groupe Technetics situ\u00e9 \u00e0 Pierrelatte, en France. Fond\u00e9 en 1969, maestral est le r\u00e9sultat d'un partenariat unique entre le CEA (Agence fran\u00e7aise de l'\u00e9nergie atomique) et Technetics Group France, form\u00e9 pour r\u00e9soudre les probl\u00e8mes de conception et de performance les plus difficiles, acc\u00e9l\u00e9rer le temps de mise sur le march\u00e9 et am\u00e9liorer le co\u00fbt de possession du laboratoire \u00e0 la fabrication.<\/p>\n<\/div><\/section><br \/>\n<div  class='avia-button-wrap av-kiyrrofk-d4d7bb549203ed7e63871fc15e4a6c84-wrap avia-button-left  avia-builder-el-10  el_after_av_textblock  el_before_av_hr  light-hover'><a href='https:\/\/technetics.com\/fr\/about\/worldwide-locations\/'  class='avia-button av-kiyrrofk-d4d7bb549203ed7e63871fc15e4a6c84 av-link-btn avia-icon_select-yes-right-icon avia-size-small avia-position-left avia-color-theme-color'   aria-label=\"En savoir plus sur nos services de R&amp;D\"><span class='avia_iconbox_title' >En savoir plus sur nos services de R&amp;D<\/span><span class='avia_button_icon avia_button_icon_right avia-iconfont avia-font-entypo-fontello' data-av_icon='\ue879' data-av_iconfont='entypo-fontello' ><\/span><\/a><\/div><br \/>\n\n<style type=\"text\/css\" data-created_by=\"avia_inline_auto\" id=\"style-css-av-9hcry-24da20ed0747cad501b18f0c161e1e83\">\n#top .hr.hr-invisible.av-9hcry-24da20ed0747cad501b18f0c161e1e83{\nheight:50px;\n}\n<\/style>\n<div  class='hr av-9hcry-24da20ed0747cad501b18f0c161e1e83 hr-invisible  avia-builder-el-11  el_after_av_button  el_before_av_textblock'><span class='hr-inner'><span class=\"hr-inner-style\"><\/span><\/span><\/div><br \/>\n<section  class='av_textblock_section av-kgvndh38-71cea00001874c6c073925942deea6f1'   itemscope=\"itemscope\" itemtype=\"https:\/\/schema.org\/CreativeWork\" ><div class='avia_textblock'  itemprop=\"text\" ><h3><span class=\"alt-heading-style\">Capacit\u00e9s de Tests :<\/span> Garantir et prouver l'atteinte de r\u00e9sultats<\/h3>\n<p>Pour s'assurer que nos produits peuvent relever tous les d\u00e9fis, nous effectuons des tests rigoureux : tests d'\u00e9tanch\u00e9it\u00e9 dynamique, statiques, prototypage rapide et utilisation d'analyse et simulation par \u00e9l\u00e9ments finis. Nous effectuons \u00e0 la fois des tests en conditions r\u00e9elles et des simulations afin d'assurer la performance de nos solutions dans les conditions de fonctionnement les plus difficiles telles que haute pression, haute temp\u00e9rature, haute sollicitation m\u00e9canique ainsi que bien d'autres param\u00e8tres.<\/p>\n<\/div><\/section><br \/>\n<div  class='avia-button-wrap av-kiyrrofk-509af93d6536c1d25ccb522f9bf4fca8-wrap avia-button-left  avia-builder-el-13  el_after_av_textblock  el_before_av_hr  light-hover'><a href='https:\/\/technetics.com\/fr\/about\/worldwide-locations\/'  class='avia-button av-kiyrrofk-509af93d6536c1d25ccb522f9bf4fca8 av-link-btn avia-icon_select-yes-right-icon avia-size-small avia-position-left avia-color-theme-color'   aria-label=\"En savoir plus sur nos capacit\u00e9s de tests\"><span class='avia_iconbox_title' >En savoir plus sur nos capacit\u00e9s de tests<\/span><span class='avia_button_icon avia_button_icon_right avia-iconfont avia-font-entypo-fontello' data-av_icon='\ue879' data-av_iconfont='entypo-fontello' ><\/span><\/a><\/div><br \/>\n\n<style type=\"text\/css\" data-created_by=\"avia_inline_auto\" id=\"style-css-av-9hcry-24da20ed0747cad501b18f0c161e1e83\">\n#top .hr.hr-invisible.av-9hcry-24da20ed0747cad501b18f0c161e1e83{\nheight:50px;\n}\n<\/style>\n<div  class='hr av-9hcry-24da20ed0747cad501b18f0c161e1e83 hr-invisible  avia-builder-el-14  el_after_av_button  el_before_av_textblock'><span class='hr-inner'><span class=\"hr-inner-style\"><\/span><\/span><\/div><br \/>\n<section  class='av_textblock_section av-kgvndh38-71cea00001874c6c073925942deea6f1'   itemscope=\"itemscope\" itemtype=\"https:\/\/schema.org\/CreativeWork\" ><div class='avia_textblock'  itemprop=\"text\" ><h3><span class=\"alt-heading-style\">Production :<\/span> Relever Des d\u00e9fis en toute confiance<\/h3>\n<p>Quels que soient votre industrie ou vos applications, Technetics Group rel\u00e8ve tous les d\u00e9fis en apportant qualit\u00e9 et performance. Nos sites de production comprennent des \u00e9quipements \u00e0 la pointe de la technologie d'une totale fiabilit\u00e9. Nous savons que la d\u00e9faillance est inacceptable, c'est pourquoi nous veillons \u00e0 ce que chaque produit que nous concevons soit fabriqu\u00e9 pour offrir performance et durabilit\u00e9.<\/p>\n<\/div><\/section><br \/>\n<div  class='avia-button-wrap av-kiyrrofk-384e07f1ce287e62f6ed39d82b4d9796-wrap avia-button-left  avia-builder-el-16  el_after_av_textblock  avia-builder-el-last  light-hover'><a href='https:\/\/technetics.com\/fr\/about\/worldwide-locations\/'  class='avia-button av-kiyrrofk-384e07f1ce287e62f6ed39d82b4d9796 av-link-btn avia-icon_select-yes-right-icon avia-size-small avia-position-left avia-color-theme-color'   aria-label=\"En savoir plus sur nos sites de fabrication\"><span class='avia_iconbox_title' >En savoir plus sur nos sites de fabrication<\/span><span class='avia_button_icon avia_button_icon_right avia-iconfont avia-font-entypo-fontello' data-av_icon='\ue879' data-av_iconfont='entypo-fontello' ><\/span><\/a><\/div><\/p><\/div>","protected":false},"excerpt":{"rendered":"","protected":false},"author":1,"featured_media":0,"parent":0,"menu_order":0,"comment_status":"closed","ping_status":"closed","template":"","meta":{"inline_featured_image":false,"footnotes":""},"classification":[],"class_list":["post-254","page","type-page","status-publish","hentry"],"yoast_head":"<!-- This site is optimized with the Yoast SEO plugin v25.2 - https:\/\/yoast.com\/wordpress\/plugins\/seo\/ -->\n<title>Manufacturing and Testing Capabilities | Technetics Group<\/title>\n<meta name=\"robots\" content=\"index, follow, max-snippet:-1, max-image-preview:large, max-video-preview:-1\" \/>\n<link rel=\"canonical\" href=\"https:\/\/technetics.com\/fr\/capabilities\/\" \/>\n<meta property=\"og:locale\" content=\"fr_FR\" \/>\n<meta property=\"og:type\" content=\"article\" \/>\n<meta property=\"og:title\" content=\"Manufacturing and Testing Capabilities | Technetics Group\" \/>\n<meta property=\"og:url\" content=\"https:\/\/technetics.com\/fr\/capabilities\/\" \/>\n<meta property=\"og:site_name\" content=\"Technetics Group\" \/>\n<meta property=\"article:publisher\" content=\"https:\/\/www.facebook.com\/TechneticsGroup\/\" \/>\n<meta property=\"article:modified_time\" content=\"2020-12-22T18:24:56+00:00\" \/>\n<meta property=\"og:image\" content=\"https:\/\/technetics.com\/wp-content\/uploads\/2025\/04\/technetics-logo-color.png\" \/>\n\t<meta property=\"og:image:width\" content=\"1718\" \/>\n\t<meta property=\"og:image:height\" content=\"488\" \/>\n\t<meta property=\"og:image:type\" content=\"image\/png\" \/>\n<meta name=\"twitter:card\" content=\"summary_large_image\" \/>\n<meta name=\"twitter:site\" content=\"@TechneticsGroup\" \/>\n<meta name=\"twitter:label1\" content=\"Dur\u00e9e de lecture estim\u00e9e\" \/>\n\t<meta name=\"twitter:data1\" content=\"7 minutes\" \/>\n<script type=\"application\/ld+json\" class=\"yoast-schema-graph\">{\"@context\":\"https:\/\/schema.org\",\"@graph\":[{\"@type\":\"WebPage\",\"@id\":\"https:\/\/technetics.com\/de\/capabilities\/\",\"url\":\"https:\/\/technetics.com\/de\/capabilities\/\",\"name\":\"Manufacturing and Testing Capabilities | Technetics Group\",\"isPartOf\":{\"@id\":\"https:\/\/technetics.com\/#website\"},\"datePublished\":\"2020-10-29T18:05:49+00:00\",\"dateModified\":\"2020-12-22T18:24:56+00:00\",\"breadcrumb\":{\"@id\":\"https:\/\/technetics.com\/de\/capabilities\/#breadcrumb\"},\"inLanguage\":\"fr-FR\",\"potentialAction\":[{\"@type\":\"ReadAction\",\"target\":[\"https:\/\/technetics.com\/de\/capabilities\/\"]}]},{\"@type\":\"BreadcrumbList\",\"@id\":\"https:\/\/technetics.com\/de\/capabilities\/#breadcrumb\",\"itemListElement\":[{\"@type\":\"ListItem\",\"position\":1,\"name\":\"Home\",\"item\":\"https:\/\/technetics.com\/\"},{\"@type\":\"ListItem\",\"position\":2,\"name\":\"Capabilities\"}]},{\"@type\":\"WebSite\",\"@id\":\"https:\/\/technetics.com\/#website\",\"url\":\"https:\/\/technetics.com\/\",\"name\":\"Technetics Group\",\"description\":\"Confidence For Critical Applications\",\"publisher\":{\"@id\":\"https:\/\/technetics.com\/#organization\"},\"potentialAction\":[{\"@type\":\"SearchAction\",\"target\":{\"@type\":\"EntryPoint\",\"urlTemplate\":\"https:\/\/technetics.com\/?s={search_term_string}\"},\"query-input\":{\"@type\":\"PropertyValueSpecification\",\"valueRequired\":true,\"valueName\":\"search_term_string\"}}],\"inLanguage\":\"fr-FR\"},{\"@type\":\"Organization\",\"@id\":\"https:\/\/technetics.com\/#organization\",\"name\":\"Technetics Group\",\"url\":\"https:\/\/technetics.com\/\",\"logo\":{\"@type\":\"ImageObject\",\"inLanguage\":\"fr-FR\",\"@id\":\"https:\/\/technetics.com\/#\/schema\/logo\/image\/\",\"url\":\"https:\/\/technetics.com\/wp-content\/uploads\/2025\/04\/technetics-logo-color.png\",\"contentUrl\":\"https:\/\/technetics.com\/wp-content\/uploads\/2025\/04\/technetics-logo-color.png\",\"width\":1718,\"height\":488,\"caption\":\"Technetics Group\"},\"image\":{\"@id\":\"https:\/\/technetics.com\/#\/schema\/logo\/image\/\"},\"sameAs\":[\"https:\/\/www.facebook.com\/TechneticsGroup\/\",\"https:\/\/x.com\/TechneticsGroup\",\"https:\/\/www.linkedin.com\/company\/technetics-group\/\",\"https:\/\/www.youtube.com\/user\/TechneticsGroup\"]}]}<\/script>\n<!-- \/ Yoast SEO plugin. -->","yoast_head_json":{"title":"Manufacturing and Testing Capabilities | Technetics Group","robots":{"index":"index","follow":"follow","max-snippet":"max-snippet:-1","max-image-preview":"max-image-preview:large","max-video-preview":"max-video-preview:-1"},"canonical":"https:\/\/technetics.com\/fr\/capabilities\/","og_locale":"fr_FR","og_type":"article","og_title":"Manufacturing and Testing Capabilities | Technetics Group","og_url":"https:\/\/technetics.com\/fr\/capabilities\/","og_site_name":"Technetics Group","article_publisher":"https:\/\/www.facebook.com\/TechneticsGroup\/","article_modified_time":"2020-12-22T18:24:56+00:00","og_image":[{"width":1718,"height":488,"url":"https:\/\/technetics.com\/wp-content\/uploads\/2025\/04\/technetics-logo-color.png","type":"image\/png"}],"twitter_card":"summary_large_image","twitter_site":"@TechneticsGroup","twitter_misc":{"Dur\u00e9e de lecture estim\u00e9e":"7 minutes"},"schema":{"@context":"https:\/\/schema.org","@graph":[{"@type":"WebPage","@id":"https:\/\/technetics.com\/de\/capabilities\/","url":"https:\/\/technetics.com\/de\/capabilities\/","name":"Manufacturing and Testing Capabilities | Technetics Group","isPartOf":{"@id":"https:\/\/technetics.com\/#website"},"datePublished":"2020-10-29T18:05:49+00:00","dateModified":"2020-12-22T18:24:56+00:00","breadcrumb":{"@id":"https:\/\/technetics.com\/de\/capabilities\/#breadcrumb"},"inLanguage":"fr-FR","potentialAction":[{"@type":"ReadAction","target":["https:\/\/technetics.com\/de\/capabilities\/"]}]},{"@type":"BreadcrumbList","@id":"https:\/\/technetics.com\/de\/capabilities\/#breadcrumb","itemListElement":[{"@type":"ListItem","position":1,"name":"Home","item":"https:\/\/technetics.com\/"},{"@type":"ListItem","position":2,"name":"Capabilities"}]},{"@type":"WebSite","@id":"https:\/\/technetics.com\/#website","url":"https:\/\/technetics.com\/","name":"Technetics Group","description":"Confidence For Critical Applications","publisher":{"@id":"https:\/\/technetics.com\/#organization"},"potentialAction":[{"@type":"SearchAction","target":{"@type":"EntryPoint","urlTemplate":"https:\/\/technetics.com\/?s={search_term_string}"},"query-input":{"@type":"PropertyValueSpecification","valueRequired":true,"valueName":"search_term_string"}}],"inLanguage":"fr-FR"},{"@type":"Organization","@id":"https:\/\/technetics.com\/#organization","name":"Technetics Group","url":"https:\/\/technetics.com\/","logo":{"@type":"ImageObject","inLanguage":"fr-FR","@id":"https:\/\/technetics.com\/#\/schema\/logo\/image\/","url":"https:\/\/technetics.com\/wp-content\/uploads\/2025\/04\/technetics-logo-color.png","contentUrl":"https:\/\/technetics.com\/wp-content\/uploads\/2025\/04\/technetics-logo-color.png","width":1718,"height":488,"caption":"Technetics Group"},"image":{"@id":"https:\/\/technetics.com\/#\/schema\/logo\/image\/"},"sameAs":["https:\/\/www.facebook.com\/TechneticsGroup\/","https:\/\/x.com\/TechneticsGroup","https:\/\/www.linkedin.com\/company\/technetics-group\/","https:\/\/www.youtube.com\/user\/TechneticsGroup"]}]}},"_links":{"self":[{"href":"https:\/\/technetics.com\/fr\/wp-json\/wp\/v2\/pages\/254","targetHints":{"allow":["GET"]}}],"collection":[{"href":"https:\/\/technetics.com\/fr\/wp-json\/wp\/v2\/pages"}],"about":[{"href":"https:\/\/technetics.com\/fr\/wp-json\/wp\/v2\/types\/page"}],"author":[{"embeddable":true,"href":"https:\/\/technetics.com\/fr\/wp-json\/wp\/v2\/users\/1"}],"replies":[{"embeddable":true,"href":"https:\/\/technetics.com\/fr\/wp-json\/wp\/v2\/comments?post=254"}],"version-history":[{"count":11,"href":"https:\/\/technetics.com\/fr\/wp-json\/wp\/v2\/pages\/254\/revisions"}],"predecessor-version":[{"id":11017,"href":"https:\/\/technetics.com\/fr\/wp-json\/wp\/v2\/pages\/254\/revisions\/11017"}],"wp:attachment":[{"href":"https:\/\/technetics.com\/fr\/wp-json\/wp\/v2\/media?parent=254"}],"wp:term":[{"taxonomy":"classification","embeddable":true,"href":"https:\/\/technetics.com\/fr\/wp-json\/wp\/v2\/classification?post=254"}],"curies":[{"name":"wp","href":"https:\/\/api.w.org\/{rel}","templated":true}]}}