{"id":270,"date":"2020-10-29T18:08:42","date_gmt":"2020-10-29T18:08:42","guid":{"rendered":"https:\/\/live-technetics.pantheonsite.io\/?page_id=270"},"modified":"2023-05-26T08:35:21","modified_gmt":"2023-05-26T12:35:21","slug":"on-site-services","status":"publish","type":"page","link":"https:\/\/technetics.com\/fr\/on-site-services\/","title":{"rendered":"Services sur site"},"content":{"rendered":"<style type=\"text\/css\" data-created_by=\"avia_inline_auto\" id=\"style-css-av-fy931-40df64d76d0bdc71e9dbc5a8ac06d21c\">\n.avia-section.av-fy931-40df64d76d0bdc71e9dbc5a8ac06d21c .av-parallax .av-parallax-inner{\nbackground-repeat:no-repeat;\nbackground-image:url(https:\/\/technetics.com\/wp-content\/uploads\/2021\/03\/On-Site_Services_v3.jpg);\nbackground-position:50% 50%;\nbackground-attachment:scroll;\n}\n<\/style>\n<div id='interior-page-header-image'  class='avia-section av-fy931-40df64d76d0bdc71e9dbc5a8ac06d21c main_color avia-section-default avia-no-border-styling  avia-builder-el-0  el_before_av_section  avia-builder-el-first  avia-full-stretch av-parallax-section avia-bg-style-parallax container_wrap fullsize'  data-section-bg-repeat='stretch'><div class='av-parallax' data-avia-parallax-ratio='0.3' ><div class='av-parallax-inner main_color avia-full-stretch'><\/div><\/div><div class='container av-section-cont-open' ><main  role=\"main\" itemprop=\"mainContentOfPage\"  class='template-page content  av-content-full alpha units'><div class='post-entry post-entry-type-page post-entry-270'><div class='entry-content-wrapper clearfix'>\n<\/div><\/div><\/main><!-- close content main element --><\/div><\/div><div id='av_section_2'  class='avia-section av-kgvlxp99-c9acdad4986b5cb5938aec7e4bdf2f71 main_color avia-section-default avia-no-border-styling  avia-builder-el-1  el_after_av_section  el_before_av_one_half  interior-page-intro-paragraph avia-bg-style-scroll container_wrap fullsize'  ><div class='container av-section-cont-open' ><div class='template-page content  av-content-full alpha units'><div class='post-entry post-entry-type-page post-entry-270'><div class='entry-content-wrapper clearfix'>\n\n<style type=\"text\/css\" data-created_by=\"avia_inline_auto\" id=\"style-css-av-90j45-ff9d9e9bb4ca36f0b722e023366d31f9\">\n.flex_column.av-90j45-ff9d9e9bb4ca36f0b722e023366d31f9{\nborder-radius:0px 0px 0px 0px;\npadding:0px 0px 0px 0px;\n}\n<\/style>\n<div  class='flex_column av-90j45-ff9d9e9bb4ca36f0b722e023366d31f9 av_one_full  avia-builder-el-2  el_before_av_one_half  avia-builder-el-first  first flex_column_div av-zero-column-padding'     ><p>\n<style type=\"text\/css\" data-created_by=\"avia_inline_auto\" id=\"style-css-av-kf8stopq-4cf6a43b483a5e3dac9eff600575fa38\">\n#top .hr.av-kf8stopq-4cf6a43b483a5e3dac9eff600575fa38{\nmargin-top:30px;\nmargin-bottom:30px;\n}\n.hr.av-kf8stopq-4cf6a43b483a5e3dac9eff600575fa38 .hr-inner{\nwidth:50px;\n}\n<\/style>\n<div  id=\"center-accent-line\"  class='hr av-kf8stopq-4cf6a43b483a5e3dac9eff600575fa38 hr-custom  avia-builder-el-3  el_before_av_textblock  avia-builder-el-first  hr-center hr-icon-no'><span class='hr-inner inner-border-av-border-thin'><span class=\"hr-inner-style\"><\/span><\/span><\/div><br \/>\n<section  class='av_textblock_section av-kgvndh38-5ab094fe118cb230080e9940b63a8303'   itemscope=\"itemscope\" itemtype=\"https:\/\/schema.org\/CreativeWork\" ><div class='avia_textblock intro-paragraph'  itemprop=\"text\" ><h2>Service sur site - PREST<\/h2>\n<\/div><\/section><br \/>\n<section  class='av_textblock_section av-kgvndh38-5ab094fe118cb230080e9940b63a8303'   itemscope=\"itemscope\" itemtype=\"https:\/\/schema.org\/CreativeWork\" ><div class='avia_textblock intro-paragraph'  itemprop=\"text\" ><p>Notre programme de services unique et global autour de l'\u00e9tanch\u00e9it\u00e9, d\u00e9di\u00e9 \u00e0 la fiabilisation et la performance de vos \u00e9quipements en toute s\u00e9curit\u00e9.<\/p>\n<\/div><\/section><\/p><\/div>\n<style type=\"text\/css\" data-created_by=\"avia_inline_auto\" id=\"style-css-av-ctsfq-f8eb416bde931c4e7dd7156b29878aa9\">\n.flex_column.av-ctsfq-f8eb416bde931c4e7dd7156b29878aa9{\nborder-radius:0px 0px 0px 0px;\npadding:0px 0px 0px 0px;\n}\n<\/style>\n<div  class='flex_column av-ctsfq-f8eb416bde931c4e7dd7156b29878aa9 av_one_half  avia-builder-el-6  el_after_av_one_full  el_before_av_one_half  first flex_column_div av-zero-column-padding  column-top-margin'     ><section  class='av_textblock_section av-km6u3gra-522cc42722e24d57ce37b78acd6b20ef'   itemscope=\"itemscope\" itemtype=\"https:\/\/schema.org\/CreativeWork\" ><div class='avia_textblock'  itemprop=\"text\" ><p>PREST est un programme de service d'\u00e9tanch\u00e9it\u00e9 unique et complet, d\u00e9di\u00e9 \u00e0 la fiabilit\u00e9 et \u00e0 la performance de vos \u00e9quipements en toute s\u00e9curit\u00e9. De la conception \u00e0 la maintenance de vos installations, notre offre multi-march\u00e9s vous aidera \u00e0 ma\u00eetriser les d\u00e9lais et \u00e0 optimiser les co\u00fbts.<\/p>\n<p>Des centrales nucl\u00e9aires aux laboratoires de recherche les plus pointus, nos \u00e9quipes d'intervention sur site PREST optimisent la performance des installations, avant, pendant et apr\u00e8s les arr\u00eats de maintenance programm\u00e9s ou non. Nous proposons \u00e9galement des formations et des prestations de conseils pour r\u00e9duire les co\u00fbts de maintenance et optimiser la fiabilit\u00e9 des installations, gr\u00e2ce \u00e0 notre expertise en ing\u00e9nierie et \u00e9tanch\u00e9it\u00e9.<\/p>\n<p>Nos principales activit\u00e9s couvrent l'assistance au montage de vos \u00e9quipements critiques, le contr\u00f4le des \u00e9missions fugitives (VOCs), l'optimisation de la performance industrielle et le diagnostic des d\u00e9faillances.<\/p>\n<\/div><\/section><\/div>\n<style type=\"text\/css\" data-created_by=\"avia_inline_auto\" id=\"style-css-av-1390m-030def20506d72f6220a8b386900d958\">\n.flex_column.av-1390m-030def20506d72f6220a8b386900d958{\nborder-radius:0px 0px 0px 0px;\npadding:0px 0px 0px 0px;\n}\n<\/style>\n<div  class='flex_column av-1390m-030def20506d72f6220a8b386900d958 av_one_half  avia-builder-el-8  el_after_av_one_half  avia-builder-el-last  flex_column_div av-zero-column-padding  column-top-margin'     ><\/div>\n<\/div><\/div><\/div><!-- close content main div --><\/div><\/div><div id='after_section_2'  class='main_color av_default_container_wrap container_wrap fullsize'  ><div class='container av-section-cont-open' ><div class='template-page content  av-content-full alpha units'><div class='post-entry post-entry-type-page post-entry-270'><div class='entry-content-wrapper clearfix'>\n\n<style type=\"text\/css\" data-created_by=\"avia_inline_auto\" id=\"style-css-av-eb6i6-b5e6b51e2376be65b76b19dcb74b7f7c\">\n.flex_column.av-eb6i6-b5e6b51e2376be65b76b19dcb74b7f7c{\nborder-radius:0px 0px 0px 0px;\npadding:0px 0px 0px 0px;\n}\n<\/style>\n<div  class='flex_column av-eb6i6-b5e6b51e2376be65b76b19dcb74b7f7c av_one_half  avia-builder-el-10  el_after_av_section  el_before_av_one_half  avia-builder-el-first  first flex_column_div av-zero-column-padding'     ><div  class='avia-button-wrap av-kou446x9-108cd602ca2d9ecefbed1549f8863613-wrap avia-button-left  avia-builder-el-11  avia-builder-el-no-sibling  full-button'><a href='https:\/\/live-technetics.pantheonsite.io\/resource_library\/prest-english\/'  class='avia-button av-kou446x9-108cd602ca2d9ecefbed1549f8863613 av-link-btn avia-icon_select-no avia-size-small avia-position-left avia-color-theme-color'   aria-label=\"T\u00e9l\u00e9charger la brochure en anglais\"><span class='avia_iconbox_title' >T\u00e9l\u00e9charger la brochure en anglais<\/span><\/a><\/div><\/div>\n\n<style type=\"text\/css\" data-created_by=\"avia_inline_auto\" id=\"style-css-av-aas7a-0b5dcf176742297027edb4dff5cda085\">\n.flex_column.av-aas7a-0b5dcf176742297027edb4dff5cda085{\nborder-radius:0px 0px 0px 0px;\npadding:0px 0px 0px 0px;\n}\n<\/style>\n<div  class='flex_column av-aas7a-0b5dcf176742297027edb4dff5cda085 av_one_half  avia-builder-el-12  el_after_av_one_half  el_before_av_one_full  flex_column_div av-zero-column-padding'     ><div  class='avia-button-wrap av-kou4a39r-158dcf36661d8d5dec32312d6c77692c-wrap avia-button-left  avia-builder-el-13  avia-builder-el-no-sibling  full-button'><a href='https:\/\/live-technetics.pantheonsite.io\/resource_library\/prest-french\/'  class='avia-button av-kou4a39r-158dcf36661d8d5dec32312d6c77692c av-link-btn avia-icon_select-no avia-size-small avia-position-left avia-color-theme-color'   aria-label=\"T\u00e9l\u00e9charger la brochure en fran\u00e7ais\"><span class='avia_iconbox_title' >T\u00e9l\u00e9charger la brochure en fran\u00e7ais<\/span><\/a><\/div><\/div>\n\n<style type=\"text\/css\" data-created_by=\"avia_inline_auto\" id=\"style-css-av-av_one_full-53b0b300fb3685750664fb085c5ad19d\">\n.flex_column.av-av_one_full-53b0b300fb3685750664fb085c5ad19d{\nborder-radius:0px 0px 0px 0px;\npadding:0px 0px 0px 0px;\n}\n<\/style>\n<div  class='flex_column av-av_one_full-53b0b300fb3685750664fb085c5ad19d av_one_full  avia-builder-el-14  el_after_av_one_half  avia-builder-el-last  first flex_column_div av-zero-column-padding  column-top-margin'     ><section  class='av_textblock_section av-li4jpl68-cc1f3e6e27c1ed19775c847161f5e48c'   itemscope=\"itemscope\" itemtype=\"https:\/\/schema.org\/CreativeWork\" ><div class='avia_textblock'  itemprop=\"text\" ><p>Nota: Les prestations bien que respectant tous les crit\u00e8res environnementaux recquis par nos clients n'est pas couverte par la certification ISO14001<\/p>\n<\/div><\/section><\/div>","protected":false},"excerpt":{"rendered":"","protected":false},"author":1,"featured_media":0,"parent":0,"menu_order":0,"comment_status":"closed","ping_status":"closed","template":"","meta":{"inline_featured_image":false,"footnotes":""},"classification":[],"class_list":["post-270","page","type-page","status-publish","hentry"],"yoast_head":"<!-- This site is optimized with the Yoast SEO plugin v25.2 - https:\/\/yoast.com\/wordpress\/plugins\/seo\/ -->\n<title>On-Site Services - Technetics Group<\/title>\n<meta name=\"robots\" content=\"index, follow, max-snippet:-1, max-image-preview:large, max-video-preview:-1\" \/>\n<link rel=\"canonical\" href=\"https:\/\/technetics.com\/fr\/on-site-services\/\" \/>\n<meta property=\"og:locale\" content=\"fr_FR\" \/>\n<meta property=\"og:type\" content=\"article\" \/>\n<meta property=\"og:title\" content=\"On-Site Services - Technetics Group\" \/>\n<meta property=\"og:url\" content=\"https:\/\/technetics.com\/fr\/on-site-services\/\" \/>\n<meta property=\"og:site_name\" content=\"Technetics Group\" \/>\n<meta property=\"article:publisher\" content=\"https:\/\/www.facebook.com\/TechneticsGroup\/\" \/>\n<meta property=\"article:modified_time\" content=\"2023-05-26T12:35:21+00:00\" \/>\n<meta property=\"og:image\" content=\"https:\/\/fast.wistia.com\/embed\/medias\/jlxyhokvdh\/swatch\" \/>\n<meta name=\"twitter:card\" content=\"summary_large_image\" \/>\n<meta name=\"twitter:site\" content=\"@TechneticsGroup\" \/>\n<meta name=\"twitter:label1\" content=\"Dur\u00e9e de lecture estim\u00e9e\" \/>\n\t<meta name=\"twitter:data1\" content=\"3 minutes\" \/>\n<script type=\"application\/ld+json\" class=\"yoast-schema-graph\">{\"@context\":\"https:\/\/schema.org\",\"@graph\":[{\"@type\":\"WebPage\",\"@id\":\"https:\/\/technetics.com\/on-site-services\/\",\"url\":\"https:\/\/technetics.com\/on-site-services\/\",\"name\":\"On-Site Services - Technetics Group\",\"isPartOf\":{\"@id\":\"https:\/\/technetics.com\/#website\"},\"primaryImageOfPage\":{\"@id\":\"https:\/\/technetics.com\/on-site-services\/#primaryimage\"},\"image\":{\"@id\":\"https:\/\/technetics.com\/on-site-services\/#primaryimage\"},\"thumbnailUrl\":\"https:\/\/fast.wistia.com\/embed\/medias\/jlxyhokvdh\/swatch\",\"datePublished\":\"2020-10-29T18:08:42+00:00\",\"dateModified\":\"2023-05-26T12:35:21+00:00\",\"breadcrumb\":{\"@id\":\"https:\/\/technetics.com\/on-site-services\/#breadcrumb\"},\"inLanguage\":\"fr-FR\",\"potentialAction\":[{\"@type\":\"ReadAction\",\"target\":[\"https:\/\/technetics.com\/on-site-services\/\"]}]},{\"@type\":\"ImageObject\",\"inLanguage\":\"fr-FR\",\"@id\":\"https:\/\/technetics.com\/on-site-services\/#primaryimage\",\"url\":\"https:\/\/fast.wistia.com\/embed\/medias\/jlxyhokvdh\/swatch\",\"contentUrl\":\"https:\/\/fast.wistia.com\/embed\/medias\/jlxyhokvdh\/swatch\"},{\"@type\":\"BreadcrumbList\",\"@id\":\"https:\/\/technetics.com\/on-site-services\/#breadcrumb\",\"itemListElement\":[{\"@type\":\"ListItem\",\"position\":1,\"name\":\"Home\",\"item\":\"https:\/\/technetics.com\/\"},{\"@type\":\"ListItem\",\"position\":2,\"name\":\"On-Site Services\"}]},{\"@type\":\"WebSite\",\"@id\":\"https:\/\/technetics.com\/#website\",\"url\":\"https:\/\/technetics.com\/\",\"name\":\"Technetics Group\",\"description\":\"Confidence For Critical Applications\",\"publisher\":{\"@id\":\"https:\/\/technetics.com\/#organization\"},\"potentialAction\":[{\"@type\":\"SearchAction\",\"target\":{\"@type\":\"EntryPoint\",\"urlTemplate\":\"https:\/\/technetics.com\/?s={search_term_string}\"},\"query-input\":{\"@type\":\"PropertyValueSpecification\",\"valueRequired\":true,\"valueName\":\"search_term_string\"}}],\"inLanguage\":\"fr-FR\"},{\"@type\":\"Organization\",\"@id\":\"https:\/\/technetics.com\/#organization\",\"name\":\"Technetics Group\",\"url\":\"https:\/\/technetics.com\/\",\"logo\":{\"@type\":\"ImageObject\",\"inLanguage\":\"fr-FR\",\"@id\":\"https:\/\/technetics.com\/#\/schema\/logo\/image\/\",\"url\":\"https:\/\/technetics.com\/wp-content\/uploads\/2025\/04\/technetics-logo-color.png\",\"contentUrl\":\"https:\/\/technetics.com\/wp-content\/uploads\/2025\/04\/technetics-logo-color.png\",\"width\":1718,\"height\":488,\"caption\":\"Technetics Group\"},\"image\":{\"@id\":\"https:\/\/technetics.com\/#\/schema\/logo\/image\/\"},\"sameAs\":[\"https:\/\/www.facebook.com\/TechneticsGroup\/\",\"https:\/\/x.com\/TechneticsGroup\",\"https:\/\/www.linkedin.com\/company\/technetics-group\/\",\"https:\/\/www.youtube.com\/user\/TechneticsGroup\"]}]}<\/script>\n<!-- \/ Yoast SEO plugin. -->","yoast_head_json":{"title":"On-Site Services - Technetics Group","robots":{"index":"index","follow":"follow","max-snippet":"max-snippet:-1","max-image-preview":"max-image-preview:large","max-video-preview":"max-video-preview:-1"},"canonical":"https:\/\/technetics.com\/fr\/on-site-services\/","og_locale":"fr_FR","og_type":"article","og_title":"On-Site Services - Technetics Group","og_url":"https:\/\/technetics.com\/fr\/on-site-services\/","og_site_name":"Technetics Group","article_publisher":"https:\/\/www.facebook.com\/TechneticsGroup\/","article_modified_time":"2023-05-26T12:35:21+00:00","og_image":[{"url":"https:\/\/fast.wistia.com\/embed\/medias\/jlxyhokvdh\/swatch","type":"","width":"","height":""}],"twitter_card":"summary_large_image","twitter_site":"@TechneticsGroup","twitter_misc":{"Dur\u00e9e de lecture estim\u00e9e":"3 minutes"},"schema":{"@context":"https:\/\/schema.org","@graph":[{"@type":"WebPage","@id":"https:\/\/technetics.com\/on-site-services\/","url":"https:\/\/technetics.com\/on-site-services\/","name":"On-Site Services - Technetics Group","isPartOf":{"@id":"https:\/\/technetics.com\/#website"},"primaryImageOfPage":{"@id":"https:\/\/technetics.com\/on-site-services\/#primaryimage"},"image":{"@id":"https:\/\/technetics.com\/on-site-services\/#primaryimage"},"thumbnailUrl":"https:\/\/fast.wistia.com\/embed\/medias\/jlxyhokvdh\/swatch","datePublished":"2020-10-29T18:08:42+00:00","dateModified":"2023-05-26T12:35:21+00:00","breadcrumb":{"@id":"https:\/\/technetics.com\/on-site-services\/#breadcrumb"},"inLanguage":"fr-FR","potentialAction":[{"@type":"ReadAction","target":["https:\/\/technetics.com\/on-site-services\/"]}]},{"@type":"ImageObject","inLanguage":"fr-FR","@id":"https:\/\/technetics.com\/on-site-services\/#primaryimage","url":"https:\/\/fast.wistia.com\/embed\/medias\/jlxyhokvdh\/swatch","contentUrl":"https:\/\/fast.wistia.com\/embed\/medias\/jlxyhokvdh\/swatch"},{"@type":"BreadcrumbList","@id":"https:\/\/technetics.com\/on-site-services\/#breadcrumb","itemListElement":[{"@type":"ListItem","position":1,"name":"Home","item":"https:\/\/technetics.com\/"},{"@type":"ListItem","position":2,"name":"On-Site Services"}]},{"@type":"WebSite","@id":"https:\/\/technetics.com\/#website","url":"https:\/\/technetics.com\/","name":"Technetics Group","description":"Confidence For Critical Applications","publisher":{"@id":"https:\/\/technetics.com\/#organization"},"potentialAction":[{"@type":"SearchAction","target":{"@type":"EntryPoint","urlTemplate":"https:\/\/technetics.com\/?s={search_term_string}"},"query-input":{"@type":"PropertyValueSpecification","valueRequired":true,"valueName":"search_term_string"}}],"inLanguage":"fr-FR"},{"@type":"Organization","@id":"https:\/\/technetics.com\/#organization","name":"Technetics Group","url":"https:\/\/technetics.com\/","logo":{"@type":"ImageObject","inLanguage":"fr-FR","@id":"https:\/\/technetics.com\/#\/schema\/logo\/image\/","url":"https:\/\/technetics.com\/wp-content\/uploads\/2025\/04\/technetics-logo-color.png","contentUrl":"https:\/\/technetics.com\/wp-content\/uploads\/2025\/04\/technetics-logo-color.png","width":1718,"height":488,"caption":"Technetics Group"},"image":{"@id":"https:\/\/technetics.com\/#\/schema\/logo\/image\/"},"sameAs":["https:\/\/www.facebook.com\/TechneticsGroup\/","https:\/\/x.com\/TechneticsGroup","https:\/\/www.linkedin.com\/company\/technetics-group\/","https:\/\/www.youtube.com\/user\/TechneticsGroup"]}]}},"_links":{"self":[{"href":"https:\/\/technetics.com\/fr\/wp-json\/wp\/v2\/pages\/270","targetHints":{"allow":["GET"]}}],"collection":[{"href":"https:\/\/technetics.com\/fr\/wp-json\/wp\/v2\/pages"}],"about":[{"href":"https:\/\/technetics.com\/fr\/wp-json\/wp\/v2\/types\/page"}],"author":[{"embeddable":true,"href":"https:\/\/technetics.com\/fr\/wp-json\/wp\/v2\/users\/1"}],"replies":[{"embeddable":true,"href":"https:\/\/technetics.com\/fr\/wp-json\/wp\/v2\/comments?post=270"}],"version-history":[{"count":15,"href":"https:\/\/technetics.com\/fr\/wp-json\/wp\/v2\/pages\/270\/revisions"}],"predecessor-version":[{"id":10968,"href":"https:\/\/technetics.com\/fr\/wp-json\/wp\/v2\/pages\/270\/revisions\/10968"}],"wp:attachment":[{"href":"https:\/\/technetics.com\/fr\/wp-json\/wp\/v2\/media?parent=270"}],"wp:term":[{"taxonomy":"classification","embeddable":true,"href":"https:\/\/technetics.com\/fr\/wp-json\/wp\/v2\/classification?post=270"}],"curies":[{"name":"wp","href":"https:\/\/api.w.org\/{rel}","templated":true}]}}