{"id":2999,"date":"2020-12-16T17:03:31","date_gmt":"2020-12-16T22:03:31","guid":{"rendered":"https:\/\/live-technetics.pantheonsite.io\/?page_id=2999"},"modified":"2022-11-18T09:12:10","modified_gmt":"2022-11-18T14:12:10","slug":"gdpr","status":"publish","type":"page","link":"https:\/\/technetics.com\/fr\/gdpr\/","title":{"rendered":"GDPR"},"content":{"rendered":"<div id='av_section_1'  class='avia-section av-kgvlxp99-598e6c7700687e02412acb61e085fb62 main_color avia-section-default avia-no-border-styling  avia-builder-el-0  avia-builder-el-no-sibling  avia-bg-style-scroll container_wrap fullsize'  ><div class='container av-section-cont-open' ><main  role=\"main\" itemprop=\"mainContentOfPage\"  class='template-page content  av-content-full alpha units'><div class='post-entry post-entry-type-page post-entry-2999'><div class='entry-content-wrapper clearfix'>\n\n<style type=\"text\/css\" data-created_by=\"avia_inline_auto\" id=\"style-css-av-90j45-ff9d9e9bb4ca36f0b722e023366d31f9\">\n.flex_column.av-90j45-ff9d9e9bb4ca36f0b722e023366d31f9{\nborder-radius:0px 0px 0px 0px;\npadding:0px 0px 0px 0px;\n}\n<\/style>\n<div  class='flex_column av-90j45-ff9d9e9bb4ca36f0b722e023366d31f9 av_one_full  avia-builder-el-1  avia-builder-el-no-sibling  first flex_column_div av-zero-column-padding'     ><p>\n<style type=\"text\/css\" data-created_by=\"avia_inline_auto\" id=\"style-css-av-kf8stopq-4cf6a43b483a5e3dac9eff600575fa38\">\n#top .hr.av-kf8stopq-4cf6a43b483a5e3dac9eff600575fa38{\nmargin-top:30px;\nmargin-bottom:30px;\n}\n.hr.av-kf8stopq-4cf6a43b483a5e3dac9eff600575fa38 .hr-inner{\nwidth:50px;\n}\n<\/style>\n<div  id=\"center-accent-line\"  class='hr av-kf8stopq-4cf6a43b483a5e3dac9eff600575fa38 hr-custom  avia-builder-el-2  el_before_av_textblock  avia-builder-el-first  hr-center hr-icon-no'><span class='hr-inner inner-border-av-border-thin'><span class=\"hr-inner-style\"><\/span><\/span><\/div><br \/>\n<section  class='av_textblock_section av-kirz3m2p-18a1c17f9e19b7f76c713d60970e2bfe'   itemscope=\"itemscope\" itemtype=\"https:\/\/schema.org\/CreativeWork\" ><div class='avia_textblock intro-paragraph'  itemprop=\"text\" ><p>La protection des donn\u00e9es personnelles est tr\u00e8s importante pour Technetics. Cette d\u00e9claration de confidentialit\u00e9 sert \u00e0 informer les visiteurs du site web de Technetics (\"Utilisateur(s)\") sur le traitement des donn\u00e9es personnelles (\"Donn\u00e9es\") qui a lieu sur ce site web sous r\u00e9serve des lois applicables en mati\u00e8re de protection des donn\u00e9es, en particulier le r\u00e8glement (UE) 2016\/679 (R\u00e8glement g\u00e9n\u00e9ral sur la protection des donn\u00e9es - \"GDPR\").<\/p>\n<p>Tel qu'utilis\u00e9 dans cette d\u00e9claration de confidentialit\u00e9, Technetics fait r\u00e9f\u00e9rence \u00e0 Technetics Group LLC et \u00e0 ses soci\u00e9t\u00e9s affili\u00e9es \u00e9num\u00e9r\u00e9es dans la section 7 de cette d\u00e9claration de confidentialit\u00e9. Vous pouvez contacter Technetics par courrier \u00e9lectronique \u00e0 l'adresse marketing@technetics.com ou par courrier postal \u00e0 l'adresse<\/p>\n<p>Technetics Group LLC<br \/>\n2791 The Boulevard<br \/>\nColumbia, SC 29209 USA<\/p>\n<\/div><\/section><br \/>\n<section  class='av_textblock_section av-kgvndh38-71cea00001874c6c073925942deea6f1'   itemscope=\"itemscope\" itemtype=\"https:\/\/schema.org\/CreativeWork\" ><div class='avia_textblock'  itemprop=\"text\" ><h4><strong>1. Responsable du traitement des donn\u00e9es<\/strong><\/h4>\n<p>Technetics est le responsable du traitement licite des donn\u00e9es personnelles des utilisateurs. L'adresse enregistr\u00e9e de Technetics est indiqu\u00e9e ci-dessus. Vous pouvez contacter Technetics \u00e0 l'adresse ci-dessus, ou par courrier \u00e9lectronique \u00e0 l'adresse marketing@technetics.com<\/p>\n<h4><strong>2. Donn\u00e9es trait\u00e9es et finalit\u00e9s du traitement<\/strong><\/h4>\n<p><strong>2.1 Donn\u00e9es d'utilisation<\/strong><br \/>\nLorsqu'un utilisateur acc\u00e8de au site web de Technetics, les serveurs du site web stockent automatiquement certaines donn\u00e9es du syst\u00e8me d'acc\u00e8s. Ces donn\u00e9es comprennent le type de navigateur utilis\u00e9, la version du navigateur, le syst\u00e8me d'exploitation utilis\u00e9, le site web \u00e0 partir duquel l'utilisateur a acc\u00e9d\u00e9 au site web de Technetics, les sous-pages contr\u00f4l\u00e9es du site web de Technetics, la date et l'heure d'acc\u00e8s, l'adresse de protocole internet (adresse IP), le fournisseur d'acc\u00e8s internet et des donn\u00e9es comparables \u00e0 la liste ci-dessus.<\/p>\n<p>Technetics utilise ces donn\u00e9es pour rendre son site web disponible, pour d\u00e9tecter et supprimer les probl\u00e8mes techniques \u00e9ventuels et pour pr\u00e9venir et, le cas \u00e9ch\u00e9ant, poursuivre tout abus du site web. Technetics utilise \u00e9galement ces donn\u00e9es sous forme anonyme, c'est-\u00e0-dire sans pouvoir identifier l'utilisateur, \u00e0 des fins statistiques et pour am\u00e9liorer le site web. La base juridique du traitement des donn\u00e9es personnelles d'utilisation est l'article 6, paragraphe 1, premier alin\u00e9a, point f), du RDPE.<\/p>\n<p><strong>2.2 Utilisation des cookies<\/strong><br \/>\nCe site web utilise des cookies (\"Cookies\") pour vous distinguer des autres utilisateurs de notre site web. Un cookie est un petit fichier de lettres et de chiffres que nous stockons sur votre navigateur ou sur le disque dur de votre ordinateur. Les cookies contiennent des informations qui sont transf\u00e9r\u00e9es sur le disque dur de votre ordinateur.<\/p>\n<p>Ces cookies nous aident \u00e0 vous offrir une bonne exp\u00e9rience lorsque vous naviguez sur nos sites web et nous permettent \u00e9galement d'am\u00e9liorer nos sites. En continuant \u00e0 naviguer sur les sites ou en soumettant des formulaires sur nos sites, vous acceptez notre utilisation des cookies.<\/p>\n<p><strong>Nous utilisons les types de cookies suivants :<\/strong><\/p>\n<p>Cookies strictement n\u00e9cessaires. Il s'agit des cookies n\u00e9cessaires au fonctionnement de notre site web. Ils comprennent, par exemple, les cookies qui vous permettent de vous connecter aux zones s\u00e9curis\u00e9es de notre site web et de personnaliser votre compte et votre profil d'information.<\/p>\n<p>Cookies analytiques\/performants. Ils nous permettent de reconna\u00eetre et de compter le nombre de visiteurs et de voir comment les visiteurs se d\u00e9placent sur nos sites web lorsqu'ils les utilisent. Cela nous aide \u00e0 am\u00e9liorer le fonctionnement de nos sites web, par exemple en garantissant que les utilisateurs trouvent facilement ce qu'ils cherchent.<\/p>\n<p>Cookies de fonctionnalit\u00e9. Ces cookies sont utilis\u00e9s pour vous reconna\u00eetre lorsque vous revenez sur notre site web. Cela nous permet de personnaliser notre contenu pour vous, de vous saluer par votre nom et de m\u00e9moriser vos pr\u00e9f\u00e9rences (par exemple, votre choix de langue ou de r\u00e9gion).<\/p>\n<p>Cibler les cookies. Ces cookies enregistrent votre visite sur notre site web, les pages que vous avez visit\u00e9es et les liens que vous avez suivis. Nous utiliserons ces informations pour rendre notre site web et la publicit\u00e9 qui y est affich\u00e9e plus pertinents par rapport \u00e0 vos int\u00e9r\u00eats. Nous pouvons \u00e9galement partager ces informations avec des tiers \u00e0 cette fin.<\/p>\n<h5>La base juridique du traitement des donn\u00e9es \u00e0 caract\u00e8re personnel est l'article 6, paragraphe 1, premier alin\u00e9a, point f), du GDPR.<\/h5>\n<p>LES UTILISATEURS PEUVENT D\u00c9SACTIVER OU LIMITER LE TRANSFERT DE COOKIES EN MODIFIANT LES PARAM\u00c8TRES DU NAVIGATEUR INTERNET. LES COOKIES D\u00c9J\u00c0 STOCK\u00c9S PEUVENT \u00caTRE EFFAC\u00c9S \u00c0 TOUT MOMENT. CELA PEUT \u00c9GALEMENT SE FAIRE PAR DES MOYENS AUTOMATIQUES. SI VOUS D\u00c9SACTIVEZ LES COOKIES POUR CE SITE WEB, CERTAINES FONCTIONS DU SITE WEB PEUVENT DEVENIR INUTILISABLES.<\/p>\n<p><strong>2.3 Google Analytics<\/strong><br \/>\nTechnetics utilise les fonctions du service d'analyse web Google Analytics. Ce service est fourni par Google Inc, 1600 Amphitheatre Parkway, Mountain View, CA 94043, \u00c9tats-Unis (\"Google\"). Google Analytics utilise \u00e9galement des cookies. Les informations g\u00e9n\u00e9r\u00e9es par le cookie sur l'utilisation de ce site web sont en r\u00e8gle g\u00e9n\u00e9rale transmises \u00e0 un serveur de Google aux Etats-Unis o\u00f9 elles sont stock\u00e9es.<\/p>\n<p>L'utilisation de Google Analytics par Technetics int\u00e8gre la fonction \"d'anonymisation de la propri\u00e9t\u00e9 intellectuelle\". Cela signifie que l'adresse IP de l'utilisateur collect\u00e9e par le cookie Google Analytics sera pr\u00e9alablement raccourcie par Google dans les Etats membres de l'Union europ\u00e9enne ou dans d'autres Etats signataires du Trait\u00e9 sur l'Espace \u00e9conomique europ\u00e9en avant d'\u00eatre transmise aux Etats-Unis. Ce n'est que dans des cas exceptionnels que l'adresse IP compl\u00e8te sera transmise \u00e0 un serveur de Google aux \u00c9tats-Unis et y sera raccourcie.<\/p>\n<p>Google utilise les informations g\u00e9n\u00e9r\u00e9es par le cookie Google Analytics pour le compte de Technetics afin d'\u00e9valuer l'utilisation du site web, d'\u00e9tablir des rapports sur les activit\u00e9s du site web et de fournir \u00e0 Technetics des services suppl\u00e9mentaires li\u00e9s \u00e0 l'utilisation du site web et d'Internet. L'adresse IP transmise par le navigateur du syst\u00e8me d'acc\u00e8s dans le cadre de Google Analytics ne sera pas combin\u00e9e avec d'autres donn\u00e9es de Google. Des informations plus d\u00e9taill\u00e9es sur les conditions d'utilisation et la protection des donn\u00e9es sont disponibles sur http:\/\/www.google.com\/analytics\/terms ou sur http:\/\/www.google.com\/intl\/analytics\/privacyoverview. La base juridique du traitement des donn\u00e9es personnelles par l'utilisation de cookies est l'article 6, paragraphe 1, premier alin\u00e9a, point f), du GDPR.<\/p>\n<p>L'utilisateur peut emp\u00eacher Google de collecter les donn\u00e9es g\u00e9n\u00e9r\u00e9es par le cookie et relatives \u00e0 l'utilisation du site web ou de traiter ces donn\u00e9es en t\u00e9l\u00e9chargeant et en installant le plugin du navigateur disponible via le lien suivant (https:\/\/tools.google.com\/dlpage\/gaoptout?hl=en). Dans ce cas, certaines fonctions du site web peuvent ne pas \u00eatre enti\u00e8rement utilisables. L'utilisateur peut \u00e9galement emp\u00eacher la collecte de donn\u00e9es par Google Analytics en cliquant sur le lien suivant. Dans ce cas, un cookie de d\u00e9sactivation est install\u00e9 qui emp\u00eache la collecte des donn\u00e9es de l'Utilisateur lors de ses prochaines visites sur ce site web : d\u00e9sactivez Google Analytics. L'utilisateur peut \u00e9galement d\u00e9sactiver ou limiter le transfert de cookies en modifiant les param\u00e8tres de son navigateur. Les cookies d\u00e9j\u00e0 enregistr\u00e9s peuvent \u00eatre effac\u00e9s \u00e0 tout moment. Cela peut \u00e9galement se faire par des moyens automatiques. Si un utilisateur d\u00e9sactive les cookies pour ce site web, il se peut que certaines fonctions du site web ne soient plus utilisables. Si l'utilisateur souhaite accepter uniquement les cookies de Technetics mais pas ceux des fournisseurs de services et des partenaires de Technetics, il peut s\u00e9lectionner les param\u00e8tres \"Bloquer les cookies des fournisseurs tiers\" (ou autres param\u00e8tres similaires) sur son navigateur.<\/p>\n<p><strong>2.4 LINKEDIN INSIGHT TRACKING<\/strong><br \/>\nLe tag LinkedIn Insight est un morceau de code JavaScript l\u00e9ger que nous utilisons sur notre site web pour permettre un compte-rendu approfondi de la campagne et donner un aper\u00e7u des visiteurs de notre site web. Nous utilisons le LinkedIn Insight Tag pour suivre les conversions, recibler les visiteurs du site web, et d\u00e9bloquer des informations suppl\u00e9mentaires sur les personnes qui interagissent avec nos publicit\u00e9s. LinkedIn Insight Tag permet de collecter l'adresse IP, les caract\u00e9ristiques du dispositif et du navigateur, ainsi que l'horodatage. Toutes les donn\u00e9es sont crypt\u00e9es. Les adresses IP sont tronqu\u00e9es ou hach\u00e9es et les identifiants directs sont supprim\u00e9s dans un d\u00e9lai de sept jours afin de rendre les donn\u00e9es pseudonymes. Les donn\u00e9es pseudonymis\u00e9es restantes sont supprim\u00e9es dans un d\u00e9lai de 180 jours.<\/p>\n<p>LinkedIn ne partage pas les donn\u00e9es personnelles avec nous, il fournit seulement des rapports (qui ne vous identifient pas) sur l'audience du site et la performance des publicit\u00e9s. Vous pouvez d\u00e9sactiver les cookies de LinkedIn sur votre page de param\u00e8tres LinkedIn et nous vous recommandons de lire leur politique en mati\u00e8re de cookies pour plus d'informations.<\/p>\n<p><strong>2.5 Autres outils d'analyse du web<\/strong><br \/>\nTechnetics.com utilise \u00e9galement Mouseflow, un outil d'analyse qui suit les clics\/touches, les mouvements de la souris, le d\u00e9filement, la frappe et d'autres m\u00e9ta-donn\u00e9es. Vous pouvez vous d\u00e9sengager de ce suivi en visitant https:\/\/mouseflow.com\/opt-out\/.<\/p>\n<p><strong>2.6 Donn\u00e9es transf\u00e9r\u00e9es dans le cadre de demandes d'informations<\/strong><br \/>\nNotre site web comporte de nombreuses zones qui vous permettent de demander des informations imprim\u00e9es et\/ou num\u00e9riques \u00e0 Technetics. Si vous demandez l'une de ces informations, nous vous demanderons votre nom, votre adresse \u00e9lectronique et\/ou votre adresse postale. Si vous demandez des documents imprim\u00e9s, nous utiliserons vos donn\u00e9es personnelles pour vous les envoyer par la poste. Si vous demandez des informations num\u00e9riques, nous utiliserons vos donn\u00e9es personnelles pour vous envoyer les documents par courrier \u00e9lectronique. Technetics ne partage pas ces informations personnelles avec quiconque n'est pas n\u00e9cessaire \u00e0 la demande d'informations. La base juridique pour le traitement des donn\u00e9es d\u00e9crites ci-dessus, en fonction du contenu de la prise de contact respective, est l'article 6, paragraphe 1, alin\u00e9a 1, point b), respectivement f), du GDPR.<\/p>\n<p><strong>2.7 Bulletin d'information<\/strong><br \/>\nVous pouvez choisir de vous inscrire aux alertes \u00e9lectroniques de Technetics. Si vous le faites, nous vous demanderons votre nom et votre adresse \u00e9lectronique, et vous aurez la possibilit\u00e9 de fournir votre titre de poste et votre organisation. Nous n'enverrons pas ces alertes par courrier \u00e9lectronique \u00e0 moins que vous ne vous inscriviez express\u00e9ment en cochant la case \"cr\u00e9er un nouveau compte\" sous le formulaire de contact ; inversement, vous pouvez vous d\u00e9sabonner \u00e0 tout moment en envoyant un courrier \u00e9lectronique \u00e0 marketing@technetics.com ou en cliquant sur le lien de d\u00e9sabonnement figurant dans n'importe quel courrier \u00e9lectronique. Technetics n'utilise ces informations que pour fournir des alertes par courrier \u00e9lectronique et ne partage pas vos informations personnelles avec d'autres personnes que notre fournisseur d'h\u00e9bergement web et son partenaire de services de courrier \u00e9lectronique. La base juridique pour le traitement des donn\u00e9es d\u00e9crites ci-dessus est l'article 6, paragraphe 1, alin\u00e9a 1, point a), du GDPR.<\/p>\n<h4>3. Transfert de donn\u00e9es \u00e0 des parties externes<\/h4>\n<p>Technetics re\u00e7oit l'aide de prestataires de services ext\u00e9rieurs pour certains processus d'analyse, de traitement ou de stockage de donn\u00e9es techniques (par exemple pour obtenir des statistiques agr\u00e9g\u00e9es non personnelles \u00e0 partir de bases de donn\u00e9es ou pour le stockage de copies de sauvegarde). Ces prestataires de services sont soigneusement s\u00e9lectionn\u00e9s et r\u00e9pondent \u00e0 des normes \u00e9lev\u00e9es de protection et de s\u00e9curit\u00e9 des donn\u00e9es. Ils sont tenus de maintenir une stricte confidentialit\u00e9 et de ne traiter les donn\u00e9es personnelles que lorsqu'ils sont mandat\u00e9s par Technetics et conform\u00e9ment aux instructions de Technetics. La base juridique de la participation de ces prestataires de services est l'article 28 du GDPR.<\/p>\n<p>Sauf dans les cas pr\u00e9vus dans la pr\u00e9sente d\u00e9claration de confidentialit\u00e9, Technetics ne transf\u00e8re des donn\u00e9es \u00e0 des tiers sans le consentement explicite de l'utilisateur que si la loi ou une directive administrative ou judiciaire l'y oblige.<\/p>\n<h4>4. Lieu de traitement des donn\u00e9es<\/h4>\n<p>Le site web de Technetics est h\u00e9berg\u00e9 par EPIC of Wisconsin, Inc. 300 S. 6th Ave, West Bend, WI 53095 U.S.A. EPIC conserve les donn\u00e9es collect\u00e9es par le site web de Technetics (y compris les cookies) sur ses serveurs situ\u00e9s aux \u00c9tats-Unis. L'acc\u00e8s aux donn\u00e9es est limit\u00e9 aux employ\u00e9s de Technetics et d'EPIC. Conform\u00e9ment \u00e0 l'article 46 du GDPR, Technetics et EPIC ont conclu des clauses standard de protection des donn\u00e9es afin de fournir des garanties appropri\u00e9es concernant le transfert de donn\u00e9es en dehors de l'UE.<\/p>\n<h4>5. P\u00e9riode de stockage<\/h4>\n<p>Les donn\u00e9es d'utilisation sont conserv\u00e9es aussi longtemps qu'elles sont n\u00e9cessaires aux fins d\u00e9crites ou jusqu'\u00e0 ce que l'utilisateur ait r\u00e9voqu\u00e9 son consentement, pour autant que les dispositions l\u00e9gales ne pr\u00e9voient pas de p\u00e9riode de conservation plus longue.<\/p>\n<h4>6. Droits des utilisateurs<\/h4>\n<p>Les utilisateurs qui souhaitent obtenir des informations d\u00e9taill\u00e9es sur le traitement des donn\u00e9es personnelles les concernant peuvent contacter Technetics \u00e0 tout moment. Ils peuvent \u00e9galement demander \u00e0 recevoir, dans un format structur\u00e9, couramment utilis\u00e9 et lisible par machine, les donn\u00e9es qu'ils ont fournies \u00e0 Technetics ou \u00e0 ce que ces donn\u00e9es soient transf\u00e9r\u00e9es \u00e0 un tiers. Si les utilisateurs constatent que les donn\u00e9es stock\u00e9es \u00e0 leur sujet sont incorrectes ou incompl\u00e8tes, ils peuvent \u00e0 tout moment demander que ces donn\u00e9es soient imm\u00e9diatement rectifi\u00e9es ou compl\u00e9t\u00e9es. Sous r\u00e9serve des conditions pr\u00e9alables \u00e9nonc\u00e9es aux articles 17 et 18 de la GDPR, l'utilisateur peut \u00e9galement exiger l'effacement ou la limitation du traitement des donn\u00e9es \u00e0 caract\u00e8re personnel. L'utilisateur a \u00e9galement le droit de d\u00e9poser une plainte aupr\u00e8s de l'autorit\u00e9 de contr\u00f4le comp\u00e9tente pour Technetics.<\/p>\n<h4>7. Informations de contact<\/h4>\n<p>L'utilisateur peut contacter Technetics \u00e0 tout moment pour toute question concernant le traitement des donn\u00e9es personnelles par Technetics et l'exercice des droits auxquels l'utilisateur a droit contre ce traitement \u00e0 l'adresse indiqu\u00e9e dans le paragraphe d'ouverture de cette d\u00e9claration de confidentialit\u00e9.<\/p>\n<\/div><\/section><\/p><\/div>","protected":false},"excerpt":{"rendered":"","protected":false},"author":1,"featured_media":0,"parent":0,"menu_order":0,"comment_status":"closed","ping_status":"closed","template":"","meta":{"inline_featured_image":false,"footnotes":""},"classification":[],"class_list":["post-2999","page","type-page","status-publish","hentry"],"yoast_head":"<!-- This site is optimized with the Yoast SEO plugin v25.2 - https:\/\/yoast.com\/wordpress\/plugins\/seo\/ -->\n<title>GDPR - Technetics Group<\/title>\n<meta name=\"robots\" content=\"index, follow, max-snippet:-1, max-image-preview:large, max-video-preview:-1\" \/>\n<link rel=\"canonical\" href=\"https:\/\/technetics.com\/fr\/gdpr\/\" \/>\n<meta property=\"og:locale\" content=\"fr_FR\" \/>\n<meta property=\"og:type\" content=\"article\" \/>\n<meta property=\"og:title\" content=\"GDPR - Technetics Group\" \/>\n<meta property=\"og:url\" content=\"https:\/\/technetics.com\/fr\/gdpr\/\" \/>\n<meta property=\"og:site_name\" content=\"Technetics Group\" \/>\n<meta property=\"article:publisher\" content=\"https:\/\/www.facebook.com\/TechneticsGroup\/\" \/>\n<meta property=\"article:modified_time\" content=\"2022-11-18T14:12:10+00:00\" \/>\n<meta property=\"og:image\" content=\"https:\/\/technetics.com\/wp-content\/uploads\/2025\/04\/technetics-logo-color.png\" \/>\n\t<meta property=\"og:image:width\" content=\"1718\" \/>\n\t<meta property=\"og:image:height\" content=\"488\" \/>\n\t<meta property=\"og:image:type\" content=\"image\/png\" \/>\n<meta name=\"twitter:card\" content=\"summary_large_image\" \/>\n<meta name=\"twitter:site\" content=\"@TechneticsGroup\" \/>\n<meta name=\"twitter:label1\" content=\"Dur\u00e9e de lecture estim\u00e9e\" \/>\n\t<meta name=\"twitter:data1\" content=\"9 minutes\" \/>\n<script type=\"application\/ld+json\" class=\"yoast-schema-graph\">{\"@context\":\"https:\/\/schema.org\",\"@graph\":[{\"@type\":\"WebPage\",\"@id\":\"https:\/\/technetics.com\/ko\/gdpr\/\",\"url\":\"https:\/\/technetics.com\/ko\/gdpr\/\",\"name\":\"GDPR - Technetics Group\",\"isPartOf\":{\"@id\":\"https:\/\/technetics.com\/#website\"},\"datePublished\":\"2020-12-16T22:03:31+00:00\",\"dateModified\":\"2022-11-18T14:12:10+00:00\",\"breadcrumb\":{\"@id\":\"https:\/\/technetics.com\/ko\/gdpr\/#breadcrumb\"},\"inLanguage\":\"fr-FR\",\"potentialAction\":[{\"@type\":\"ReadAction\",\"target\":[\"https:\/\/technetics.com\/ko\/gdpr\/\"]}]},{\"@type\":\"BreadcrumbList\",\"@id\":\"https:\/\/technetics.com\/ko\/gdpr\/#breadcrumb\",\"itemListElement\":[{\"@type\":\"ListItem\",\"position\":1,\"name\":\"Home\",\"item\":\"https:\/\/technetics.com\/\"},{\"@type\":\"ListItem\",\"position\":2,\"name\":\"GDPR\"}]},{\"@type\":\"WebSite\",\"@id\":\"https:\/\/technetics.com\/#website\",\"url\":\"https:\/\/technetics.com\/\",\"name\":\"Technetics Group\",\"description\":\"Confidence For Critical Applications\",\"publisher\":{\"@id\":\"https:\/\/technetics.com\/#organization\"},\"potentialAction\":[{\"@type\":\"SearchAction\",\"target\":{\"@type\":\"EntryPoint\",\"urlTemplate\":\"https:\/\/technetics.com\/?s={search_term_string}\"},\"query-input\":{\"@type\":\"PropertyValueSpecification\",\"valueRequired\":true,\"valueName\":\"search_term_string\"}}],\"inLanguage\":\"fr-FR\"},{\"@type\":\"Organization\",\"@id\":\"https:\/\/technetics.com\/#organization\",\"name\":\"Technetics Group\",\"url\":\"https:\/\/technetics.com\/\",\"logo\":{\"@type\":\"ImageObject\",\"inLanguage\":\"fr-FR\",\"@id\":\"https:\/\/technetics.com\/#\/schema\/logo\/image\/\",\"url\":\"https:\/\/technetics.com\/wp-content\/uploads\/2025\/04\/technetics-logo-color.png\",\"contentUrl\":\"https:\/\/technetics.com\/wp-content\/uploads\/2025\/04\/technetics-logo-color.png\",\"width\":1718,\"height\":488,\"caption\":\"Technetics Group\"},\"image\":{\"@id\":\"https:\/\/technetics.com\/#\/schema\/logo\/image\/\"},\"sameAs\":[\"https:\/\/www.facebook.com\/TechneticsGroup\/\",\"https:\/\/x.com\/TechneticsGroup\",\"https:\/\/www.linkedin.com\/company\/technetics-group\/\",\"https:\/\/www.youtube.com\/user\/TechneticsGroup\"]}]}<\/script>\n<!-- \/ Yoast SEO plugin. -->","yoast_head_json":{"title":"GDPR - Technetics Group","robots":{"index":"index","follow":"follow","max-snippet":"max-snippet:-1","max-image-preview":"max-image-preview:large","max-video-preview":"max-video-preview:-1"},"canonical":"https:\/\/technetics.com\/fr\/gdpr\/","og_locale":"fr_FR","og_type":"article","og_title":"GDPR - Technetics Group","og_url":"https:\/\/technetics.com\/fr\/gdpr\/","og_site_name":"Technetics Group","article_publisher":"https:\/\/www.facebook.com\/TechneticsGroup\/","article_modified_time":"2022-11-18T14:12:10+00:00","og_image":[{"width":1718,"height":488,"url":"https:\/\/technetics.com\/wp-content\/uploads\/2025\/04\/technetics-logo-color.png","type":"image\/png"}],"twitter_card":"summary_large_image","twitter_site":"@TechneticsGroup","twitter_misc":{"Dur\u00e9e de lecture estim\u00e9e":"9 minutes"},"schema":{"@context":"https:\/\/schema.org","@graph":[{"@type":"WebPage","@id":"https:\/\/technetics.com\/ko\/gdpr\/","url":"https:\/\/technetics.com\/ko\/gdpr\/","name":"GDPR - Technetics Group","isPartOf":{"@id":"https:\/\/technetics.com\/#website"},"datePublished":"2020-12-16T22:03:31+00:00","dateModified":"2022-11-18T14:12:10+00:00","breadcrumb":{"@id":"https:\/\/technetics.com\/ko\/gdpr\/#breadcrumb"},"inLanguage":"fr-FR","potentialAction":[{"@type":"ReadAction","target":["https:\/\/technetics.com\/ko\/gdpr\/"]}]},{"@type":"BreadcrumbList","@id":"https:\/\/technetics.com\/ko\/gdpr\/#breadcrumb","itemListElement":[{"@type":"ListItem","position":1,"name":"Home","item":"https:\/\/technetics.com\/"},{"@type":"ListItem","position":2,"name":"GDPR"}]},{"@type":"WebSite","@id":"https:\/\/technetics.com\/#website","url":"https:\/\/technetics.com\/","name":"Technetics Group","description":"Confidence For Critical Applications","publisher":{"@id":"https:\/\/technetics.com\/#organization"},"potentialAction":[{"@type":"SearchAction","target":{"@type":"EntryPoint","urlTemplate":"https:\/\/technetics.com\/?s={search_term_string}"},"query-input":{"@type":"PropertyValueSpecification","valueRequired":true,"valueName":"search_term_string"}}],"inLanguage":"fr-FR"},{"@type":"Organization","@id":"https:\/\/technetics.com\/#organization","name":"Technetics Group","url":"https:\/\/technetics.com\/","logo":{"@type":"ImageObject","inLanguage":"fr-FR","@id":"https:\/\/technetics.com\/#\/schema\/logo\/image\/","url":"https:\/\/technetics.com\/wp-content\/uploads\/2025\/04\/technetics-logo-color.png","contentUrl":"https:\/\/technetics.com\/wp-content\/uploads\/2025\/04\/technetics-logo-color.png","width":1718,"height":488,"caption":"Technetics Group"},"image":{"@id":"https:\/\/technetics.com\/#\/schema\/logo\/image\/"},"sameAs":["https:\/\/www.facebook.com\/TechneticsGroup\/","https:\/\/x.com\/TechneticsGroup","https:\/\/www.linkedin.com\/company\/technetics-group\/","https:\/\/www.youtube.com\/user\/TechneticsGroup"]}]}},"_links":{"self":[{"href":"https:\/\/technetics.com\/fr\/wp-json\/wp\/v2\/pages\/2999","targetHints":{"allow":["GET"]}}],"collection":[{"href":"https:\/\/technetics.com\/fr\/wp-json\/wp\/v2\/pages"}],"about":[{"href":"https:\/\/technetics.com\/fr\/wp-json\/wp\/v2\/types\/page"}],"author":[{"embeddable":true,"href":"https:\/\/technetics.com\/fr\/wp-json\/wp\/v2\/users\/1"}],"replies":[{"embeddable":true,"href":"https:\/\/technetics.com\/fr\/wp-json\/wp\/v2\/comments?post=2999"}],"version-history":[{"count":5,"href":"https:\/\/technetics.com\/fr\/wp-json\/wp\/v2\/pages\/2999\/revisions"}],"predecessor-version":[{"id":11006,"href":"https:\/\/technetics.com\/fr\/wp-json\/wp\/v2\/pages\/2999\/revisions\/11006"}],"wp:attachment":[{"href":"https:\/\/technetics.com\/fr\/wp-json\/wp\/v2\/media?parent=2999"}],"wp:term":[{"taxonomy":"classification","embeddable":true,"href":"https:\/\/technetics.com\/fr\/wp-json\/wp\/v2\/classification?post=2999"}],"curies":[{"name":"wp","href":"https:\/\/api.w.org\/{rel}","templated":true}]}}