{"id":340,"date":"2020-10-29T18:55:01","date_gmt":"2020-10-29T18:55:01","guid":{"rendered":"https:\/\/live-technetics.pantheonsite.io\/?page_id=340"},"modified":"2024-05-03T11:10:04","modified_gmt":"2024-05-03T15:10:04","slug":"peek-shapes-and-components","status":"publish","type":"page","link":"https:\/\/technetics.com\/fr\/technetics-products\/peek-shapes-and-components\/","title":{"rendered":"Formes et composants PEEK"},"content":{"rendered":"<style type=\"text\/css\" data-created_by=\"avia_inline_auto\" id=\"style-css-av-fy931-af6ec751228c05b210127d67ed85c49f\">\n.avia-section.av-fy931-af6ec751228c05b210127d67ed85c49f .av-parallax .av-parallax-inner{\nbackground-repeat:no-repeat;\nbackground-image:url(https:\/\/technetics.com\/wp-content\/uploads\/2020\/11\/peek-shapes-and-components_v3.jpg);\nbackground-position:50% 50%;\nbackground-attachment:scroll;\n}\n<\/style>\n<div id='interior-page-header-image'  class='avia-section av-fy931-af6ec751228c05b210127d67ed85c49f main_color avia-section-default avia-no-border-styling  avia-builder-el-0  el_before_av_section  avia-builder-el-first  avia-full-stretch av-parallax-section avia-bg-style-parallax container_wrap fullsize'  data-section-bg-repeat='stretch'><div class='av-parallax' data-avia-parallax-ratio='0.3' ><div class='av-parallax-inner main_color avia-full-stretch'><\/div><\/div><div class='container av-section-cont-open' ><main  role=\"main\" itemprop=\"mainContentOfPage\"  class='template-page content  av-content-full alpha units'><div class='post-entry post-entry-type-page post-entry-340'><div class='entry-content-wrapper clearfix'>\n<\/div><\/div><\/main><!-- close content main element --><\/div><\/div><div id='av_section_2'  class='avia-section av-kgvlxp99-c9acdad4986b5cb5938aec7e4bdf2f71 main_color avia-section-default avia-no-border-styling  avia-builder-el-1  el_after_av_section  el_before_av_button  interior-page-intro-paragraph avia-bg-style-scroll container_wrap fullsize'  ><div class='container av-section-cont-open' ><div class='template-page content  av-content-full alpha units'><div class='post-entry post-entry-type-page post-entry-340'><div class='entry-content-wrapper clearfix'>\n\n<style type=\"text\/css\" data-created_by=\"avia_inline_auto\" id=\"style-css-av-90j45-ff9d9e9bb4ca36f0b722e023366d31f9\">\n.flex_column.av-90j45-ff9d9e9bb4ca36f0b722e023366d31f9{\nborder-radius:0px 0px 0px 0px;\npadding:0px 0px 0px 0px;\n}\n<\/style>\n<div  class='flex_column av-90j45-ff9d9e9bb4ca36f0b722e023366d31f9 av_one_full  avia-builder-el-2  avia-builder-el-no-sibling  first flex_column_div av-zero-column-padding'     ><p>\n<style type=\"text\/css\" data-created_by=\"avia_inline_auto\" id=\"style-css-av-kf8stopq-4cf6a43b483a5e3dac9eff600575fa38\">\n#top .hr.av-kf8stopq-4cf6a43b483a5e3dac9eff600575fa38{\nmargin-top:30px;\nmargin-bottom:30px;\n}\n.hr.av-kf8stopq-4cf6a43b483a5e3dac9eff600575fa38 .hr-inner{\nwidth:50px;\n}\n<\/style>\n<div  id=\"center-accent-line\"  class='hr av-kf8stopq-4cf6a43b483a5e3dac9eff600575fa38 hr-custom  avia-builder-el-3  el_before_av_textblock  avia-builder-el-first  hr-center hr-icon-no'><span class='hr-inner inner-border-av-border-thin'><span class=\"hr-inner-style\"><\/span><\/span><\/div><br \/>\n<section  class='av_textblock_section av-kgvndh38-e873762f01d45cb939f2e63232164d9c'   itemscope=\"itemscope\" itemtype=\"https:\/\/schema.org\/CreativeWork\" ><div class='avia_textblock intro-paragraph'  itemprop=\"text\" ><h1>Mise \u00e0 jour importante sur nos formes et composants en PEEK<\/h1>\n<\/div><\/section><br \/>\n\n<style type=\"text\/css\" data-created_by=\"avia_inline_auto\" id=\"style-css-av-kmnhosvx-9caca6c82a7043153db3b88fdd2c7905\">\n#top .hr.hr-invisible.av-kmnhosvx-9caca6c82a7043153db3b88fdd2c7905{\nheight:8px;\n}\n<\/style>\n<div  class='hr av-kmnhosvx-9caca6c82a7043153db3b88fdd2c7905 hr-invisible  avia-builder-el-5  el_after_av_textblock  el_before_av_textblock'><span class='hr-inner'><span class=\"hr-inner-style\"><\/span><\/span><\/div><br \/>\n<section  class='av_textblock_section av-kgvndh38-ae091b428ffc5c78971a4bc0559ac69c'   itemscope=\"itemscope\" itemtype=\"https:\/\/schema.org\/CreativeWork\" ><div class='avia_textblock'  itemprop=\"text\" ><p>Chez Technetics Group, nous \u00e9valuons continuellement nos offres de produits pour nous assurer qu'elles correspondent \u00e0 nos objectifs strat\u00e9giques et qu'elles r\u00e9pondent aux besoins changeants des march\u00e9s hautement sp\u00e9cialis\u00e9s que nous servons. Apr\u00e8s m\u00fbre r\u00e9flexion, nous avons pris la d\u00e9cision d'arr\u00eater notre gamme de formes et de composants en PEEK.<\/p>\n<p>Bien que ces produits aient jou\u00e9 un r\u00f4le crucial dans diverses applications exigeantes au sein de multiples industries, ce transfert nous permet de nous concentrer plus intens\u00e9ment sur nos comp\u00e9tences de base - la conception et la fabrication des syst\u00e8mes et des solutions d'\u00e9tanch\u00e9it\u00e9 les plus critiques pour nos clients.<\/p>\n<h3><strong>Un engagement continu en faveur de l'excellence<\/strong><\/h3>\n<p>Nous comprenons l'importance de solutions d'\u00e9tanch\u00e9it\u00e9 fiables et performantes pour vos op\u00e9rations. C'est pourquoi notre \u00e9quipe se consacre \u00e0 soutenir vos projets gr\u00e2ce \u00e0 sa grande expertise en mati\u00e8re de conception de joints personnalis\u00e9s et d'ing\u00e9nierie des composants. Avec des d\u00e9cennies d'exp\u00e9rience dans la fourniture de performances exceptionnelles dans les conditions les plus difficiles, nous sommes particuli\u00e8rement bien plac\u00e9s pour r\u00e9pondre \u00e0 vos besoins pr\u00e9cis.<\/p>\n<h3><strong>Des solutions sur mesure pour vos besoins uniques<\/strong><\/h3>\n<p>Notre engagement envers l'innovation, la qualit\u00e9 et l'excellence du service est in\u00e9branlable. Que vous ayez besoin d'un assemblage avanc\u00e9, d'une conception m\u00e9ticuleuse de joints personnalis\u00e9s ou d'une assistance technique experte, Technetics Group offre des capacit\u00e9s in\u00e9gal\u00e9es pour concevoir des solutions sur mesure qui r\u00e9pondent \u00e0 vos d\u00e9fis sp\u00e9cifiques.<\/p>\n<p>Nous sommes sp\u00e9cialis\u00e9s dans une vaste gamme de solutions d'\u00e9tanch\u00e9it\u00e9, notamment des joints m\u00e9talliques haute performance, des joints \u00e9lastom\u00e8res et gonflables, des joints en graphite, et bien d'autres encore, con\u00e7us pour les environnements extr\u00eames et les applications critiques.<\/p>\n<p>Notre laboratoire d'innovation R&amp;D et notre \u00e9quipe d'experts sont \u00e0 la pointe des avanc\u00e9es technologiques, ce qui nous permet de respecter les tol\u00e9rances les plus strictes et de r\u00e9pondre aux sp\u00e9cifications les plus rigoureuses.<\/p>\n<p>Avec une empreinte mondiale et une infrastructure de fabrication robuste, nous garantissons les normes les plus \u00e9lev\u00e9es de qualit\u00e9 et de fiabilit\u00e9.<\/p>\n<h3><strong>Regarder vers l'avenir<\/strong><\/h3>\n<p>Technetics Group est plus qu'un simple fournisseur ; nous sommes votre partenaire strat\u00e9gique pour relever les d\u00e9fis industriels complexes d'aujourd'hui. Bien que nous ne proposions plus de formes et de composants en PEEK, notre vision de l'innovation et de la fourniture de solutions qui am\u00e9liorent les performances et l'efficacit\u00e9 reste inchang\u00e9e.<\/p>\n<p>Pour toute question ou pour discuter de la mani\u00e8re dont nous pouvons vous aider dans votre prochain projet, veuillez contacter notre \u00e9quipe d'assistance. Ensemble, nous pouvons explorer les vastes possibilit\u00e9s qui s'offrent \u00e0 vous et concevoir une solution qui vous permettra d'aller de l'avant.<\/p>\n<\/div><\/section><\/p><\/div><\/div><\/div><\/div><!-- close content main div --><\/div><\/div><div id='after_section_2'  class='main_color av_default_container_wrap container_wrap fullsize'  ><div class='container av-section-cont-open' ><div class='template-page content  av-content-full alpha units'><div class='post-entry post-entry-type-page post-entry-340'><div class='entry-content-wrapper clearfix'><div  class='avia-button-wrap av-lvqt1pxx-a667b7949b6fe6897db09578e74ee098-wrap avia-button-center  avia-builder-el-7  el_after_av_section  avia-builder-el-no-sibling'><a href='https:\/\/technetics.com\/fr\/about\/worldwide-locations\/'  class='avia-button av-lvqt1pxx-a667b7949b6fe6897db09578e74ee098 av-link-btn avia-icon_select-yes-left-icon avia-size-small avia-position-center avia-color-theme-color'   aria-label=\"Discutez de votre projet avec Technetics Group\"><span class='avia_button_icon avia_button_icon_left avia-iconfont avia-font-entypo-fontello' data-av_icon='\ue83c' data-av_iconfont='entypo-fontello' ><\/span><span class='avia_iconbox_title' >Discutez de votre projet avec Technetics Group<\/span><\/a><\/div><\/p>","protected":false},"excerpt":{"rendered":"","protected":false},"author":1,"featured_media":0,"parent":238,"menu_order":0,"comment_status":"closed","ping_status":"closed","template":"","meta":{"inline_featured_image":false,"footnotes":""},"classification":[],"class_list":["post-340","page","type-page","status-publish","hentry"],"yoast_head":"<!-- This site is optimized with the Yoast SEO plugin v25.2 - https:\/\/yoast.com\/wordpress\/plugins\/seo\/ -->\n<title>PEEK Shapes &amp; Components | Technetics Group<\/title>\n<meta name=\"description\" content=\"We specialize in a vast array of sealing solutions, including high-performance metal seals, elastomer and inflatable seals, graphite seals, and more, designed for extreme environments and critical applications. After careful consideration, we have made the decision to discontinue our range of PEEK Shapes &amp; Components.\" \/>\n<meta name=\"robots\" content=\"index, follow, max-snippet:-1, max-image-preview:large, max-video-preview:-1\" \/>\n<link rel=\"canonical\" href=\"https:\/\/technetics.com\/fr\/technetics-products\/peek-shapes-and-components\/\" \/>\n<meta property=\"og:locale\" content=\"fr_FR\" \/>\n<meta property=\"og:type\" content=\"article\" \/>\n<meta property=\"og:title\" content=\"PEEK Shapes &amp; Components | Technetics Group\" \/>\n<meta property=\"og:description\" content=\"We specialize in a vast array of sealing solutions, including high-performance metal seals, elastomer and inflatable seals, graphite seals, and more, designed for extreme environments and critical applications. After careful consideration, we have made the decision to discontinue our range of PEEK Shapes &amp; Components.\" \/>\n<meta property=\"og:url\" content=\"https:\/\/technetics.com\/fr\/technetics-products\/peek-shapes-and-components\/\" \/>\n<meta property=\"og:site_name\" content=\"Technetics Group\" \/>\n<meta property=\"article:publisher\" content=\"https:\/\/www.facebook.com\/TechneticsGroup\/\" \/>\n<meta property=\"article:modified_time\" content=\"2024-05-03T15:10:04+00:00\" \/>\n<meta property=\"og:image\" content=\"https:\/\/technetics.com\/wp-content\/uploads\/2025\/04\/technetics-logo-color.png\" \/>\n\t<meta property=\"og:image:width\" content=\"1718\" \/>\n\t<meta property=\"og:image:height\" content=\"488\" \/>\n\t<meta property=\"og:image:type\" content=\"image\/png\" \/>\n<meta name=\"twitter:card\" content=\"summary_large_image\" \/>\n<meta name=\"twitter:site\" content=\"@TechneticsGroup\" \/>\n<meta name=\"twitter:label1\" content=\"Dur\u00e9e de lecture estim\u00e9e\" \/>\n\t<meta name=\"twitter:data1\" content=\"2 minutes\" \/>\n<script type=\"application\/ld+json\" class=\"yoast-schema-graph\">{\"@context\":\"https:\/\/schema.org\",\"@graph\":[{\"@type\":\"WebPage\",\"@id\":\"https:\/\/technetics.com\/technetics-products\/peek-shapes-and-components\/\",\"url\":\"https:\/\/technetics.com\/technetics-products\/peek-shapes-and-components\/\",\"name\":\"PEEK Shapes & Components | Technetics Group\",\"isPartOf\":{\"@id\":\"https:\/\/technetics.com\/#website\"},\"datePublished\":\"2020-10-29T18:55:01+00:00\",\"dateModified\":\"2024-05-03T15:10:04+00:00\",\"description\":\"We specialize in a vast array of sealing solutions, including high-performance metal seals, elastomer and inflatable seals, graphite seals, and more, designed for extreme environments and critical applications. After careful consideration, we have made the decision to discontinue our range of PEEK Shapes & Components.\",\"breadcrumb\":{\"@id\":\"https:\/\/technetics.com\/technetics-products\/peek-shapes-and-components\/#breadcrumb\"},\"inLanguage\":\"fr-FR\",\"potentialAction\":[{\"@type\":\"ReadAction\",\"target\":[\"https:\/\/technetics.com\/technetics-products\/peek-shapes-and-components\/\"]}]},{\"@type\":\"BreadcrumbList\",\"@id\":\"https:\/\/technetics.com\/technetics-products\/peek-shapes-and-components\/#breadcrumb\",\"itemListElement\":[{\"@type\":\"ListItem\",\"position\":1,\"name\":\"Home\",\"item\":\"https:\/\/technetics.com\/\"},{\"@type\":\"ListItem\",\"position\":2,\"name\":\"Products\",\"item\":\"https:\/\/technetics.com\/ko\/technetics-products\/\"},{\"@type\":\"ListItem\",\"position\":3,\"name\":\"PEEK Shapes &#038; Components\"}]},{\"@type\":\"WebSite\",\"@id\":\"https:\/\/technetics.com\/#website\",\"url\":\"https:\/\/technetics.com\/\",\"name\":\"Technetics Group\",\"description\":\"Confidence For Critical Applications\",\"publisher\":{\"@id\":\"https:\/\/technetics.com\/#organization\"},\"potentialAction\":[{\"@type\":\"SearchAction\",\"target\":{\"@type\":\"EntryPoint\",\"urlTemplate\":\"https:\/\/technetics.com\/?s={search_term_string}\"},\"query-input\":{\"@type\":\"PropertyValueSpecification\",\"valueRequired\":true,\"valueName\":\"search_term_string\"}}],\"inLanguage\":\"fr-FR\"},{\"@type\":\"Organization\",\"@id\":\"https:\/\/technetics.com\/#organization\",\"name\":\"Technetics Group\",\"url\":\"https:\/\/technetics.com\/\",\"logo\":{\"@type\":\"ImageObject\",\"inLanguage\":\"fr-FR\",\"@id\":\"https:\/\/technetics.com\/#\/schema\/logo\/image\/\",\"url\":\"https:\/\/technetics.com\/wp-content\/uploads\/2025\/04\/technetics-logo-color.png\",\"contentUrl\":\"https:\/\/technetics.com\/wp-content\/uploads\/2025\/04\/technetics-logo-color.png\",\"width\":1718,\"height\":488,\"caption\":\"Technetics Group\"},\"image\":{\"@id\":\"https:\/\/technetics.com\/#\/schema\/logo\/image\/\"},\"sameAs\":[\"https:\/\/www.facebook.com\/TechneticsGroup\/\",\"https:\/\/x.com\/TechneticsGroup\",\"https:\/\/www.linkedin.com\/company\/technetics-group\/\",\"https:\/\/www.youtube.com\/user\/TechneticsGroup\"]}]}<\/script>\n<!-- \/ Yoast SEO plugin. -->","yoast_head_json":{"title":"PEEK Shapes & Components | Technetics Group","description":"We specialize in a vast array of sealing solutions, including high-performance metal seals, elastomer and inflatable seals, graphite seals, and more, designed for extreme environments and critical applications. After careful consideration, we have made the decision to discontinue our range of PEEK Shapes & Components.","robots":{"index":"index","follow":"follow","max-snippet":"max-snippet:-1","max-image-preview":"max-image-preview:large","max-video-preview":"max-video-preview:-1"},"canonical":"https:\/\/technetics.com\/fr\/technetics-products\/peek-shapes-and-components\/","og_locale":"fr_FR","og_type":"article","og_title":"PEEK Shapes & Components | Technetics Group","og_description":"We specialize in a vast array of sealing solutions, including high-performance metal seals, elastomer and inflatable seals, graphite seals, and more, designed for extreme environments and critical applications. After careful consideration, we have made the decision to discontinue our range of PEEK Shapes & Components.","og_url":"https:\/\/technetics.com\/fr\/technetics-products\/peek-shapes-and-components\/","og_site_name":"Technetics Group","article_publisher":"https:\/\/www.facebook.com\/TechneticsGroup\/","article_modified_time":"2024-05-03T15:10:04+00:00","og_image":[{"width":1718,"height":488,"url":"https:\/\/technetics.com\/wp-content\/uploads\/2025\/04\/technetics-logo-color.png","type":"image\/png"}],"twitter_card":"summary_large_image","twitter_site":"@TechneticsGroup","twitter_misc":{"Dur\u00e9e de lecture estim\u00e9e":"2 minutes"},"schema":{"@context":"https:\/\/schema.org","@graph":[{"@type":"WebPage","@id":"https:\/\/technetics.com\/technetics-products\/peek-shapes-and-components\/","url":"https:\/\/technetics.com\/technetics-products\/peek-shapes-and-components\/","name":"PEEK Shapes & Components | Technetics Group","isPartOf":{"@id":"https:\/\/technetics.com\/#website"},"datePublished":"2020-10-29T18:55:01+00:00","dateModified":"2024-05-03T15:10:04+00:00","description":"We specialize in a vast array of sealing solutions, including high-performance metal seals, elastomer and inflatable seals, graphite seals, and more, designed for extreme environments and critical applications. After careful consideration, we have made the decision to discontinue our range of PEEK Shapes & Components.","breadcrumb":{"@id":"https:\/\/technetics.com\/technetics-products\/peek-shapes-and-components\/#breadcrumb"},"inLanguage":"fr-FR","potentialAction":[{"@type":"ReadAction","target":["https:\/\/technetics.com\/technetics-products\/peek-shapes-and-components\/"]}]},{"@type":"BreadcrumbList","@id":"https:\/\/technetics.com\/technetics-products\/peek-shapes-and-components\/#breadcrumb","itemListElement":[{"@type":"ListItem","position":1,"name":"Home","item":"https:\/\/technetics.com\/"},{"@type":"ListItem","position":2,"name":"Products","item":"https:\/\/technetics.com\/ko\/technetics-products\/"},{"@type":"ListItem","position":3,"name":"PEEK Shapes &#038; Components"}]},{"@type":"WebSite","@id":"https:\/\/technetics.com\/#website","url":"https:\/\/technetics.com\/","name":"Technetics Group","description":"Confidence For Critical Applications","publisher":{"@id":"https:\/\/technetics.com\/#organization"},"potentialAction":[{"@type":"SearchAction","target":{"@type":"EntryPoint","urlTemplate":"https:\/\/technetics.com\/?s={search_term_string}"},"query-input":{"@type":"PropertyValueSpecification","valueRequired":true,"valueName":"search_term_string"}}],"inLanguage":"fr-FR"},{"@type":"Organization","@id":"https:\/\/technetics.com\/#organization","name":"Technetics Group","url":"https:\/\/technetics.com\/","logo":{"@type":"ImageObject","inLanguage":"fr-FR","@id":"https:\/\/technetics.com\/#\/schema\/logo\/image\/","url":"https:\/\/technetics.com\/wp-content\/uploads\/2025\/04\/technetics-logo-color.png","contentUrl":"https:\/\/technetics.com\/wp-content\/uploads\/2025\/04\/technetics-logo-color.png","width":1718,"height":488,"caption":"Technetics Group"},"image":{"@id":"https:\/\/technetics.com\/#\/schema\/logo\/image\/"},"sameAs":["https:\/\/www.facebook.com\/TechneticsGroup\/","https:\/\/x.com\/TechneticsGroup","https:\/\/www.linkedin.com\/company\/technetics-group\/","https:\/\/www.youtube.com\/user\/TechneticsGroup"]}]}},"_links":{"self":[{"href":"https:\/\/technetics.com\/fr\/wp-json\/wp\/v2\/pages\/340","targetHints":{"allow":["GET"]}}],"collection":[{"href":"https:\/\/technetics.com\/fr\/wp-json\/wp\/v2\/pages"}],"about":[{"href":"https:\/\/technetics.com\/fr\/wp-json\/wp\/v2\/types\/page"}],"author":[{"embeddable":true,"href":"https:\/\/technetics.com\/fr\/wp-json\/wp\/v2\/users\/1"}],"replies":[{"embeddable":true,"href":"https:\/\/technetics.com\/fr\/wp-json\/wp\/v2\/comments?post=340"}],"version-history":[{"count":12,"href":"https:\/\/technetics.com\/fr\/wp-json\/wp\/v2\/pages\/340\/revisions"}],"predecessor-version":[{"id":10950,"href":"https:\/\/technetics.com\/fr\/wp-json\/wp\/v2\/pages\/340\/revisions\/10950"}],"up":[{"embeddable":true,"href":"https:\/\/technetics.com\/fr\/wp-json\/wp\/v2\/pages\/238"}],"wp:attachment":[{"href":"https:\/\/technetics.com\/fr\/wp-json\/wp\/v2\/media?parent=340"}],"wp:term":[{"taxonomy":"classification","embeddable":true,"href":"https:\/\/technetics.com\/fr\/wp-json\/wp\/v2\/classification?post=340"}],"curies":[{"name":"wp","href":"https:\/\/api.w.org\/{rel}","templated":true}]}}