{"id":8854,"date":"2023-02-07T15:25:46","date_gmt":"2023-02-07T20:25:46","guid":{"rendered":"https:\/\/live-technetics.pantheonsite.io\/?page_id=8854"},"modified":"2023-04-06T12:00:39","modified_gmt":"2023-04-06T16:00:39","slug":"aerospace","status":"publish","type":"page","link":"https:\/\/technetics.com\/fr\/aerospace\/","title":{"rendered":"A\u00e9rospatiale"},"content":{"rendered":"<div class='clear'><\/div><div id='sub_menu1'  class='av-submenu-container av-lduot4nj-989bb317d034cd2bc1c3780964f4ccc1 main_color  avia-builder-el-0  el_before_av_one_full  avia-builder-el-first  av-sticky-submenu container_wrap fullsize' style='z-index:301' ><div class='container av-menu-mobile-disabled av-submenu-pos-center'><ul id=\"menu-aerospace\" class=\"av-subnav-menu\" role=\"menu\"><li role=\"menuitem\" id=\"menu-item-8855\" class=\"menu-item menu-item-type-post_type menu-item-object-page menu-item-top-level menu-item-top-level-1\"><a href=\"https:\/\/technetics.com\/fr\/markets-and-applications\/commercial-aircraft\/\" itemprop=\"url\" tabindex=\"0\"><span class=\"avia-bullet\"><\/span><span class=\"avia-menu-text\">Commercial<\/span><span class=\"avia-menu-fx\"><span class=\"avia-arrow-wrap\"><span class=\"avia-arrow\"><\/span><\/span><\/span><\/a><\/li>\n<li role=\"menuitem\" id=\"menu-item-8856\" class=\"menu-item menu-item-type-post_type menu-item-object-page menu-item-top-level menu-item-top-level-2\"><a href=\"https:\/\/technetics.com\/fr\/markets-and-applications\/military\/\" itemprop=\"url\" tabindex=\"0\"><span class=\"avia-bullet\"><\/span><span class=\"avia-menu-text\">Industrie Militaire<\/span><span class=\"avia-menu-fx\"><span class=\"avia-arrow-wrap\"><span class=\"avia-arrow\"><\/span><\/span><\/span><\/a><\/li>\n<li role=\"menuitem\" id=\"menu-item-8857\" class=\"menu-item menu-item-type-post_type menu-item-object-page menu-item-top-level menu-item-top-level-3\"><a href=\"https:\/\/technetics.com\/fr\/markets-and-applications\/aerospace-sealing-solutions-for-space-missions\/\" itemprop=\"url\" tabindex=\"0\"><span class=\"avia-bullet\"><\/span><span class=\"avia-menu-text\">Industrie Spatiale<\/span><span class=\"avia-menu-fx\"><span class=\"avia-arrow-wrap\"><span class=\"avia-arrow\"><\/span><\/span><\/span><\/a><\/li>\n<\/ul><\/div><\/div><div class='sticky_placeholder'><\/div><div id='after_submenu_1'  class='main_color av_default_container_wrap container_wrap fullsize'  ><div class='container av-section-cont-open' ><div class='template-page content  av-content-full alpha units'><div class='post-entry post-entry-type-page post-entry-8854'><div class='entry-content-wrapper clearfix'>\n\n<style type=\"text\/css\" data-created_by=\"avia_inline_auto\" id=\"style-css-av-df1lcm-86826fbe169ea5421a94d5366f4d2bb2\">\n.flex_column.av-df1lcm-86826fbe169ea5421a94d5366f4d2bb2{\nborder-radius:0px 0px 0px 0px;\npadding:0px 0px 0px 0px;\n}\n<\/style>\n<div  class='flex_column av-df1lcm-86826fbe169ea5421a94d5366f4d2bb2 av_one_full  avia-builder-el-1  el_after_av_submenu  el_before_av_one_half  avia-builder-el-first  first flex_column_div av-zero-column-padding'     ><section  class='av_textblock_section av-lflckzzw-3de0d3daeb78e7198fe0f33e4ace763a'   itemscope=\"itemscope\" itemtype=\"https:\/\/schema.org\/CreativeWork\" ><div class='avia_textblock'  itemprop=\"text\" ><p>En tant que fournisseur de premier plan de solutions d'\u00e9tanch\u00e9it\u00e9 et de composants critiques, Technetics Group est fier de servir les march\u00e9s suivants <a href=\"https:\/\/technetics.com\/fr\/an-aerospace-spin-on-non-contacting-seal-technology\/\">industrie a\u00e9rospatiale<\/a>, y compris les <a href=\"https:\/\/technetics.com\/fr\/markets-and-applications\/commercial-aircraft\/\">avions commerciaux<\/a>, <a href=\"https:\/\/technetics.com\/fr\/markets-and-applications\/military\/\">militaire<\/a>et <a href=\"https:\/\/technetics.com\/fr\/markets-and-applications\/space\/\">espace<\/a> march\u00e9s. Bien que chacun d'entre eux soit confront\u00e9 \u00e0 des d\u00e9fis uniques, ils ont tous besoin de solutions fiables et de haute qualit\u00e9 pour fonctionner au maximum de leurs performances et donner la priorit\u00e9 \u00e0 la s\u00e9curit\u00e9.<\/p>\n<\/div><\/section><\/div>\n\n<style type=\"text\/css\" data-created_by=\"avia_inline_auto\" id=\"style-css-av-ccahl2-5217f12aa09c31b60865fa5b569d8102\">\n.flex_column.av-ccahl2-5217f12aa09c31b60865fa5b569d8102{\nborder-radius:0px 0px 0px 0px;\npadding:0px 0px 0px 0px;\n}\n<\/style>\n<div  class='flex_column av-ccahl2-5217f12aa09c31b60865fa5b569d8102 av_one_half  avia-builder-el-3  el_after_av_one_full  el_before_av_one_half  first flex_column_div av-zero-column-padding  column-top-margin'     ><section  class='av_textblock_section av-lflclxbd-30b35b63281608d452be0ef8dd0d3bae'   itemscope=\"itemscope\" itemtype=\"https:\/\/schema.org\/CreativeWork\" ><div class='avia_textblock'  itemprop=\"text\" ><h2>March\u00e9 des avions commerciaux<\/h2>\n<p>Dans le cadre de la <a href=\"https:\/\/technetics.com\/fr\/markets-and-applications\/commercial-aircraft\/\">march\u00e9 des avions commerciaux<\/a>Technetics fournit des joints pour des applications critiques telles que les arbres principaux des moteurs et des composants techniques pour des syst\u00e8mes tels que les entr\u00e9es et les \u00e9chappements des groupes auxiliaires de puissance (APU). Avec des d\u00e9cennies d'exp\u00e9rience, nos solutions peuvent r\u00e9sister \u00e0 des temp\u00e9ratures et des pressions extr\u00eames, ainsi qu'\u00e0 d'autres conditions difficiles auxquelles un avion est confront\u00e9. Ces produits contribuent \u00e0 am\u00e9liorer la s\u00e9curit\u00e9 et l'efficacit\u00e9 des avions commerciaux et permettent de r\u00e9aliser des \u00e9conomies gr\u00e2ce \u00e0 une long\u00e9vit\u00e9 accrue et \u00e0 une maintenance r\u00e9duite.<\/p>\n<\/div><\/section><\/div>\n\n<style type=\"text\/css\" data-created_by=\"avia_inline_auto\" id=\"style-css-av-bd9ccm-de0c6a959d74a8c58ec1a89b5fe37c4c\">\n.flex_column.av-bd9ccm-de0c6a959d74a8c58ec1a89b5fe37c4c{\nborder-radius:0px 0px 0px 0px;\npadding:0px 0px 0px 0px;\n}\n<\/style>\n<div  class='flex_column av-bd9ccm-de0c6a959d74a8c58ec1a89b5fe37c4c av_one_half  avia-builder-el-5  el_after_av_one_half  el_before_av_three_fifth  flex_column_div av-zero-column-padding  column-top-margin'     ><style type=\"text\/css\" data-created_by=\"avia_inline_auto\" id=\"style-css-av-lflcreup-19460ce1f5e8f81013bfe64af882a1c7\">\n.avia-image-container.av-lflcreup-19460ce1f5e8f81013bfe64af882a1c7 img.avia_image{\nbox-shadow:none;\n}\n.avia-image-container.av-lflcreup-19460ce1f5e8f81013bfe64af882a1c7 .av-image-caption-overlay-center{\ncolor:#ffffff;\n}\n<\/style>\n<div  class='avia-image-container av-lflcreup-19460ce1f5e8f81013bfe64af882a1c7 av-styling- av-img-linked avia-align-center  avia-builder-el-6  avia-builder-el-no-sibling'   itemprop=\"image\" itemscope=\"itemscope\" itemtype=\"https:\/\/schema.org\/ImageObject\" ><div class=\"avia-image-container-inner\"><div class=\"avia-image-overlay-wrap\"><a href=\"https:\/\/technetics.com\/fr\/markets-and-applications\/commercial-aircraft\/\" class='avia_image'  target=\"_blank\"  rel=\"noopener noreferrer\" aria-label='Avion dans les nuages'><img decoding=\"async\" fetchpriority=\"high\" class='wp-image-9337 avia-img-lazy-loading-not-9337 avia_image' src=\"https:\/\/technetics.com\/wp-content\/uploads\/2023\/03\/Airplane-in-the-cloudes.jpg\" alt='Aircraft seal' title='Avion dans les nuages'  height=\"801\" width=\"1200\"  itemprop=\"thumbnailUrl\" srcset=\"https:\/\/technetics.com\/wp-content\/uploads\/2023\/03\/Airplane-in-the-cloudes.jpg 1200w, https:\/\/technetics.com\/wp-content\/uploads\/2023\/03\/Airplane-in-the-cloudes-768x513.jpg 768w, https:\/\/technetics.com\/wp-content\/uploads\/2023\/03\/Airplane-in-the-cloudes-18x12.jpg 18w, https:\/\/technetics.com\/wp-content\/uploads\/2023\/03\/Airplane-in-the-cloudes-705x471.jpg 705w\" sizes=\"(max-width: 1200px) 100vw, 1200px\" \/><\/a><\/div><\/div><\/div><\/div>\n\n<style type=\"text\/css\" data-created_by=\"avia_inline_auto\" id=\"style-css-av-8ihxc6-473d89e2791563f3c9e864c933a3121f\">\n.flex_column.av-8ihxc6-473d89e2791563f3c9e864c933a3121f{\nborder-radius:0px 0px 0px 0px;\npadding:0px 0px 0px 0px;\n}\n<\/style>\n<div  class='flex_column av-8ihxc6-473d89e2791563f3c9e864c933a3121f av_three_fifth  avia-builder-el-7  el_after_av_one_half  el_before_av_two_fifth  first flex_column_div av-zero-column-padding  column-top-margin'     ><section  class='av_textblock_section av-lflctte8-2a6ac38e08211d10013ba3ed487a3173'   itemscope=\"itemscope\" itemtype=\"https:\/\/schema.org\/CreativeWork\" ><div class='avia_textblock'  itemprop=\"text\" ><h2>March\u00e9 militaire<\/h2>\n<p>Technetics est au service d'une large gamme d'applications pour le secteur de la sant\u00e9. <a href=\"https:\/\/technetics.com\/fr\/markets-and-applications\/military\/\" target=\"_blank\" rel=\"noopener\">march\u00e9 militaire<\/a>Technetics propose des solutions pour les plates-formes a\u00e9riennes, terrestres, maritimes et spatiales. En mettant l'accent sur une qualit\u00e9 et une fiabilit\u00e9 sup\u00e9rieures, les solutions de Technetics contribuent \u00e0 garantir que les syst\u00e8mes critiques fonctionnent efficacement dans les conditions les plus exigeantes. Des syst\u00e8mes d'\u00e9tanch\u00e9it\u00e9 pour les sous-marins aux composants techniques pour la production d'\u00e9nergie, nous fournissons des solutions qui garantissent le succ\u00e8s des missions.<\/p>\n<\/div><\/section><br \/>\n\n<style type=\"text\/css\" data-created_by=\"avia_inline_auto\" id=\"style-css-av-lflcy74g-05c8819531a4c9c9135df318a934d634\">\n.avia-image-container.av-lflcy74g-05c8819531a4c9c9135df318a934d634 img.avia_image{\nbox-shadow:none;\n}\n.avia-image-container.av-lflcy74g-05c8819531a4c9c9135df318a934d634 .av-image-caption-overlay-center{\ncolor:#ffffff;\n}\n<\/style>\n<div  class='avia-image-container av-lflcy74g-05c8819531a4c9c9135df318a934d634 av-styling- av-img-linked avia-align-center  avia-builder-el-9  el_after_av_textblock  avia-builder-el-last'   itemprop=\"image\" itemscope=\"itemscope\" itemtype=\"https:\/\/schema.org\/ImageObject\" ><div class=\"avia-image-container-inner\"><div class=\"avia-image-overlay-wrap\"><a href=\"https:\/\/technetics.com\/fr\/markets-and-applications\/military\/\" class='avia_image'  target=\"_blank\"  rel=\"noopener noreferrer\" aria-label='Avion militaire-F22'><img decoding=\"async\" fetchpriority=\"high\" class='wp-image-9338 avia-img-lazy-loading-not-9338 avia_image' src=\"https:\/\/technetics.com\/wp-content\/uploads\/2023\/03\/Military-Airplane-F22-845x684.jpg\" alt='Military Airplanes' title='Avion militaire-F22'  height=\"684\" width=\"845\"  itemprop=\"thumbnailUrl\" srcset=\"https:\/\/technetics.com\/wp-content\/uploads\/2023\/03\/Military-Airplane-F22-845x684.jpg 845w, https:\/\/technetics.com\/wp-content\/uploads\/2023\/03\/Military-Airplane-F22-495x400.jpg 495w\" sizes=\"(max-width: 845px) 100vw, 845px\" \/><\/a><\/div><\/div><\/div><\/p><\/div>\n\n<style type=\"text\/css\" data-created_by=\"avia_inline_auto\" id=\"style-css-av-79ceti-09f356cb734c9de4b2ae2a8aac368a7f\">\n.flex_column.av-79ceti-09f356cb734c9de4b2ae2a8aac368a7f{\nborder-radius:0px 0px 0px 0px;\npadding:0px 0px 0px 0px;\n}\n<\/style>\n<div  class='flex_column av-79ceti-09f356cb734c9de4b2ae2a8aac368a7f av_two_fifth  avia-builder-el-10  el_after_av_three_fifth  el_before_av_hr  flex_column_div av-zero-column-padding  column-top-margin'     ><\/div><div  class='hr av-2unj8m-99cece6b70aafe0ba38047de557b850d hr-default  avia-builder-el-12  el_after_av_two_fifth  el_before_av_one_half'><span class='hr-inner'><span class=\"hr-inner-style\"><\/span><\/span><\/div><\/p>\n\n<style type=\"text\/css\" data-created_by=\"avia_inline_auto\" id=\"style-css-av-6j1hba-f9c0ed9111505bf03cb722682641daa5\">\n.flex_column.av-6j1hba-f9c0ed9111505bf03cb722682641daa5{\nborder-radius:0px 0px 0px 0px;\npadding:0px 0px 0px 0px;\n}\n<\/style>\n<div  class='flex_column av-6j1hba-f9c0ed9111505bf03cb722682641daa5 av_one_half  avia-builder-el-13  el_after_av_hr  el_before_av_one_half  first flex_column_div av-zero-column-padding'     ><section  class='av_textblock_section av-lflczqoo-cd36c800dd4cab07227d7c20efaad061'   itemscope=\"itemscope\" itemtype=\"https:\/\/schema.org\/CreativeWork\" ><div class='avia_textblock'  itemprop=\"text\" ><h2>March\u00e9 de l'espace<\/h2>\n<p>Enfin, nos solutions pour les <a href=\"https:\/\/technetics.com\/fr\/markets-and-applications\/space\/\" target=\"_blank\" rel=\"noopener\">march\u00e9 de l'espace<\/a> soutiennent des syst\u00e8mes critiques dans les domaines de l'exploration, des communications par satellite et des v\u00e9hicules de lancement. Ces applications exigent des performances et une fiabilit\u00e9 exceptionnelles dans les environnements les plus extr\u00eames, du vide spatial aux fluctuations de temp\u00e9rature extr\u00eames. Quel que soit le projet, nous relevons le d\u00e9fi pour faire en sorte que Houston n'ait PAS de probl\u00e8me.<\/p>\n<\/div><\/section><\/div>\n\n<style type=\"text\/css\" data-created_by=\"avia_inline_auto\" id=\"style-css-av-4msrye-8214d09c072de2c2d0f8b373a090ff9f\">\n.flex_column.av-4msrye-8214d09c072de2c2d0f8b373a090ff9f{\nborder-radius:0px 0px 0px 0px;\npadding:0px 0px 0px 0px;\n}\n<\/style>\n<div  class='flex_column av-4msrye-8214d09c072de2c2d0f8b373a090ff9f av_one_half  avia-builder-el-15  el_after_av_one_half  el_before_av_one_full  flex_column_div av-zero-column-padding'     ><style type=\"text\/css\" data-created_by=\"avia_inline_auto\" id=\"style-css-av-lfld2v37-03c766bf200b3d968b126ee2d833ca94\">\n.avia-image-container.av-lfld2v37-03c766bf200b3d968b126ee2d833ca94 img.avia_image{\nbox-shadow:none;\n}\n.avia-image-container.av-lfld2v37-03c766bf200b3d968b126ee2d833ca94 .av-image-caption-overlay-center{\ncolor:#ffffff;\n}\n<\/style>\n<div  class='avia-image-container av-lfld2v37-03c766bf200b3d968b126ee2d833ca94 av-styling- av-img-linked avia-align-center  avia-builder-el-16  avia-builder-el-no-sibling'   itemprop=\"image\" itemscope=\"itemscope\" itemtype=\"https:\/\/schema.org\/ImageObject\" ><div class=\"avia-image-container-inner\"><div class=\"avia-image-overlay-wrap\"><a href=\"https:\/\/technetics.com\/fr\/markets-and-applications\/aerospace-sealing-solutions-for-space-missions\/\" class='avia_image'  target=\"_blank\"  rel=\"noopener noreferrer\" aria-label='SpaceX-Crew-Dragon'><img decoding=\"async\" fetchpriority=\"high\" class='wp-image-9339 avia-img-lazy-loading-not-9339 avia_image' src=\"https:\/\/technetics.com\/wp-content\/uploads\/2023\/03\/SpaceX-Crew-Dragon-845x684.jpg\" alt='Spaceship' title='SpaceX-Crew-Dragon'  height=\"684\" width=\"845\"  itemprop=\"thumbnailUrl\" srcset=\"https:\/\/technetics.com\/wp-content\/uploads\/2023\/03\/SpaceX-Crew-Dragon-845x684.jpg 845w, https:\/\/technetics.com\/wp-content\/uploads\/2023\/03\/SpaceX-Crew-Dragon-495x400.jpg 495w\" sizes=\"(max-width: 845px) 100vw, 845px\" \/><\/a><\/div><\/div><\/div><\/div>\n\n<style type=\"text\/css\" data-created_by=\"avia_inline_auto\" id=\"style-css-av-2pepee-f7dc7969789f12e045d7049886b533f8\">\n.flex_column.av-2pepee-f7dc7969789f12e045d7049886b533f8{\nborder-radius:0px 0px 0px 0px;\npadding:0px 0px 0px 0px;\n}\n<\/style>\n<div  class='flex_column av-2pepee-f7dc7969789f12e045d7049886b533f8 av_one_full  avia-builder-el-17  el_after_av_one_half  avia-builder-el-last  first flex_column_div av-zero-column-padding  column-top-margin'     ><section  class='av_textblock_section av-lfld449t-7daa1264ffc14bb22737f9fd29fccb50'   itemscope=\"itemscope\" itemtype=\"https:\/\/schema.org\/CreativeWork\" ><div class='avia_textblock'  itemprop=\"text\" ><p>Gr\u00e2ce \u00e0 la diversit\u00e9 de nos comp\u00e9tences en mati\u00e8re de science des mat\u00e9riaux, d'ing\u00e9nierie et de fabrication, nous sommes particuli\u00e8rement bien plac\u00e9s pour fournir des solutions innovantes et fiables qui r\u00e9pondent aux besoins de l'industrie a\u00e9rospatiale. <a href=\"https:\/\/technetics.com\/fr\/about\/worldwide-locations\/\" target=\"_blank\" rel=\"noopener\">Nous nous r\u00e9jouissons de travailler en partenariat avec vous<\/a> et de repousser les limites de ce qui est possible dans l'a\u00e9rospatiale.<\/p>\n<\/div><\/section><\/div>","protected":false},"excerpt":{"rendered":"","protected":false},"author":5,"featured_media":0,"parent":0,"menu_order":0,"comment_status":"closed","ping_status":"closed","template":"","meta":{"inline_featured_image":false,"footnotes":""},"classification":[],"class_list":["post-8854","page","type-page","status-publish","hentry"],"yoast_head":"<!-- This site is optimized with the Yoast SEO plugin v25.2 - https:\/\/yoast.com\/wordpress\/plugins\/seo\/ -->\n<title>Aerospace - Technetics Group<\/title>\n<meta name=\"description\" content=\"Technetics Group proudly serves the aerospace industry, including the commercial aircraft, military, and space markets.\" \/>\n<meta name=\"robots\" content=\"index, follow, max-snippet:-1, max-image-preview:large, max-video-preview:-1\" \/>\n<link rel=\"canonical\" href=\"https:\/\/technetics.com\/fr\/aerospace\/\" \/>\n<meta property=\"og:locale\" content=\"fr_FR\" \/>\n<meta property=\"og:type\" content=\"article\" \/>\n<meta property=\"og:title\" content=\"Aerospace - Technetics Group\" \/>\n<meta property=\"og:description\" content=\"Technetics Group proudly serves the aerospace industry, including the commercial aircraft, military, and space markets.\" \/>\n<meta property=\"og:url\" content=\"https:\/\/technetics.com\/fr\/aerospace\/\" \/>\n<meta property=\"og:site_name\" content=\"Technetics Group\" \/>\n<meta property=\"article:publisher\" content=\"https:\/\/www.facebook.com\/TechneticsGroup\/\" \/>\n<meta property=\"article:modified_time\" content=\"2023-04-06T16:00:39+00:00\" \/>\n<meta property=\"og:image\" content=\"https:\/\/technetics.com\/wp-content\/uploads\/2025\/04\/technetics-logo-color.png\" \/>\n\t<meta property=\"og:image:width\" content=\"1718\" \/>\n\t<meta property=\"og:image:height\" content=\"488\" \/>\n\t<meta property=\"og:image:type\" content=\"image\/png\" \/>\n<meta name=\"twitter:card\" content=\"summary_large_image\" \/>\n<meta name=\"twitter:site\" content=\"@TechneticsGroup\" \/>\n<meta name=\"twitter:label1\" content=\"Dur\u00e9e de lecture estim\u00e9e\" \/>\n\t<meta name=\"twitter:data1\" content=\"4 minutes\" \/>\n<script type=\"application\/ld+json\" class=\"yoast-schema-graph\">{\"@context\":\"https:\/\/schema.org\",\"@graph\":[{\"@type\":\"WebPage\",\"@id\":\"https:\/\/technetics.com\/zh\/aerospace\/\",\"url\":\"https:\/\/technetics.com\/zh\/aerospace\/\",\"name\":\"Aerospace - Technetics Group\",\"isPartOf\":{\"@id\":\"https:\/\/technetics.com\/#website\"},\"datePublished\":\"2023-02-07T20:25:46+00:00\",\"dateModified\":\"2023-04-06T16:00:39+00:00\",\"description\":\"Technetics Group proudly serves the aerospace industry, including the commercial aircraft, military, and space markets.\",\"breadcrumb\":{\"@id\":\"https:\/\/technetics.com\/zh\/aerospace\/#breadcrumb\"},\"inLanguage\":\"fr-FR\",\"potentialAction\":[{\"@type\":\"ReadAction\",\"target\":[\"https:\/\/technetics.com\/zh\/aerospace\/\"]}]},{\"@type\":\"BreadcrumbList\",\"@id\":\"https:\/\/technetics.com\/zh\/aerospace\/#breadcrumb\",\"itemListElement\":[{\"@type\":\"ListItem\",\"position\":1,\"name\":\"Home\",\"item\":\"https:\/\/technetics.com\/\"},{\"@type\":\"ListItem\",\"position\":2,\"name\":\"Aerospace\"}]},{\"@type\":\"WebSite\",\"@id\":\"https:\/\/technetics.com\/#website\",\"url\":\"https:\/\/technetics.com\/\",\"name\":\"Technetics Group\",\"description\":\"Confidence For Critical Applications\",\"publisher\":{\"@id\":\"https:\/\/technetics.com\/#organization\"},\"potentialAction\":[{\"@type\":\"SearchAction\",\"target\":{\"@type\":\"EntryPoint\",\"urlTemplate\":\"https:\/\/technetics.com\/?s={search_term_string}\"},\"query-input\":{\"@type\":\"PropertyValueSpecification\",\"valueRequired\":true,\"valueName\":\"search_term_string\"}}],\"inLanguage\":\"fr-FR\"},{\"@type\":\"Organization\",\"@id\":\"https:\/\/technetics.com\/#organization\",\"name\":\"Technetics Group\",\"url\":\"https:\/\/technetics.com\/\",\"logo\":{\"@type\":\"ImageObject\",\"inLanguage\":\"fr-FR\",\"@id\":\"https:\/\/technetics.com\/#\/schema\/logo\/image\/\",\"url\":\"https:\/\/technetics.com\/wp-content\/uploads\/2025\/04\/technetics-logo-color.png\",\"contentUrl\":\"https:\/\/technetics.com\/wp-content\/uploads\/2025\/04\/technetics-logo-color.png\",\"width\":1718,\"height\":488,\"caption\":\"Technetics Group\"},\"image\":{\"@id\":\"https:\/\/technetics.com\/#\/schema\/logo\/image\/\"},\"sameAs\":[\"https:\/\/www.facebook.com\/TechneticsGroup\/\",\"https:\/\/x.com\/TechneticsGroup\",\"https:\/\/www.linkedin.com\/company\/technetics-group\/\",\"https:\/\/www.youtube.com\/user\/TechneticsGroup\"]}]}<\/script>\n<!-- \/ Yoast SEO plugin. -->","yoast_head_json":{"title":"Aerospace - Technetics Group","description":"Technetics Group proudly serves the aerospace industry, including the commercial aircraft, military, and space markets.","robots":{"index":"index","follow":"follow","max-snippet":"max-snippet:-1","max-image-preview":"max-image-preview:large","max-video-preview":"max-video-preview:-1"},"canonical":"https:\/\/technetics.com\/fr\/aerospace\/","og_locale":"fr_FR","og_type":"article","og_title":"Aerospace - Technetics Group","og_description":"Technetics Group proudly serves the aerospace industry, including the commercial aircraft, military, and space markets.","og_url":"https:\/\/technetics.com\/fr\/aerospace\/","og_site_name":"Technetics Group","article_publisher":"https:\/\/www.facebook.com\/TechneticsGroup\/","article_modified_time":"2023-04-06T16:00:39+00:00","og_image":[{"width":1718,"height":488,"url":"https:\/\/technetics.com\/wp-content\/uploads\/2025\/04\/technetics-logo-color.png","type":"image\/png"}],"twitter_card":"summary_large_image","twitter_site":"@TechneticsGroup","twitter_misc":{"Dur\u00e9e de lecture estim\u00e9e":"4 minutes"},"schema":{"@context":"https:\/\/schema.org","@graph":[{"@type":"WebPage","@id":"https:\/\/technetics.com\/zh\/aerospace\/","url":"https:\/\/technetics.com\/zh\/aerospace\/","name":"Aerospace - Technetics Group","isPartOf":{"@id":"https:\/\/technetics.com\/#website"},"datePublished":"2023-02-07T20:25:46+00:00","dateModified":"2023-04-06T16:00:39+00:00","description":"Technetics Group proudly serves the aerospace industry, including the commercial aircraft, military, and space markets.","breadcrumb":{"@id":"https:\/\/technetics.com\/zh\/aerospace\/#breadcrumb"},"inLanguage":"fr-FR","potentialAction":[{"@type":"ReadAction","target":["https:\/\/technetics.com\/zh\/aerospace\/"]}]},{"@type":"BreadcrumbList","@id":"https:\/\/technetics.com\/zh\/aerospace\/#breadcrumb","itemListElement":[{"@type":"ListItem","position":1,"name":"Home","item":"https:\/\/technetics.com\/"},{"@type":"ListItem","position":2,"name":"Aerospace"}]},{"@type":"WebSite","@id":"https:\/\/technetics.com\/#website","url":"https:\/\/technetics.com\/","name":"Technetics Group","description":"Confidence For Critical Applications","publisher":{"@id":"https:\/\/technetics.com\/#organization"},"potentialAction":[{"@type":"SearchAction","target":{"@type":"EntryPoint","urlTemplate":"https:\/\/technetics.com\/?s={search_term_string}"},"query-input":{"@type":"PropertyValueSpecification","valueRequired":true,"valueName":"search_term_string"}}],"inLanguage":"fr-FR"},{"@type":"Organization","@id":"https:\/\/technetics.com\/#organization","name":"Technetics Group","url":"https:\/\/technetics.com\/","logo":{"@type":"ImageObject","inLanguage":"fr-FR","@id":"https:\/\/technetics.com\/#\/schema\/logo\/image\/","url":"https:\/\/technetics.com\/wp-content\/uploads\/2025\/04\/technetics-logo-color.png","contentUrl":"https:\/\/technetics.com\/wp-content\/uploads\/2025\/04\/technetics-logo-color.png","width":1718,"height":488,"caption":"Technetics Group"},"image":{"@id":"https:\/\/technetics.com\/#\/schema\/logo\/image\/"},"sameAs":["https:\/\/www.facebook.com\/TechneticsGroup\/","https:\/\/x.com\/TechneticsGroup","https:\/\/www.linkedin.com\/company\/technetics-group\/","https:\/\/www.youtube.com\/user\/TechneticsGroup"]}]}},"_links":{"self":[{"href":"https:\/\/technetics.com\/fr\/wp-json\/wp\/v2\/pages\/8854","targetHints":{"allow":["GET"]}}],"collection":[{"href":"https:\/\/technetics.com\/fr\/wp-json\/wp\/v2\/pages"}],"about":[{"href":"https:\/\/technetics.com\/fr\/wp-json\/wp\/v2\/types\/page"}],"author":[{"embeddable":true,"href":"https:\/\/technetics.com\/fr\/wp-json\/wp\/v2\/users\/5"}],"replies":[{"embeddable":true,"href":"https:\/\/technetics.com\/fr\/wp-json\/wp\/v2\/comments?post=8854"}],"version-history":[{"count":10,"href":"https:\/\/technetics.com\/fr\/wp-json\/wp\/v2\/pages\/8854\/revisions"}],"predecessor-version":[{"id":11114,"href":"https:\/\/technetics.com\/fr\/wp-json\/wp\/v2\/pages\/8854\/revisions\/11114"}],"wp:attachment":[{"href":"https:\/\/technetics.com\/fr\/wp-json\/wp\/v2\/media?parent=8854"}],"wp:term":[{"taxonomy":"classification","embeddable":true,"href":"https:\/\/technetics.com\/fr\/wp-json\/wp\/v2\/classification?post=8854"}],"curies":[{"name":"wp","href":"https:\/\/api.w.org\/{rel}","templated":true}]}}