{"id":8868,"date":"2023-02-07T15:33:26","date_gmt":"2023-02-07T20:33:26","guid":{"rendered":"https:\/\/live-technetics.pantheonsite.io\/?page_id=8868"},"modified":"2023-05-08T14:59:18","modified_gmt":"2023-05-08T18:59:18","slug":"energy","status":"publish","type":"page","link":"https:\/\/technetics.com\/fr\/energy\/","title":{"rendered":"Production d'\u00e9nergie"},"content":{"rendered":"<div class='clear'><\/div><div id='sub_menu1'  class='av-submenu-container av-ldup8eku-cd2765dd827b0aed7a2f9fd739e09791 main_color  avia-builder-el-0  el_before_av_one_full  avia-builder-el-first  av-sticky-submenu container_wrap fullsize' style='z-index:301' ><div class='container av-menu-mobile-disabled av-submenu-pos-center'><ul id=\"menu-energy\" class=\"av-subnav-menu\" role=\"menu\"><li role=\"menuitem\" id=\"menu-item-10187\" class=\"menu-item menu-item-type-post_type menu-item-object-page menu-item-top-level menu-item-top-level-1\"><a href=\"https:\/\/technetics.com\/fr\/markets-and-applications\/renewable-energy\/critical-sealing-solutions-powering-the-future-of-the-hydrogen-industry\/\" itemprop=\"url\" tabindex=\"0\"><span class=\"avia-bullet\"><\/span><span class=\"avia-menu-text\">Hydrog\u00e8ne<\/span><span class=\"avia-menu-fx\"><span class=\"avia-arrow-wrap\"><span class=\"avia-arrow\"><\/span><\/span><\/span><\/a><\/li>\n<li role=\"menuitem\" id=\"menu-item-8870\" class=\"menu-item menu-item-type-post_type menu-item-object-page menu-item-top-level menu-item-top-level-2\"><a href=\"https:\/\/technetics.com\/fr\/markets-and-applications\/renewable-energy\/\" itemprop=\"url\" tabindex=\"0\"><span class=\"avia-bullet\"><\/span><span class=\"avia-menu-text\">\u00c9nergies renouvelables<\/span><span class=\"avia-menu-fx\"><span class=\"avia-arrow-wrap\"><span class=\"avia-arrow\"><\/span><\/span><\/span><\/a><\/li>\n<li role=\"menuitem\" id=\"menu-item-8871\" class=\"menu-item menu-item-type-post_type menu-item-object-page menu-item-top-level menu-item-top-level-3\"><a href=\"https:\/\/technetics.com\/fr\/markets-and-applications\/nuclear\/\" itemprop=\"url\" tabindex=\"0\"><span class=\"avia-bullet\"><\/span><span class=\"avia-menu-text\">Nucl\u00e9aire<\/span><span class=\"avia-menu-fx\"><span class=\"avia-arrow-wrap\"><span class=\"avia-arrow\"><\/span><\/span><\/span><\/a><\/li>\n<li role=\"menuitem\" id=\"menu-item-8872\" class=\"menu-item menu-item-type-post_type menu-item-object-page menu-item-top-level menu-item-top-level-4\"><a href=\"https:\/\/technetics.com\/fr\/markets-and-applications\/oil-and-gas\/\" itemprop=\"url\" tabindex=\"0\"><span class=\"avia-bullet\"><\/span><span class=\"avia-menu-text\">P\u00e9trole et gaz<\/span><span class=\"avia-menu-fx\"><span class=\"avia-arrow-wrap\"><span class=\"avia-arrow\"><\/span><\/span><\/span><\/a><\/li>\n<\/ul><\/div><\/div><div class='sticky_placeholder'><\/div><div id='after_submenu_1'  class='main_color av_default_container_wrap container_wrap fullsize'  ><div class='container av-section-cont-open' ><div class='template-page content  av-content-full alpha units'><div class='post-entry post-entry-type-page post-entry-8868'><div class='entry-content-wrapper clearfix'>\n\n<style type=\"text\/css\" data-created_by=\"avia_inline_auto\" id=\"style-css-av-flib6c-f5edf87a6869a3dcf3200c3eb9fd5a9f\">\n.flex_column.av-flib6c-f5edf87a6869a3dcf3200c3eb9fd5a9f{\nborder-radius:0px 0px 0px 0px;\npadding:0px 0px 0px 0px;\n}\n<\/style>\n<div  class='flex_column av-flib6c-f5edf87a6869a3dcf3200c3eb9fd5a9f av_one_full  avia-builder-el-1  el_after_av_submenu  el_before_av_one_half  avia-builder-el-first  first flex_column_div av-zero-column-padding'     ><section  class='av_textblock_section av-lg3p14mv-cd2e969a1318c4c7f2a7a5059583a397'   itemscope=\"itemscope\" itemtype=\"https:\/\/schema.org\/CreativeWork\" ><div class='avia_textblock'  itemprop=\"text\" ><p>Face \u00e0 la transformation rapide et continue du paysage \u00e9nerg\u00e9tique mondial, Technetics Group est un partenaire cl\u00e9 dans la fourniture de solutions d'\u00e9tanch\u00e9it\u00e9 innovantes et fiables. En se concentrant sur les besoins \u00e9mergents de l <a href=\"https:\/\/technetics.com\/fr\/markets-and-applications\/new-energies\/\">nouvelles \u00e9nergies<\/a>, <a href=\"https:\/\/technetics.com\/fr\/markets-and-applications\/nuclear\/\">nucl\u00e9aire<\/a>Technetics a d\u00e9velopp\u00e9 un portefeuille complet de produits et de services pour r\u00e9pondre aux demandes en constante \u00e9volution de ces industries. Nous nous engageons \u00e0 fournir des solutions de qualit\u00e9 en mati\u00e8re d'\u00e9tanch\u00e9it\u00e9 et de composants critiques, en assurant un m\u00e9lange id\u00e9al de technologie et de durabilit\u00e9.<\/p>\n<\/div><\/section><\/div>\n\n<style type=\"text\/css\" data-created_by=\"avia_inline_auto\" id=\"style-css-av-dg58tw-1efeefb9ccbf65e79606334a4ca1fcf5\">\n.flex_column.av-dg58tw-1efeefb9ccbf65e79606334a4ca1fcf5{\nborder-radius:0px 0px 0px 0px;\npadding:0px 0px 0px 0px;\n}\n<\/style>\n<div  class='flex_column av-dg58tw-1efeefb9ccbf65e79606334a4ca1fcf5 av_one_half  avia-builder-el-3  el_after_av_one_full  el_before_av_one_half  first flex_column_div av-zero-column-padding  column-top-margin'     ><section  class='av_textblock_section av-lg3p2g8q-c6f7fea45f7d3f215cdcf279dddc6e4d'   itemscope=\"itemscope\" itemtype=\"https:\/\/schema.org\/CreativeWork\" ><div class='avia_textblock'  itemprop=\"text\" ><h2>\u00c9nergies renouvelables<\/h2>\n<p>Alors que le monde s'oriente vers des sources d'\u00e9nergie plus propres et plus efficaces, le secteur de l'\u00e9nergie est en pleine mutation. <a href=\"https:\/\/technetics.com\/fr\/markets-and-applications\/new-energies\/\">nouveau march\u00e9 de l'\u00e9nergie<\/a> conna\u00eet une expansion rapide, en particulier gr\u00e2ce aux technologies de l'hydrog\u00e8ne, de l'\u00e9lectrolyse et des piles \u00e0 combustible. L'expertise de Technetics en mati\u00e8re de solutions d'\u00e9tanch\u00e9it\u00e9 et de composants techniques de haute performance joue un r\u00f4le essentiel dans cette transition. Avec des solutions de conception qui r\u00e9sistent \u00e0 des conditions environnementales complexes, \u00e0 des pressions de fonctionnement \u00e9lev\u00e9es et \u00e0 des temp\u00e9ratures extr\u00eames, les fournisseurs de nouvelles technologies \u00e9nerg\u00e9tiques b\u00e9n\u00e9ficieront d'une long\u00e9vit\u00e9 accrue. Les fournisseurs de nouvelles technologies \u00e9nerg\u00e9tiques b\u00e9n\u00e9ficieront de la long\u00e9vit\u00e9 et de l'efficacit\u00e9 de leurs syst\u00e8mes d'\u00e9nergie renouvelable.<\/p>\n<\/div><\/section><\/div>\n\n<style type=\"text\/css\" data-created_by=\"avia_inline_auto\" id=\"style-css-av-d5fnno-0a0a0cb8f111bed93cb7aac9cef9dbe0\">\n.flex_column.av-d5fnno-0a0a0cb8f111bed93cb7aac9cef9dbe0{\nborder-radius:0px 0px 0px 0px;\npadding:0px 0px 0px 0px;\n}\n<\/style>\n<div  class='flex_column av-d5fnno-0a0a0cb8f111bed93cb7aac9cef9dbe0 av_one_half  avia-builder-el-5  el_after_av_one_half  el_before_av_one_half  flex_column_div av-zero-column-padding  column-top-margin'     ><style type=\"text\/css\" data-created_by=\"avia_inline_auto\" id=\"style-css-av-lg3px8ar-a9b73841ec956233aadd09919e8b7be0\">\n.avia-image-container.av-lg3px8ar-a9b73841ec956233aadd09919e8b7be0 img.avia_image{\nbox-shadow:none;\n}\n.avia-image-container.av-lg3px8ar-a9b73841ec956233aadd09919e8b7be0 .av-image-caption-overlay-center{\ncolor:#ffffff;\n}\n<\/style>\n<div  class='avia-image-container av-lg3px8ar-a9b73841ec956233aadd09919e8b7be0 av-styling- av-img-linked avia-align-center  avia-builder-el-6  avia-builder-el-no-sibling'   itemprop=\"image\" itemscope=\"itemscope\" itemtype=\"https:\/\/schema.org\/ImageObject\" ><div class=\"avia-image-container-inner\"><div class=\"avia-image-overlay-wrap\"><a href=\"https:\/\/technetics.com\/fr\/markets-and-applications\/renewable-energy\/\" class='avia_image'  target=\"_blank\"  rel=\"noopener noreferrer\" aria-label='Concept d&#039;\u00e9nergie renouvelable'><img decoding=\"async\" fetchpriority=\"high\" class='wp-image-9398 avia-img-lazy-loading-not-9398 avia_image' src=\"https:\/\/technetics.com\/wp-content\/uploads\/2023\/04\/Renewable-Energy-Concept-845x684.jpg\" alt='Renewable Energy' title='Concept d&#039;\u00e9nergie renouvelable'  height=\"684\" width=\"845\"  itemprop=\"thumbnailUrl\" srcset=\"https:\/\/technetics.com\/wp-content\/uploads\/2023\/04\/Renewable-Energy-Concept-845x684.jpg 845w, https:\/\/technetics.com\/wp-content\/uploads\/2023\/04\/Renewable-Energy-Concept-495x400.jpg 495w\" sizes=\"(max-width: 845px) 100vw, 845px\" \/><\/a><\/div><\/div><\/div><\/div>\n\n<style type=\"text\/css\" data-created_by=\"avia_inline_auto\" id=\"style-css-av-bfkpwk-19eda13ae5d114c26e748a9835d98c41\">\n.flex_column.av-bfkpwk-19eda13ae5d114c26e748a9835d98c41{\nborder-radius:0px 0px 0px 0px;\npadding:0px 0px 0px 0px;\n}\n<\/style>\n<div  class='flex_column av-bfkpwk-19eda13ae5d114c26e748a9835d98c41 av_one_half  avia-builder-el-7  el_after_av_one_half  el_before_av_one_half  first flex_column_div av-zero-column-padding  column-top-margin'     ><section  class='av_textblock_section av-lg3p47rt-497bc3216fed2b39b0e8e6f454f619bb'   itemscope=\"itemscope\" itemtype=\"https:\/\/schema.org\/CreativeWork\" ><div class='avia_textblock'  itemprop=\"text\" ><h2>Nucl\u00e9aire<\/h2>\n<p>Dans le cadre de la <a href=\"https:\/\/technetics.com\/fr\/markets-and-applications\/nuclear\/\">secteur nucl\u00e9aire<\/a>La s\u00e9curit\u00e9 et la fiabilit\u00e9 sont de la plus haute importance. Nous fournissons constamment des solutions d'\u00e9tanch\u00e9it\u00e9 de pointe pour r\u00e9pondre aux exigences rigoureuses des centrales nucl\u00e9aires - o\u00f9 le changement constant semble \u00eatre la r\u00e8gle, et non l'exception. Nos ing\u00e9nieurs ont con\u00e7u les technologies de solutions d'\u00e9tanch\u00e9it\u00e9 les plus avanc\u00e9es pour r\u00e9sister aux temp\u00e9ratures, aux pressions et aux niveaux de radiation extr\u00eames des centrales nucl\u00e9aires. Ensemble, nous pouvons garantir un fonctionnement s\u00fbr et efficace et des temps d'arr\u00eat minimaux dans ces installations critiques.<\/p>\n<\/div><\/section><br \/>\n\n<style type=\"text\/css\" data-created_by=\"avia_inline_auto\" id=\"style-css-av-lg3pyr3y-e3743673ef41181bad93367717225ce4\">\n.avia-image-container.av-lg3pyr3y-e3743673ef41181bad93367717225ce4 img.avia_image{\nbox-shadow:none;\n}\n.avia-image-container.av-lg3pyr3y-e3743673ef41181bad93367717225ce4 .av-image-caption-overlay-center{\ncolor:#ffffff;\n}\n<\/style>\n<div  class='avia-image-container av-lg3pyr3y-e3743673ef41181bad93367717225ce4 av-styling- av-img-linked avia-align-center  avia-builder-el-9  el_after_av_textblock  avia-builder-el-last'   itemprop=\"image\" itemscope=\"itemscope\" itemtype=\"https:\/\/schema.org\/ImageObject\" ><div class=\"avia-image-container-inner\"><div class=\"avia-image-overlay-wrap\"><a href=\"https:\/\/technetics.com\/fr\/markets-and-applications\/nuclear\/\" class='avia_image'  target=\"_blank\"  rel=\"noopener noreferrer\" aria-label='Concept d&#039;\u00e9nergie nucl\u00e9aire'><img decoding=\"async\" fetchpriority=\"high\" class='wp-image-9399 avia-img-lazy-loading-not-9399 avia_image' src=\"https:\/\/technetics.com\/wp-content\/uploads\/2023\/04\/Nuclear-Energy-concept-845x684.jpg\" alt='Nuclear Seal, small modular reactors, high temperature gas reactor' title='Concept d&#039;\u00e9nergie nucl\u00e9aire'  height=\"684\" width=\"845\"  itemprop=\"thumbnailUrl\" srcset=\"https:\/\/technetics.com\/wp-content\/uploads\/2023\/04\/Nuclear-Energy-concept-845x684.jpg 845w, https:\/\/technetics.com\/wp-content\/uploads\/2023\/04\/Nuclear-Energy-concept-495x400.jpg 495w\" sizes=\"(max-width: 845px) 100vw, 845px\" \/><\/a><\/div><\/div><\/div><\/p><\/div>\n\n<style type=\"text\/css\" data-created_by=\"avia_inline_auto\" id=\"style-css-av-93obc4-f6426716c17d32226cf0c7fdb15447dc\">\n.flex_column.av-93obc4-f6426716c17d32226cf0c7fdb15447dc{\nborder-radius:0px 0px 0px 0px;\npadding:0px 0px 0px 0px;\n}\n<\/style>\n<div  class='flex_column av-93obc4-f6426716c17d32226cf0c7fdb15447dc av_one_half  avia-builder-el-10  el_after_av_one_half  el_before_av_one_half  flex_column_div av-zero-column-padding  column-top-margin'     ><\/div>\n<style type=\"text\/css\" data-created_by=\"avia_inline_auto\" id=\"style-css-av-n05xw-e4633ce847436a3bddffd11c283e97b1\">\n.flex_column.av-n05xw-e4633ce847436a3bddffd11c283e97b1{\nborder-radius:0px 0px 0px 0px;\npadding:0px 0px 0px 0px;\n}\n<\/style>\n<div  class='flex_column av-n05xw-e4633ce847436a3bddffd11c283e97b1 av_one_half  avia-builder-el-12  el_after_av_one_half  el_before_av_one_half  first flex_column_div av-zero-column-padding  column-top-margin'     ><section  class='av_textblock_section av-lg3p7gs6-b98d7f3061fa6ff678539588c63c4506'   itemscope=\"itemscope\" itemtype=\"https:\/\/schema.org\/CreativeWork\" ><div class='avia_textblock'  itemprop=\"text\" ><h2>P\u00e9trole et gaz<\/h2>\n<p>Sous la pression constante de multiples parties, la <a href=\"https:\/\/technetics.com\/fr\/markets-and-applications\/oil-and-gas\/\">l'industrie du p\u00e9trole et du gaz<\/a> est confront\u00e9e \u00e0 des d\u00e9fis importants, tels qu'une surveillance r\u00e9glementaire accrue et l'accent mis sur la responsabilit\u00e9 environnementale. Pour aider l'industrie \u00e0 fonctionner aussi efficacement que possible, Technetics s'efforce de fournir des solutions d'\u00e9tanch\u00e9it\u00e9 avanc\u00e9es et des composants techniques. En plus de r\u00e9sister aux pressions et temp\u00e9ratures \u00e9lev\u00e9es, nos produits sont test\u00e9s pour les environnements corrosifs, garantissant l'extraction, le traitement et le transport s\u00fbrs et efficaces des ressources p\u00e9troli\u00e8res et gazi\u00e8res.<\/p>\n<\/div><\/section><\/div><\/p>\n\n<style type=\"text\/css\" data-created_by=\"avia_inline_auto\" id=\"style-css-av-4wha9g-69d5918f0bc5da90d7ea0c9a3be7260f\">\n.flex_column.av-4wha9g-69d5918f0bc5da90d7ea0c9a3be7260f{\nborder-radius:0px 0px 0px 0px;\npadding:0px 0px 0px 0px;\n}\n<\/style>\n<div  class='flex_column av-4wha9g-69d5918f0bc5da90d7ea0c9a3be7260f av_one_half  avia-builder-el-14  el_after_av_one_half  el_before_av_one_full  flex_column_div av-zero-column-padding  column-top-margin'     ><style type=\"text\/css\" data-created_by=\"avia_inline_auto\" id=\"style-css-av-lg3pzxjf-52eaf1bd496e8ae048e91991e6604506\">\n.avia-image-container.av-lg3pzxjf-52eaf1bd496e8ae048e91991e6604506 img.avia_image{\nbox-shadow:none;\n}\n.avia-image-container.av-lg3pzxjf-52eaf1bd496e8ae048e91991e6604506 .av-image-caption-overlay-center{\ncolor:#ffffff;\n}\n<\/style>\n<div  class='avia-image-container av-lg3pzxjf-52eaf1bd496e8ae048e91991e6604506 av-styling- av-img-linked avia-align-center  avia-builder-el-15  avia-builder-el-no-sibling'   itemprop=\"image\" itemscope=\"itemscope\" itemtype=\"https:\/\/schema.org\/ImageObject\" ><div class=\"avia-image-container-inner\"><div class=\"avia-image-overlay-wrap\"><a href=\"https:\/\/technetics.com\/fr\/markets-and-applications\/oil-and-gas\/\" class='avia_image'  target=\"_blank\"  rel=\"noopener noreferrer\" aria-label='P\u00e9trole et gaz-Pipeline-Vannes'><img decoding=\"async\" fetchpriority=\"high\" class='wp-image-9400 avia-img-lazy-loading-not-9400 avia_image' src=\"https:\/\/technetics.com\/wp-content\/uploads\/2023\/04\/Oil-and-Gas-Pipeline-Valves-845x684.jpg\" alt='Oil and Gas pipeline valves' title='P\u00e9trole et gaz-Pipeline-Vannes'  height=\"684\" width=\"845\"  itemprop=\"thumbnailUrl\" srcset=\"https:\/\/technetics.com\/wp-content\/uploads\/2023\/04\/Oil-and-Gas-Pipeline-Valves-845x684.jpg 845w, https:\/\/technetics.com\/wp-content\/uploads\/2023\/04\/Oil-and-Gas-Pipeline-Valves-495x400.jpg 495w\" sizes=\"(max-width: 845px) 100vw, 845px\" \/><\/a><\/div><\/div><\/div><\/div>\n\n<style type=\"text\/css\" data-created_by=\"avia_inline_auto\" id=\"style-css-av-39fq78-559cea69b324963b3a5be37c06ea31b7\">\n.flex_column.av-39fq78-559cea69b324963b3a5be37c06ea31b7{\nborder-radius:0px 0px 0px 0px;\npadding:0px 0px 0px 0px;\n}\n<\/style>\n<div  class='flex_column av-39fq78-559cea69b324963b3a5be37c06ea31b7 av_one_full  avia-builder-el-16  el_after_av_one_half  avia-builder-el-last  first flex_column_div av-zero-column-padding  column-top-margin'     ><section  class='av_textblock_section av-lg3p9ulx-4bdc340a26f6a947e2539130d0495ef5'   itemscope=\"itemscope\" itemtype=\"https:\/\/schema.org\/CreativeWork\" ><div class='avia_textblock'  itemprop=\"text\" ><p>Gr\u00e2ce \u00e0 la diversit\u00e9 de nos comp\u00e9tences en mati\u00e8re de science des mat\u00e9riaux, d'ing\u00e9nierie et de fabrication, nous sommes particuli\u00e8rement bien plac\u00e9s pour fournir des solutions innovantes et fiables qui r\u00e9pondent aux besoins de l'industrie de l'\u00e9nergie.\u00a0<a href=\"https:\/\/technetics.com\/fr\/about\/worldwide-locations\/\"><strong>Nous nous r\u00e9jouissons de travailler en partenariat avec vous<\/strong><\/a>\u00a0et de repousser les limites de ce qui est possible pour r\u00e9pondre aux besoins \u00e9nerg\u00e9tiques futurs du monde.<\/p>\n<\/div><\/section><\/div>","protected":false},"excerpt":{"rendered":"","protected":false},"author":5,"featured_media":0,"parent":0,"menu_order":0,"comment_status":"closed","ping_status":"closed","template":"","meta":{"inline_featured_image":false,"footnotes":""},"classification":[],"class_list":["post-8868","page","type-page","status-publish","hentry"],"yoast_head":"<!-- This site is optimized with the Yoast SEO plugin v25.2 - https:\/\/yoast.com\/wordpress\/plugins\/seo\/ -->\n<title>Energy - Technetics Group<\/title>\n<meta name=\"robots\" content=\"index, follow, max-snippet:-1, max-image-preview:large, max-video-preview:-1\" \/>\n<link rel=\"canonical\" href=\"https:\/\/technetics.com\/fr\/energy\/\" \/>\n<meta property=\"og:locale\" content=\"fr_FR\" \/>\n<meta property=\"og:type\" content=\"article\" \/>\n<meta property=\"og:title\" content=\"Energy - Technetics Group\" \/>\n<meta property=\"og:url\" content=\"https:\/\/technetics.com\/fr\/energy\/\" \/>\n<meta property=\"og:site_name\" content=\"Technetics Group\" \/>\n<meta property=\"article:publisher\" content=\"https:\/\/www.facebook.com\/TechneticsGroup\/\" \/>\n<meta property=\"article:modified_time\" content=\"2023-05-08T18:59:18+00:00\" \/>\n<meta property=\"og:image\" content=\"https:\/\/technetics.com\/wp-content\/uploads\/2025\/04\/technetics-logo-color.png\" \/>\n\t<meta property=\"og:image:width\" content=\"1718\" \/>\n\t<meta property=\"og:image:height\" content=\"488\" \/>\n\t<meta property=\"og:image:type\" content=\"image\/png\" \/>\n<meta name=\"twitter:card\" content=\"summary_large_image\" \/>\n<meta name=\"twitter:site\" content=\"@TechneticsGroup\" \/>\n<meta name=\"twitter:label1\" content=\"Dur\u00e9e de lecture estim\u00e9e\" \/>\n\t<meta name=\"twitter:data1\" content=\"4 minutes\" \/>\n<script type=\"application\/ld+json\" class=\"yoast-schema-graph\">{\"@context\":\"https:\/\/schema.org\",\"@graph\":[{\"@type\":\"WebPage\",\"@id\":\"https:\/\/technetics.com\/de\/energy\/\",\"url\":\"https:\/\/technetics.com\/de\/energy\/\",\"name\":\"Energy - Technetics Group\",\"isPartOf\":{\"@id\":\"https:\/\/technetics.com\/#website\"},\"datePublished\":\"2023-02-07T20:33:26+00:00\",\"dateModified\":\"2023-05-08T18:59:18+00:00\",\"breadcrumb\":{\"@id\":\"https:\/\/technetics.com\/de\/energy\/#breadcrumb\"},\"inLanguage\":\"fr-FR\",\"potentialAction\":[{\"@type\":\"ReadAction\",\"target\":[\"https:\/\/technetics.com\/de\/energy\/\"]}]},{\"@type\":\"BreadcrumbList\",\"@id\":\"https:\/\/technetics.com\/de\/energy\/#breadcrumb\",\"itemListElement\":[{\"@type\":\"ListItem\",\"position\":1,\"name\":\"Home\",\"item\":\"https:\/\/technetics.com\/\"},{\"@type\":\"ListItem\",\"position\":2,\"name\":\"Energy\"}]},{\"@type\":\"WebSite\",\"@id\":\"https:\/\/technetics.com\/#website\",\"url\":\"https:\/\/technetics.com\/\",\"name\":\"Technetics Group\",\"description\":\"Confidence For Critical Applications\",\"publisher\":{\"@id\":\"https:\/\/technetics.com\/#organization\"},\"potentialAction\":[{\"@type\":\"SearchAction\",\"target\":{\"@type\":\"EntryPoint\",\"urlTemplate\":\"https:\/\/technetics.com\/?s={search_term_string}\"},\"query-input\":{\"@type\":\"PropertyValueSpecification\",\"valueRequired\":true,\"valueName\":\"search_term_string\"}}],\"inLanguage\":\"fr-FR\"},{\"@type\":\"Organization\",\"@id\":\"https:\/\/technetics.com\/#organization\",\"name\":\"Technetics Group\",\"url\":\"https:\/\/technetics.com\/\",\"logo\":{\"@type\":\"ImageObject\",\"inLanguage\":\"fr-FR\",\"@id\":\"https:\/\/technetics.com\/#\/schema\/logo\/image\/\",\"url\":\"https:\/\/technetics.com\/wp-content\/uploads\/2025\/04\/technetics-logo-color.png\",\"contentUrl\":\"https:\/\/technetics.com\/wp-content\/uploads\/2025\/04\/technetics-logo-color.png\",\"width\":1718,\"height\":488,\"caption\":\"Technetics Group\"},\"image\":{\"@id\":\"https:\/\/technetics.com\/#\/schema\/logo\/image\/\"},\"sameAs\":[\"https:\/\/www.facebook.com\/TechneticsGroup\/\",\"https:\/\/x.com\/TechneticsGroup\",\"https:\/\/www.linkedin.com\/company\/technetics-group\/\",\"https:\/\/www.youtube.com\/user\/TechneticsGroup\"]}]}<\/script>\n<!-- \/ Yoast SEO plugin. -->","yoast_head_json":{"title":"Energy - Technetics Group","robots":{"index":"index","follow":"follow","max-snippet":"max-snippet:-1","max-image-preview":"max-image-preview:large","max-video-preview":"max-video-preview:-1"},"canonical":"https:\/\/technetics.com\/fr\/energy\/","og_locale":"fr_FR","og_type":"article","og_title":"Energy - Technetics Group","og_url":"https:\/\/technetics.com\/fr\/energy\/","og_site_name":"Technetics Group","article_publisher":"https:\/\/www.facebook.com\/TechneticsGroup\/","article_modified_time":"2023-05-08T18:59:18+00:00","og_image":[{"width":1718,"height":488,"url":"https:\/\/technetics.com\/wp-content\/uploads\/2025\/04\/technetics-logo-color.png","type":"image\/png"}],"twitter_card":"summary_large_image","twitter_site":"@TechneticsGroup","twitter_misc":{"Dur\u00e9e de lecture estim\u00e9e":"4 minutes"},"schema":{"@context":"https:\/\/schema.org","@graph":[{"@type":"WebPage","@id":"https:\/\/technetics.com\/de\/energy\/","url":"https:\/\/technetics.com\/de\/energy\/","name":"Energy - Technetics Group","isPartOf":{"@id":"https:\/\/technetics.com\/#website"},"datePublished":"2023-02-07T20:33:26+00:00","dateModified":"2023-05-08T18:59:18+00:00","breadcrumb":{"@id":"https:\/\/technetics.com\/de\/energy\/#breadcrumb"},"inLanguage":"fr-FR","potentialAction":[{"@type":"ReadAction","target":["https:\/\/technetics.com\/de\/energy\/"]}]},{"@type":"BreadcrumbList","@id":"https:\/\/technetics.com\/de\/energy\/#breadcrumb","itemListElement":[{"@type":"ListItem","position":1,"name":"Home","item":"https:\/\/technetics.com\/"},{"@type":"ListItem","position":2,"name":"Energy"}]},{"@type":"WebSite","@id":"https:\/\/technetics.com\/#website","url":"https:\/\/technetics.com\/","name":"Technetics Group","description":"Confidence For Critical Applications","publisher":{"@id":"https:\/\/technetics.com\/#organization"},"potentialAction":[{"@type":"SearchAction","target":{"@type":"EntryPoint","urlTemplate":"https:\/\/technetics.com\/?s={search_term_string}"},"query-input":{"@type":"PropertyValueSpecification","valueRequired":true,"valueName":"search_term_string"}}],"inLanguage":"fr-FR"},{"@type":"Organization","@id":"https:\/\/technetics.com\/#organization","name":"Technetics Group","url":"https:\/\/technetics.com\/","logo":{"@type":"ImageObject","inLanguage":"fr-FR","@id":"https:\/\/technetics.com\/#\/schema\/logo\/image\/","url":"https:\/\/technetics.com\/wp-content\/uploads\/2025\/04\/technetics-logo-color.png","contentUrl":"https:\/\/technetics.com\/wp-content\/uploads\/2025\/04\/technetics-logo-color.png","width":1718,"height":488,"caption":"Technetics Group"},"image":{"@id":"https:\/\/technetics.com\/#\/schema\/logo\/image\/"},"sameAs":["https:\/\/www.facebook.com\/TechneticsGroup\/","https:\/\/x.com\/TechneticsGroup","https:\/\/www.linkedin.com\/company\/technetics-group\/","https:\/\/www.youtube.com\/user\/TechneticsGroup"]}]}},"_links":{"self":[{"href":"https:\/\/technetics.com\/fr\/wp-json\/wp\/v2\/pages\/8868","targetHints":{"allow":["GET"]}}],"collection":[{"href":"https:\/\/technetics.com\/fr\/wp-json\/wp\/v2\/pages"}],"about":[{"href":"https:\/\/technetics.com\/fr\/wp-json\/wp\/v2\/types\/page"}],"author":[{"embeddable":true,"href":"https:\/\/technetics.com\/fr\/wp-json\/wp\/v2\/users\/5"}],"replies":[{"embeddable":true,"href":"https:\/\/technetics.com\/fr\/wp-json\/wp\/v2\/comments?post=8868"}],"version-history":[{"count":8,"href":"https:\/\/technetics.com\/fr\/wp-json\/wp\/v2\/pages\/8868\/revisions"}],"predecessor-version":[{"id":11008,"href":"https:\/\/technetics.com\/fr\/wp-json\/wp\/v2\/pages\/8868\/revisions\/11008"}],"wp:attachment":[{"href":"https:\/\/technetics.com\/fr\/wp-json\/wp\/v2\/media?parent=8868"}],"wp:term":[{"taxonomy":"classification","embeddable":true,"href":"https:\/\/technetics.com\/fr\/wp-json\/wp\/v2\/classification?post=8868"}],"curies":[{"name":"wp","href":"https:\/\/api.w.org\/{rel}","templated":true}]}}