{"id":9857,"date":"2023-11-01T14:37:35","date_gmt":"2023-11-01T18:37:35","guid":{"rendered":"https:\/\/technetics.com\/?page_id=9857"},"modified":"2023-11-01T14:37:35","modified_gmt":"2023-11-01T18:37:35","slug":"reporting-from-the-2023-nbaa-show","status":"publish","type":"page","link":"https:\/\/technetics.com\/fr\/reporting-from-the-2023-nbaa-show\/","title":{"rendered":"Rapport sur le salon NBAA 2023"},"content":{"rendered":"<section  class='av_textblock_section av-lofxdtyz-20599d6c17bdac81b3289bc56203adf4'   itemscope=\"itemscope\" itemtype=\"https:\/\/schema.org\/CreativeWork\" ><div class='avia_textblock intro-paragraph'  itemprop=\"text\" ><h2>R\u00e9capitulatif du salon NBAA 2023 et points \u00e0 retenir<\/h2>\n<p>Entrez au c\u0153ur de l'innovation lors de la convention et de l'exposition de l'aviation d'affaires (NBAA) 2023 \u00e0 Las Vegas, dans le Nevada. Technetics a \u00e9tabli une pr\u00e9sence notable, s'engageant avec les pionniers de l'industrie pour discuter du paysage \u00e9volutif de l'aviation.<\/p>\n<\/div><\/section>\n<section  class='av_textblock_section av-log2n39f-b51d572eb138dd4537c9fcdf9f2cba70'   itemscope=\"itemscope\" itemtype=\"https:\/\/schema.org\/CreativeWork\" ><div class='avia_textblock'  itemprop=\"text\" ><p>Jason Riggs, directeur des ventes pour les Am\u00e9riques, a parcouru les halls d'exposition du Las Vegas Convention Center, s'entretenant avec les exposants et les participants pour discuter du leadership \u00e9clair\u00e9 dans le secteur. Le dialogue a refl\u00e9t\u00e9 nos efforts proactifs pour prendre le pouls de l'industrie, des carburants d'aviation durables aux technologies a\u00e9rospatiales innovantes.<\/p>\n<\/div><\/section>\n\n<style type=\"text\/css\" data-created_by=\"avia_inline_auto\" id=\"style-css-av-av_one_full-53b0b300fb3685750664fb085c5ad19d\">\n.flex_column.av-av_one_full-53b0b300fb3685750664fb085c5ad19d{\nborder-radius:0px 0px 0px 0px;\npadding:0px 0px 0px 0px;\n}\n<\/style>\n<div  class='flex_column av-av_one_full-53b0b300fb3685750664fb085c5ad19d av_one_full  avia-builder-el-2  el_after_av_textblock  el_before_av_one_full  first flex_column_div av-zero-column-padding  column-top-margin'     ><\/div>\n<style type=\"text\/css\" data-created_by=\"avia_inline_auto\" id=\"style-css-av-av_one_full-53b0b300fb3685750664fb085c5ad19d\">\n.flex_column.av-av_one_full-53b0b300fb3685750664fb085c5ad19d{\nborder-radius:0px 0px 0px 0px;\npadding:0px 0px 0px 0px;\n}\n<\/style>\n<div  class='flex_column av-av_one_full-53b0b300fb3685750664fb085c5ad19d av_one_full  avia-builder-el-4  el_after_av_one_full  el_before_av_one_half  first flex_column_div av-zero-column-padding  column-top-margin'     ><section  class='av_textblock_section av-log2rqwy-34b466c35f3688db7011b9e76cc90be7'   itemscope=\"itemscope\" itemtype=\"https:\/\/schema.org\/CreativeWork\" ><div class='avia_textblock'  itemprop=\"text\" ><p>Les interactions avec les repr\u00e9sentants des diff\u00e9rents stands, tels que Thomas de Liebherr et Madison du Conseil pour les carburants a\u00e9ronautiques durables, ont permis de faire le point sur les efforts de l'industrie en mati\u00e8re de durabilit\u00e9 et d'innovation.<\/p>\n<\/div><\/section><\/div>\n<style type=\"text\/css\" data-created_by=\"avia_inline_auto\" id=\"style-css-av-av_one_half-53b0b300fb3685750664fb085c5ad19d\">\n.flex_column.av-av_one_half-53b0b300fb3685750664fb085c5ad19d{\nborder-radius:0px 0px 0px 0px;\npadding:0px 0px 0px 0px;\n}\n<\/style>\n<div  class='flex_column av-av_one_half-53b0b300fb3685750664fb085c5ad19d av_one_half  avia-builder-el-6  el_after_av_one_full  el_before_av_one_half  first flex_column_div av-zero-column-padding  column-top-margin'     ><\/div>\n<style type=\"text\/css\" data-created_by=\"avia_inline_auto\" id=\"style-css-av-av_one_half-7984035d50f0055e2d8c0f71fa3ebd04\">\n.flex_column.av-av_one_half-7984035d50f0055e2d8c0f71fa3ebd04{\nborder-radius:0px 0px 0px 0px;\npadding:0px 0px 0px 0px;\n}\n<\/style>\n<div  class='flex_column av-av_one_half-7984035d50f0055e2d8c0f71fa3ebd04 av_one_half  avia-builder-el-8  el_after_av_one_half  el_before_av_one_half  flex_column_div av-zero-column-padding  column-top-margin'     ><\/div>\n<style type=\"text\/css\" data-created_by=\"avia_inline_auto\" id=\"style-css-av-av_one_half-53b0b300fb3685750664fb085c5ad19d\">\n.flex_column.av-av_one_half-53b0b300fb3685750664fb085c5ad19d{\nborder-radius:0px 0px 0px 0px;\npadding:0px 0px 0px 0px;\n}\n<\/style>\n<div  class='flex_column av-av_one_half-53b0b300fb3685750664fb085c5ad19d av_one_half  avia-builder-el-10  el_after_av_one_half  el_before_av_one_half  first flex_column_div av-zero-column-padding  column-top-margin'     ><section  class='av_textblock_section av-log2xehu-39e599be888f97a38ef92c43205ecf7c'   itemscope=\"itemscope\" itemtype=\"https:\/\/schema.org\/CreativeWork\" ><div class='avia_textblock'  itemprop=\"text\" ><p>Le salon a facilit\u00e9 les discussions sur les d\u00e9fis et les opportunit\u00e9s \u00e0 venir, et Technetics a pris une place pr\u00e9pond\u00e9rante dans ces conversations, mettant en avant nos partenariats de longue date et notre vif int\u00e9r\u00eat pour les secteurs en plein essor de l'industrie. Par exemple, notre conversation avec Ametek a r\u00e9v\u00e9l\u00e9 les complexit\u00e9s pratiques des applications BizJet, d\u00e9voilant un royaume de possibilit\u00e9s pour des avanc\u00e9es collaboratives. L'\u00e9quipe de Technetics s'est engag\u00e9e dans des \u00e9changes perspicaces, refl\u00e9tant le th\u00e8me principal du salon, \u00e0 savoir favoriser les connexions pour propulser l'industrie vers un avenir plein de potentiel.<\/p>\n<\/div><\/section><\/div>\n<style type=\"text\/css\" data-created_by=\"avia_inline_auto\" id=\"style-css-av-av_one_half-7984035d50f0055e2d8c0f71fa3ebd04\">\n.flex_column.av-av_one_half-7984035d50f0055e2d8c0f71fa3ebd04{\nborder-radius:0px 0px 0px 0px;\npadding:0px 0px 0px 0px;\n}\n<\/style>\n<div  class='flex_column av-av_one_half-7984035d50f0055e2d8c0f71fa3ebd04 av_one_half  avia-builder-el-12  el_after_av_one_half  el_before_av_one_half  flex_column_div av-zero-column-padding  column-top-margin'     ><p>\n<style type=\"text\/css\" data-created_by=\"avia_inline_auto\" id=\"style-css-av-log36lnf-018f60b61c2588f8e99f65a665334ba5\">\n#top .hr.hr-invisible.av-log36lnf-018f60b61c2588f8e99f65a665334ba5{\nheight:25px;\n}\n<\/style>\n<div  class='hr av-log36lnf-018f60b61c2588f8e99f65a665334ba5 hr-invisible  avia-builder-el-13  el_before_av_codeblock  avia-builder-el-first'><span class='hr-inner'><span class=\"hr-inner-style\"><\/span><\/span><\/div><br \/>\n<\/p><\/div>\n<style type=\"text\/css\" data-created_by=\"avia_inline_auto\" id=\"style-css-av-av_one_half-53b0b300fb3685750664fb085c5ad19d\">\n.flex_column.av-av_one_half-53b0b300fb3685750664fb085c5ad19d{\nborder-radius:0px 0px 0px 0px;\npadding:0px 0px 0px 0px;\n}\n<\/style>\n<div  class='flex_column av-av_one_half-53b0b300fb3685750664fb085c5ad19d av_one_half  avia-builder-el-15  el_after_av_one_half  el_before_av_one_half  first flex_column_div av-zero-column-padding  column-top-margin'     ><section  class='av_textblock_section av-log2yrii-0972908b073946dddd221ea94f668177'   itemscope=\"itemscope\" itemtype=\"https:\/\/schema.org\/CreativeWork\" ><div class='avia_textblock'  itemprop=\"text\" ><p>En r\u00e9fl\u00e9chissant aux discussions et aux connaissances \u00e9chang\u00e9es, Technetics consolide sa position de leader d'opinion et de partenaire collaboratif dans l'industrie de l'aviation. NBAA 2023 \u00e9tait plus qu'une convention, c'\u00e9tait une confluence d'id\u00e9es et un t\u00e9moignage de l'engagement de Technetics \u00e0 rester \u00e0 l'avant-garde des progr\u00e8s de l'industrie. Alors que nous nous rem\u00e9morons les interactions \u00e9clairantes du salon, nous sommes revigor\u00e9s pour continuer \u00e0 nous engager avec nos pairs de l'industrie, \u00e0 entretenir des partenariats et \u00e0 contribuer au discours qui fait avancer le secteur de l'aviation. L'\u00e9v\u00e9nement a incarn\u00e9 l'esprit d'innovation qui anime Technetics, r\u00e9affirmant notre d\u00e9termination \u00e0 contribuer de mani\u00e8re r\u00e9fl\u00e9chie \u00e0 l'\u00e9volution de l'excellence dans le domaine de l'aviation.<\/p>\n<\/div><\/section><\/div>\n<style type=\"text\/css\" data-created_by=\"avia_inline_auto\" id=\"style-css-av-av_one_half-7984035d50f0055e2d8c0f71fa3ebd04\">\n.flex_column.av-av_one_half-7984035d50f0055e2d8c0f71fa3ebd04{\nborder-radius:0px 0px 0px 0px;\npadding:0px 0px 0px 0px;\n}\n<\/style>\n<div  class='flex_column av-av_one_half-7984035d50f0055e2d8c0f71fa3ebd04 av_one_half  avia-builder-el-17  el_after_av_one_half  avia-builder-el-last  flex_column_div av-zero-column-padding  column-top-margin'     ><p>\n<style type=\"text\/css\" data-created_by=\"avia_inline_auto\" id=\"style-css-av-av_hr-50edc9949d927eab467680f201044eec\">\n#top .hr.hr-invisible.av-av_hr-50edc9949d927eab467680f201044eec{\nheight:25px;\n}\n<\/style>\n<div  class='hr av-av_hr-50edc9949d927eab467680f201044eec hr-invisible  avia-builder-el-18  el_before_av_codeblock  avia-builder-el-first'><span class='hr-inner'><span class=\"hr-inner-style\"><\/span><\/span><\/div><br \/>\n<\/p><\/div><\/p>","protected":false},"excerpt":{"rendered":"","protected":false},"author":5,"featured_media":0,"parent":0,"menu_order":0,"comment_status":"closed","ping_status":"closed","template":"","meta":{"inline_featured_image":false,"footnotes":""},"classification":[],"class_list":["post-9857","page","type-page","status-publish","hentry"],"yoast_head":"<!-- This site is optimized with the Yoast SEO plugin v25.2 - https:\/\/yoast.com\/wordpress\/plugins\/seo\/ -->\n<title>Reporting from the 2023 NBAA Show - Technetics Group<\/title>\n<meta name=\"description\" content=\"Technetics reports on their visit to NBAA 2023 in Las Vegas, detailing insightful exchanges with industry pioneers and their commitment to collaborate with leaders in the aviation sector to achieve sustainability goals.\" \/>\n<meta name=\"robots\" content=\"index, follow, max-snippet:-1, max-image-preview:large, max-video-preview:-1\" \/>\n<link rel=\"canonical\" href=\"https:\/\/technetics.com\/fr\/reporting-from-the-2023-nbaa-show\/\" \/>\n<meta property=\"og:locale\" content=\"fr_FR\" \/>\n<meta property=\"og:type\" content=\"article\" \/>\n<meta property=\"og:title\" content=\"Reporting from the 2023 NBAA Show - Technetics Group\" \/>\n<meta property=\"og:description\" content=\"Technetics reports on their visit to NBAA 2023 in Las Vegas, detailing insightful exchanges with industry pioneers and their commitment to collaborate with leaders in the aviation sector to achieve sustainability goals.\" \/>\n<meta property=\"og:url\" content=\"https:\/\/technetics.com\/fr\/reporting-from-the-2023-nbaa-show\/\" \/>\n<meta property=\"og:site_name\" content=\"Technetics Group\" \/>\n<meta property=\"article:publisher\" content=\"https:\/\/www.facebook.com\/TechneticsGroup\/\" \/>\n<meta property=\"og:image\" content=\"https:\/\/fast.wistia.com\/embed\/medias\/bnmndsvesb\/swatch\" \/>\n<meta name=\"twitter:card\" content=\"summary_large_image\" \/>\n<meta name=\"twitter:site\" content=\"@TechneticsGroup\" \/>\n<meta name=\"twitter:label1\" content=\"Dur\u00e9e de lecture estim\u00e9e\" \/>\n\t<meta name=\"twitter:data1\" content=\"5 minutes\" \/>\n<script type=\"application\/ld+json\" class=\"yoast-schema-graph\">{\"@context\":\"https:\/\/schema.org\",\"@graph\":[{\"@type\":\"WebPage\",\"@id\":\"https:\/\/technetics.com\/reporting-from-the-2023-nbaa-show\/\",\"url\":\"https:\/\/technetics.com\/reporting-from-the-2023-nbaa-show\/\",\"name\":\"Reporting from the 2023 NBAA Show - Technetics Group\",\"isPartOf\":{\"@id\":\"https:\/\/technetics.com\/#website\"},\"primaryImageOfPage\":{\"@id\":\"https:\/\/technetics.com\/reporting-from-the-2023-nbaa-show\/#primaryimage\"},\"image\":{\"@id\":\"https:\/\/technetics.com\/reporting-from-the-2023-nbaa-show\/#primaryimage\"},\"thumbnailUrl\":\"https:\/\/fast.wistia.com\/embed\/medias\/bnmndsvesb\/swatch\",\"datePublished\":\"2023-11-01T18:37:35+00:00\",\"description\":\"Technetics reports on their visit to NBAA 2023 in Las Vegas, detailing insightful exchanges with industry pioneers and their commitment to collaborate with leaders in the aviation sector to achieve sustainability goals.\",\"breadcrumb\":{\"@id\":\"https:\/\/technetics.com\/reporting-from-the-2023-nbaa-show\/#breadcrumb\"},\"inLanguage\":\"fr-FR\",\"potentialAction\":[{\"@type\":\"ReadAction\",\"target\":[\"https:\/\/technetics.com\/reporting-from-the-2023-nbaa-show\/\"]}]},{\"@type\":\"ImageObject\",\"inLanguage\":\"fr-FR\",\"@id\":\"https:\/\/technetics.com\/reporting-from-the-2023-nbaa-show\/#primaryimage\",\"url\":\"https:\/\/fast.wistia.com\/embed\/medias\/bnmndsvesb\/swatch\",\"contentUrl\":\"https:\/\/fast.wistia.com\/embed\/medias\/bnmndsvesb\/swatch\"},{\"@type\":\"BreadcrumbList\",\"@id\":\"https:\/\/technetics.com\/reporting-from-the-2023-nbaa-show\/#breadcrumb\",\"itemListElement\":[{\"@type\":\"ListItem\",\"position\":1,\"name\":\"Home\",\"item\":\"https:\/\/technetics.com\/\"},{\"@type\":\"ListItem\",\"position\":2,\"name\":\"Reporting from the 2023 NBAA Show\"}]},{\"@type\":\"WebSite\",\"@id\":\"https:\/\/technetics.com\/#website\",\"url\":\"https:\/\/technetics.com\/\",\"name\":\"Technetics Group\",\"description\":\"Confidence For Critical Applications\",\"publisher\":{\"@id\":\"https:\/\/technetics.com\/#organization\"},\"potentialAction\":[{\"@type\":\"SearchAction\",\"target\":{\"@type\":\"EntryPoint\",\"urlTemplate\":\"https:\/\/technetics.com\/?s={search_term_string}\"},\"query-input\":{\"@type\":\"PropertyValueSpecification\",\"valueRequired\":true,\"valueName\":\"search_term_string\"}}],\"inLanguage\":\"fr-FR\"},{\"@type\":\"Organization\",\"@id\":\"https:\/\/technetics.com\/#organization\",\"name\":\"Technetics Group\",\"url\":\"https:\/\/technetics.com\/\",\"logo\":{\"@type\":\"ImageObject\",\"inLanguage\":\"fr-FR\",\"@id\":\"https:\/\/technetics.com\/#\/schema\/logo\/image\/\",\"url\":\"https:\/\/technetics.com\/wp-content\/uploads\/2025\/04\/technetics-logo-color.png\",\"contentUrl\":\"https:\/\/technetics.com\/wp-content\/uploads\/2025\/04\/technetics-logo-color.png\",\"width\":1718,\"height\":488,\"caption\":\"Technetics Group\"},\"image\":{\"@id\":\"https:\/\/technetics.com\/#\/schema\/logo\/image\/\"},\"sameAs\":[\"https:\/\/www.facebook.com\/TechneticsGroup\/\",\"https:\/\/x.com\/TechneticsGroup\",\"https:\/\/www.linkedin.com\/company\/technetics-group\/\",\"https:\/\/www.youtube.com\/user\/TechneticsGroup\"]}]}<\/script>\n<!-- \/ Yoast SEO plugin. -->","yoast_head_json":{"title":"Reporting from the 2023 NBAA Show - Technetics Group","description":"Technetics reports on their visit to NBAA 2023 in Las Vegas, detailing insightful exchanges with industry pioneers and their commitment to collaborate with leaders in the aviation sector to achieve sustainability goals.","robots":{"index":"index","follow":"follow","max-snippet":"max-snippet:-1","max-image-preview":"max-image-preview:large","max-video-preview":"max-video-preview:-1"},"canonical":"https:\/\/technetics.com\/fr\/reporting-from-the-2023-nbaa-show\/","og_locale":"fr_FR","og_type":"article","og_title":"Reporting from the 2023 NBAA Show - Technetics Group","og_description":"Technetics reports on their visit to NBAA 2023 in Las Vegas, detailing insightful exchanges with industry pioneers and their commitment to collaborate with leaders in the aviation sector to achieve sustainability goals.","og_url":"https:\/\/technetics.com\/fr\/reporting-from-the-2023-nbaa-show\/","og_site_name":"Technetics Group","article_publisher":"https:\/\/www.facebook.com\/TechneticsGroup\/","og_image":[{"url":"https:\/\/fast.wistia.com\/embed\/medias\/bnmndsvesb\/swatch","type":"","width":"","height":""}],"twitter_card":"summary_large_image","twitter_site":"@TechneticsGroup","twitter_misc":{"Dur\u00e9e de lecture estim\u00e9e":"5 minutes"},"schema":{"@context":"https:\/\/schema.org","@graph":[{"@type":"WebPage","@id":"https:\/\/technetics.com\/reporting-from-the-2023-nbaa-show\/","url":"https:\/\/technetics.com\/reporting-from-the-2023-nbaa-show\/","name":"Reporting from the 2023 NBAA Show - Technetics Group","isPartOf":{"@id":"https:\/\/technetics.com\/#website"},"primaryImageOfPage":{"@id":"https:\/\/technetics.com\/reporting-from-the-2023-nbaa-show\/#primaryimage"},"image":{"@id":"https:\/\/technetics.com\/reporting-from-the-2023-nbaa-show\/#primaryimage"},"thumbnailUrl":"https:\/\/fast.wistia.com\/embed\/medias\/bnmndsvesb\/swatch","datePublished":"2023-11-01T18:37:35+00:00","description":"Technetics reports on their visit to NBAA 2023 in Las Vegas, detailing insightful exchanges with industry pioneers and their commitment to collaborate with leaders in the aviation sector to achieve sustainability goals.","breadcrumb":{"@id":"https:\/\/technetics.com\/reporting-from-the-2023-nbaa-show\/#breadcrumb"},"inLanguage":"fr-FR","potentialAction":[{"@type":"ReadAction","target":["https:\/\/technetics.com\/reporting-from-the-2023-nbaa-show\/"]}]},{"@type":"ImageObject","inLanguage":"fr-FR","@id":"https:\/\/technetics.com\/reporting-from-the-2023-nbaa-show\/#primaryimage","url":"https:\/\/fast.wistia.com\/embed\/medias\/bnmndsvesb\/swatch","contentUrl":"https:\/\/fast.wistia.com\/embed\/medias\/bnmndsvesb\/swatch"},{"@type":"BreadcrumbList","@id":"https:\/\/technetics.com\/reporting-from-the-2023-nbaa-show\/#breadcrumb","itemListElement":[{"@type":"ListItem","position":1,"name":"Home","item":"https:\/\/technetics.com\/"},{"@type":"ListItem","position":2,"name":"Reporting from the 2023 NBAA Show"}]},{"@type":"WebSite","@id":"https:\/\/technetics.com\/#website","url":"https:\/\/technetics.com\/","name":"Technetics Group","description":"Confidence For Critical Applications","publisher":{"@id":"https:\/\/technetics.com\/#organization"},"potentialAction":[{"@type":"SearchAction","target":{"@type":"EntryPoint","urlTemplate":"https:\/\/technetics.com\/?s={search_term_string}"},"query-input":{"@type":"PropertyValueSpecification","valueRequired":true,"valueName":"search_term_string"}}],"inLanguage":"fr-FR"},{"@type":"Organization","@id":"https:\/\/technetics.com\/#organization","name":"Technetics Group","url":"https:\/\/technetics.com\/","logo":{"@type":"ImageObject","inLanguage":"fr-FR","@id":"https:\/\/technetics.com\/#\/schema\/logo\/image\/","url":"https:\/\/technetics.com\/wp-content\/uploads\/2025\/04\/technetics-logo-color.png","contentUrl":"https:\/\/technetics.com\/wp-content\/uploads\/2025\/04\/technetics-logo-color.png","width":1718,"height":488,"caption":"Technetics Group"},"image":{"@id":"https:\/\/technetics.com\/#\/schema\/logo\/image\/"},"sameAs":["https:\/\/www.facebook.com\/TechneticsGroup\/","https:\/\/x.com\/TechneticsGroup","https:\/\/www.linkedin.com\/company\/technetics-group\/","https:\/\/www.youtube.com\/user\/TechneticsGroup"]}]}},"_links":{"self":[{"href":"https:\/\/technetics.com\/fr\/wp-json\/wp\/v2\/pages\/9857","targetHints":{"allow":["GET"]}}],"collection":[{"href":"https:\/\/technetics.com\/fr\/wp-json\/wp\/v2\/pages"}],"about":[{"href":"https:\/\/technetics.com\/fr\/wp-json\/wp\/v2\/types\/page"}],"author":[{"embeddable":true,"href":"https:\/\/technetics.com\/fr\/wp-json\/wp\/v2\/users\/5"}],"replies":[{"embeddable":true,"href":"https:\/\/technetics.com\/fr\/wp-json\/wp\/v2\/comments?post=9857"}],"version-history":[{"count":9,"href":"https:\/\/technetics.com\/fr\/wp-json\/wp\/v2\/pages\/9857\/revisions"}],"predecessor-version":[{"id":10944,"href":"https:\/\/technetics.com\/fr\/wp-json\/wp\/v2\/pages\/9857\/revisions\/10944"}],"wp:attachment":[{"href":"https:\/\/technetics.com\/fr\/wp-json\/wp\/v2\/media?parent=9857"}],"wp:term":[{"taxonomy":"classification","embeddable":true,"href":"https:\/\/technetics.com\/fr\/wp-json\/wp\/v2\/classification?post=9857"}],"curies":[{"name":"wp","href":"https:\/\/api.w.org\/{rel}","templated":true}]}}