{"id":9876,"date":"2024-03-01T14:50:34","date_gmt":"2024-03-01T19:50:34","guid":{"rendered":"https:\/\/technetics.com\/?page_id=9876"},"modified":"2026-02-11T03:44:28","modified_gmt":"2026-02-11T08:44:28","slug":"terms-and-conditions","status":"publish","type":"page","link":"https:\/\/technetics.com\/fr\/terms-and-conditions\/","title":{"rendered":"Conditions g\u00e9n\u00e9rales"},"content":{"rendered":"<style type=\"text\/css\" data-created_by=\"avia_inline_auto\" id=\"style-css-av-3hki4fo-e36df789ce8469d7a404750c1f35d0b1\">\n.flex_column.av-3hki4fo-e36df789ce8469d7a404750c1f35d0b1{\nborder-radius:0px 0px 0px 0px;\npadding:0px 0px 0px 0px;\n}\n<\/style>\n<div  class='flex_column av-3hki4fo-e36df789ce8469d7a404750c1f35d0b1 av_one_full  avia-builder-el-0  el_before_av_one_full  avia-builder-el-first  first flex_column_div av-zero-column-padding'     ><section  class='av_textblock_section av-loxbejjv-a46b4ba232920818063768fbe22ffcd9'   itemscope=\"itemscope\" itemtype=\"https:\/\/schema.org\/CreativeWork\" ><div class='avia_textblock'  itemprop=\"text\" ><p>Pour faire des affaires avec une soci\u00e9t\u00e9 de Technetics Group, nos partenaires commerciaux (fournisseurs et clients) doivent respecter les conditions g\u00e9n\u00e9rales de Technetics Group et d'autres documents connexes. Les informations ci-dessous comprennent des liens vers les diff\u00e9rents documents incorpor\u00e9s par r\u00e9f\u00e9rence dans votre bon de commande, votre devis ou votre accus\u00e9 de r\u00e9ception de commande de Technetics Group.<\/p>\n<\/div><\/section><\/div>\n\n<style type=\"text\/css\" data-created_by=\"avia_inline_auto\" id=\"style-css-av-3fyxi8k-9acb5efd2de9f486c7bf8bb8f2dfc79a\">\n.flex_column.av-3fyxi8k-9acb5efd2de9f486c7bf8bb8f2dfc79a{\nborder-radius:0px 0px 0px 0px;\npadding:0px 0px 0px 0px;\n}\n<\/style>\n<div  class='flex_column av-3fyxi8k-9acb5efd2de9f486c7bf8bb8f2dfc79a av_one_full  avia-builder-el-2  el_after_av_one_full  el_before_av_one_full  first flex_column_div av-zero-column-padding  column-top-margin'     ><section  class='av_textblock_section av-loxblaqc-7f384968856926322ebeb4d5f3c464f3'   itemscope=\"itemscope\" itemtype=\"https:\/\/schema.org\/CreativeWork\" ><div class='avia_textblock'  itemprop=\"text\" ><h3>Documents pour les fournisseurs de technologie<\/h3>\n<\/div><\/section><br \/>\n<section  class='av_textblock_section av-22qywk-e5428dd232b21771697169bc225e480b'   itemscope=\"itemscope\" itemtype=\"https:\/\/schema.org\/CreativeWork\" ><div class='avia_textblock'  itemprop=\"text\" ><table class=\"tg\">\n<thead>\n<tr>\n<th class=\"tg-0lax\"><strong>Version actuelle<\/strong><\/th>\n<th class=\"tg-0lax\"><strong>Unit\u00e9(s) op\u00e9rationnelle(s) Technetics*<\/strong><\/th>\n<th class=\"tg-0lax\"><strong>Conditions g\u00e9n\u00e9rales<\/strong><\/th>\n<th class=\"tg-0lax\"><strong>Versions archiv\u00e9es<\/strong><\/th>\n<\/tr>\n<\/thead>\n<tbody>\n<tr>\n<td class=\"tg-0lax\"><a href=\"https:\/\/live-technetics.pantheonsite.io\/wp-content\/uploads\/2026\/02\/Final_January-2026-update_Purchase-Terms-and-Conditions.docx\" target=\"_blank\" rel=\"noopener\">January 2026<\/a><\/td>\n<td class=\"tg-0lax\">Technetics Group, LLC<br \/>\nTechnetics Group Chicago, LLC<br \/>\nTechnetics Group Daytona, Inc<br \/>\nTechnetics Group Singapore Pte, Ltd.<\/td>\n<td class=\"tg-0lax\">Conditions d'achat<\/td>\n<td class=\"tg-0lax\"><\/td>\n<\/tr>\n<tr>\n<td class=\"tg-0lax\"><a href=\"https:\/\/technetics.com\/wp-content\/uploads\/2023\/11\/Aug-2023_Purchase-Terms-and-Conditions-Technetics-Group.pdf\" target=\"_blank\" rel=\"noopener\">Ao\u00fbt 2023<\/a><\/td>\n<td class=\"tg-0lax\">Technetics Group, LLC<br \/>\nTechnetics Group Chicago, LLC<br \/>\nTechnetics Group Daytona, Inc<\/td>\n<td class=\"tg-0lax\">Conditions d'achat<\/td>\n<td class=\"tg-0lax\"><\/td>\n<\/tr>\n<tr>\n<td class=\"tg-0lax\"><a href=\"https:\/\/technetics.com\/wp-content\/uploads\/2024\/03\/TG-France-TsCs-with-Nuclear-Liability-Rider.pdf\" target=\"_blank\" rel=\"noopener\">novembre 2023<\/a><\/td>\n<td class=\"tg-0lax\">Technetics Group France SAS<\/td>\n<td class=\"tg-0lax\">Conditions d'achat<\/td>\n<td class=\"tg-0lax\"><\/td>\n<\/tr>\n<tr>\n<td class=\"tg-0lax\"><a href=\"https:\/\/technetics.com\/wp-content\/uploads\/2023\/11\/Aug-2023_Purchase-Terms-and-Conditions-Technetics-Group.pdf\" target=\"_blank\" rel=\"noopener\">Ao\u00fbt 2023<\/a><\/td>\n<td class=\"tg-0lax\">Technetics Group Singapore Pte. Ltd.<\/td>\n<td class=\"tg-0lax\">Conditions d'achat<\/td>\n<td class=\"tg-0lax\"><a href=\"https:\/\/technetics.com\/wp-content\/uploads\/2020\/12\/Technetics-Group-Singapore-Purchase-Terms.pdf\" target=\"_blank\" rel=\"noopener\">D\u00e9cembre 2020<\/a><\/td>\n<\/tr>\n<tr>\n<td class=\"tg-0lax\"><a href=\"https:\/\/technetics.com\/wp-content\/uploads\/2023\/11\/Aug-2023_Technetics-Supplemental-Flowdown-Clauses-in-Support-of-Government-Contracts.pdf\" target=\"_blank\" rel=\"noopener\">Ao\u00fbt 2023<\/a><\/td>\n<td class=\"tg-0lax\">Technetics Group, LLC<br \/>\nTechnetics Group Chicago, LLC<br \/>\nTechnetics Group Daytona, Inc<\/td>\n<td class=\"tg-0lax\">Clauses d'\u00e9coulement pour les contrats conclus \u00e0 l'appui de contrats du gouvernement am\u00e9ricain<\/td>\n<td class=\"tg-0lax\"><\/td>\n<\/tr>\n<tr>\n<td>Mai 2018<\/td>\n<td>Technetics DeLand<\/td>\n<td><a href=\"https:\/\/technetics.com\/wp-content\/uploads\/2025\/04\/WI7402-01-Rev-F-Supplier-Quality-Requirements.pdf\" target=\"_blank\" rel=\"noopener\">Exigences de qualit\u00e9 des fournisseurs<\/a><\/td>\n<td><\/td>\n<\/tr>\n<\/tbody>\n<\/table>\n<\/div><\/section><br \/>\n<section  class='av_textblock_section av-loxbroqr-74e02030227f98aef359968061a7887c'   itemscope=\"itemscope\" itemtype=\"https:\/\/schema.org\/CreativeWork\" ><div class='avia_textblock'  itemprop=\"text\" ><p>*L'unit\u00e9 commerciale concern\u00e9e est indiqu\u00e9e sur le bon de commande que vous avez re\u00e7u de Technetics.<\/p>\n<\/div><\/section><\/p><\/div>\n<style type=\"text\/css\" data-created_by=\"avia_inline_auto\" id=\"style-css-av-1yv0ug4-1f0a321651c7ccdeaf9d2d24137ef33c\">\n.flex_column.av-1yv0ug4-1f0a321651c7ccdeaf9d2d24137ef33c{\nborder-radius:0px 0px 0px 0px;\npadding:0px 0px 0px 0px;\n}\n<\/style>\n<div  class='flex_column av-1yv0ug4-1f0a321651c7ccdeaf9d2d24137ef33c av_one_full  avia-builder-el-6  el_after_av_one_full  avia-builder-el-last  first flex_column_div av-zero-column-padding  column-top-margin'     ><section  class='av_textblock_section av-loxbo90a-528311494cc6820378a47b3e42ac4ae6'   itemscope=\"itemscope\" itemtype=\"https:\/\/schema.org\/CreativeWork\" ><div class='avia_textblock'  itemprop=\"text\" ><h3>Documents pour les clients de Technetics<\/h3>\n<\/div><\/section><br \/>\n<section  class='av_textblock_section av-loxdvav3-b95aa3bdc8a2890bb2c3501309b3eda4'   itemscope=\"itemscope\" itemtype=\"https:\/\/schema.org\/CreativeWork\" ><div class='avia_textblock'  itemprop=\"text\" ><table class=\"tg\">\n<thead>\n<tr>\n<th class=\"tg-0lax\"><strong>Version actuelle<\/strong><\/th>\n<th class=\"tg-0lax\"><strong>Unit\u00e9(s) op\u00e9rationnelle(s) Technetics*<\/strong><\/th>\n<th class=\"tg-0lax\"><strong>Conditions g\u00e9n\u00e9rales<\/strong><\/th>\n<th class=\"tg-0lax\"><strong>Versions archiv\u00e9es<\/strong><\/th>\n<\/tr>\n<\/thead>\n<tbody>\n<tr>\n<td class=\"tg-0lax\"><a href=\"https:\/\/technetics.com\/wp-content\/uploads\/2023\/11\/October-2023-Sales-Terms-and-Conditions-Technetics-Group.pdf\" target=\"_blank\" rel=\"noopener\">octobre 2023<\/a><\/td>\n<td class=\"tg-0lax\">Technetics Group, LLC<br \/>\nTechnetics Group Chicago, LLC<br \/>\nTechnetics Group Singapore Pte. Ltd.<\/td>\n<td class=\"tg-0lax\">Conditions g\u00e9n\u00e9rales de vente<\/td>\n<td class=\"tg-0lax\"><\/td>\n<\/tr>\n<tr>\n<td class=\"tg-0lax\"><a href=\"https:\/\/technetics.com\/wp-content\/uploads\/2020\/12\/2020-Technetics-Group-Daytona_Ts_and_Cs_US.pdf\" target=\"_blank\" rel=\"noopener\">Avril 2020<\/a><\/td>\n<td class=\"tg-0lax\">Technetics Group Daytona, Inc.<\/td>\n<td class=\"tg-0lax\">Conditions g\u00e9n\u00e9rales de vente<\/td>\n<td class=\"tg-0lax\"><\/td>\n<\/tr>\n<tr>\n<td class=\"tg-0lax\"><a href=\"https:\/\/technetics.com\/wp-content\/uploads\/2023\/12\/CGV-TsCs-with-Nuclear-Liability-Rider-04-07-2019.pdf\" target=\"_blank\" rel=\"noopener\">Avril 2019<\/a><\/td>\n<td class=\"tg-0lax\">Technetics Group France SAS<\/td>\n<td class=\"tg-0lax\">Conditions g\u00e9n\u00e9rales de vente<\/td>\n<td class=\"tg-0lax\"><\/td>\n<\/tr>\n<tr>\n<td class=\"tg-0lax\"><a href=\"https:\/\/technetics.com\/wp-content\/uploads\/2023\/12\/November-2023-Nuclear-Liability-Rider-USA-for-Technetics-TsCs.pdf\" target=\"_blank\" rel=\"noopener\">novembre 2023<\/a><\/td>\n<td class=\"tg-0lax\">Technetics Group, LLC<br \/>\nTechnetics Group Chicago, LLC<br \/>\nTechnetics Group Daytona, Inc<\/td>\n<td class=\"tg-0lax\">Cavalier nucl\u00e9aire** - \u00c9tats-Unis<\/td>\n<td class=\"tg-0lax\"><\/td>\n<\/tr>\n<tr>\n<td class=\"tg-0lax\"><a href=\"https:\/\/technetics.com\/wp-content\/uploads\/2023\/12\/November-2023-Nuclear-TandCs-Paris_Vienna-Convention.pdf\" target=\"_blank\" rel=\"noopener\">novembre 2023<\/a><\/td>\n<td class=\"tg-0lax\">Technetics Group, LLC<br \/>\nTechnetics Group Chicago, LLC<br \/>\nTechnetics Group Daytona, Inc<\/td>\n<td class=\"tg-0lax\">Cavalier nucl\u00e9aire** - Convention de Paris \/ Vienne<\/td>\n<td class=\"tg-0lax\"><\/td>\n<\/tr>\n<tr>\n<td class=\"tg-0lax\"><a href=\"https:\/\/technetics.com\/wp-content\/uploads\/2023\/12\/November-2023-Technetics-Nuclear-Liability-TandCs-Canada-.pdf\" target=\"_blank\" rel=\"noopener\">novembre 2023<\/a><\/td>\n<td class=\"tg-0lax\">Technetics Group, LLC<br \/>\nTechnetics Group Chicago, LLC<br \/>\nTechnetics Group Daytona, Inc<\/td>\n<td class=\"tg-0lax\">Cavalier nucl\u00e9aire** - Canada<\/td>\n<td class=\"tg-0lax\"><\/td>\n<\/tr>\n<\/tbody>\n<\/table>\n<\/div><\/section><br \/>\n<section  class='av_textblock_section av-loxbsayz-0e2a850a638fdc4165dd056ff4559a2b'   itemscope=\"itemscope\" itemtype=\"https:\/\/schema.org\/CreativeWork\" ><div class='avia_textblock'  itemprop=\"text\" ><p>*L'unit\u00e9 commerciale concern\u00e9e est indiqu\u00e9e sur le devis et\/ou l'accus\u00e9 de r\u00e9ception de commande que vous avez re\u00e7u de Technetics.<br \/>\n** Pour toute vente par Technetics de biens ou de services destin\u00e9s \u00e0 \u00eatre utilis\u00e9s dans une application nucl\u00e9aire, l'avenant nucl\u00e9aire correspondant au lieu o\u00f9 les biens seront utilis\u00e9s et\/ou les services ex\u00e9cut\u00e9s s'appliquera et sera effectif.<\/p>\n<\/div><\/section><\/p><\/div><\/p>","protected":false},"excerpt":{"rendered":"","protected":false},"author":5,"featured_media":0,"parent":0,"menu_order":0,"comment_status":"closed","ping_status":"closed","template":"","meta":{"inline_featured_image":false,"footnotes":""},"classification":[],"class_list":["post-9876","page","type-page","status-publish","hentry"],"yoast_head":"<!-- This site is optimized with the Yoast SEO plugin v25.2 - https:\/\/yoast.com\/wordpress\/plugins\/seo\/ -->\n<title>Terms and Conditions - Technetics Group<\/title>\n<meta name=\"robots\" content=\"index, follow, max-snippet:-1, max-image-preview:large, max-video-preview:-1\" \/>\n<link rel=\"canonical\" href=\"https:\/\/technetics.com\/fr\/terms-and-conditions\/\" \/>\n<meta property=\"og:locale\" content=\"fr_FR\" \/>\n<meta property=\"og:type\" content=\"article\" \/>\n<meta property=\"og:title\" content=\"Terms and Conditions - Technetics Group\" \/>\n<meta property=\"og:url\" content=\"https:\/\/technetics.com\/fr\/terms-and-conditions\/\" \/>\n<meta property=\"og:site_name\" content=\"Technetics Group\" \/>\n<meta property=\"article:publisher\" content=\"https:\/\/www.facebook.com\/TechneticsGroup\/\" \/>\n<meta property=\"article:modified_time\" content=\"2026-02-11T08:44:28+00:00\" \/>\n<meta property=\"og:image\" content=\"https:\/\/technetics.com\/wp-content\/uploads\/2025\/04\/technetics-logo-color.png\" \/>\n\t<meta property=\"og:image:width\" content=\"1718\" \/>\n\t<meta property=\"og:image:height\" content=\"488\" \/>\n\t<meta property=\"og:image:type\" content=\"image\/png\" \/>\n<meta name=\"twitter:card\" content=\"summary_large_image\" \/>\n<meta name=\"twitter:site\" content=\"@TechneticsGroup\" \/>\n<meta name=\"twitter:label1\" content=\"Dur\u00e9e de lecture estim\u00e9e\" \/>\n\t<meta name=\"twitter:data1\" content=\"2 minutes\" \/>\n<script type=\"application\/ld+json\" class=\"yoast-schema-graph\">{\"@context\":\"https:\/\/schema.org\",\"@graph\":[{\"@type\":\"WebPage\",\"@id\":\"https:\/\/technetics.com\/terms-and-conditions\/\",\"url\":\"https:\/\/technetics.com\/terms-and-conditions\/\",\"name\":\"Terms and Conditions - Technetics Group\",\"isPartOf\":{\"@id\":\"https:\/\/technetics.com\/#website\"},\"datePublished\":\"2024-03-01T19:50:34+00:00\",\"dateModified\":\"2026-02-11T08:44:28+00:00\",\"breadcrumb\":{\"@id\":\"https:\/\/technetics.com\/terms-and-conditions\/#breadcrumb\"},\"inLanguage\":\"fr-FR\",\"potentialAction\":[{\"@type\":\"ReadAction\",\"target\":[\"https:\/\/technetics.com\/terms-and-conditions\/\"]}]},{\"@type\":\"BreadcrumbList\",\"@id\":\"https:\/\/technetics.com\/terms-and-conditions\/#breadcrumb\",\"itemListElement\":[{\"@type\":\"ListItem\",\"position\":1,\"name\":\"Home\",\"item\":\"https:\/\/technetics.com\/\"},{\"@type\":\"ListItem\",\"position\":2,\"name\":\"Terms and Conditions\"}]},{\"@type\":\"WebSite\",\"@id\":\"https:\/\/technetics.com\/#website\",\"url\":\"https:\/\/technetics.com\/\",\"name\":\"Technetics Group\",\"description\":\"Confidence For Critical Applications\",\"publisher\":{\"@id\":\"https:\/\/technetics.com\/#organization\"},\"potentialAction\":[{\"@type\":\"SearchAction\",\"target\":{\"@type\":\"EntryPoint\",\"urlTemplate\":\"https:\/\/technetics.com\/?s={search_term_string}\"},\"query-input\":{\"@type\":\"PropertyValueSpecification\",\"valueRequired\":true,\"valueName\":\"search_term_string\"}}],\"inLanguage\":\"fr-FR\"},{\"@type\":\"Organization\",\"@id\":\"https:\/\/technetics.com\/#organization\",\"name\":\"Technetics Group\",\"url\":\"https:\/\/technetics.com\/\",\"logo\":{\"@type\":\"ImageObject\",\"inLanguage\":\"fr-FR\",\"@id\":\"https:\/\/technetics.com\/#\/schema\/logo\/image\/\",\"url\":\"https:\/\/technetics.com\/wp-content\/uploads\/2025\/04\/technetics-logo-color.png\",\"contentUrl\":\"https:\/\/technetics.com\/wp-content\/uploads\/2025\/04\/technetics-logo-color.png\",\"width\":1718,\"height\":488,\"caption\":\"Technetics Group\"},\"image\":{\"@id\":\"https:\/\/technetics.com\/#\/schema\/logo\/image\/\"},\"sameAs\":[\"https:\/\/www.facebook.com\/TechneticsGroup\/\",\"https:\/\/x.com\/TechneticsGroup\",\"https:\/\/www.linkedin.com\/company\/technetics-group\/\",\"https:\/\/www.youtube.com\/user\/TechneticsGroup\"]}]}<\/script>\n<!-- \/ Yoast SEO plugin. -->","yoast_head_json":{"title":"Terms and Conditions - Technetics Group","robots":{"index":"index","follow":"follow","max-snippet":"max-snippet:-1","max-image-preview":"max-image-preview:large","max-video-preview":"max-video-preview:-1"},"canonical":"https:\/\/technetics.com\/fr\/terms-and-conditions\/","og_locale":"fr_FR","og_type":"article","og_title":"Terms and Conditions - Technetics Group","og_url":"https:\/\/technetics.com\/fr\/terms-and-conditions\/","og_site_name":"Technetics Group","article_publisher":"https:\/\/www.facebook.com\/TechneticsGroup\/","article_modified_time":"2026-02-11T08:44:28+00:00","og_image":[{"width":1718,"height":488,"url":"https:\/\/technetics.com\/wp-content\/uploads\/2025\/04\/technetics-logo-color.png","type":"image\/png"}],"twitter_card":"summary_large_image","twitter_site":"@TechneticsGroup","twitter_misc":{"Dur\u00e9e de lecture estim\u00e9e":"2 minutes"},"schema":{"@context":"https:\/\/schema.org","@graph":[{"@type":"WebPage","@id":"https:\/\/technetics.com\/terms-and-conditions\/","url":"https:\/\/technetics.com\/terms-and-conditions\/","name":"Terms and Conditions - Technetics Group","isPartOf":{"@id":"https:\/\/technetics.com\/#website"},"datePublished":"2024-03-01T19:50:34+00:00","dateModified":"2026-02-11T08:44:28+00:00","breadcrumb":{"@id":"https:\/\/technetics.com\/terms-and-conditions\/#breadcrumb"},"inLanguage":"fr-FR","potentialAction":[{"@type":"ReadAction","target":["https:\/\/technetics.com\/terms-and-conditions\/"]}]},{"@type":"BreadcrumbList","@id":"https:\/\/technetics.com\/terms-and-conditions\/#breadcrumb","itemListElement":[{"@type":"ListItem","position":1,"name":"Home","item":"https:\/\/technetics.com\/"},{"@type":"ListItem","position":2,"name":"Terms and Conditions"}]},{"@type":"WebSite","@id":"https:\/\/technetics.com\/#website","url":"https:\/\/technetics.com\/","name":"Technetics Group","description":"Confidence For Critical Applications","publisher":{"@id":"https:\/\/technetics.com\/#organization"},"potentialAction":[{"@type":"SearchAction","target":{"@type":"EntryPoint","urlTemplate":"https:\/\/technetics.com\/?s={search_term_string}"},"query-input":{"@type":"PropertyValueSpecification","valueRequired":true,"valueName":"search_term_string"}}],"inLanguage":"fr-FR"},{"@type":"Organization","@id":"https:\/\/technetics.com\/#organization","name":"Technetics Group","url":"https:\/\/technetics.com\/","logo":{"@type":"ImageObject","inLanguage":"fr-FR","@id":"https:\/\/technetics.com\/#\/schema\/logo\/image\/","url":"https:\/\/technetics.com\/wp-content\/uploads\/2025\/04\/technetics-logo-color.png","contentUrl":"https:\/\/technetics.com\/wp-content\/uploads\/2025\/04\/technetics-logo-color.png","width":1718,"height":488,"caption":"Technetics Group"},"image":{"@id":"https:\/\/technetics.com\/#\/schema\/logo\/image\/"},"sameAs":["https:\/\/www.facebook.com\/TechneticsGroup\/","https:\/\/x.com\/TechneticsGroup","https:\/\/www.linkedin.com\/company\/technetics-group\/","https:\/\/www.youtube.com\/user\/TechneticsGroup"]}]}},"_links":{"self":[{"href":"https:\/\/technetics.com\/fr\/wp-json\/wp\/v2\/pages\/9876","targetHints":{"allow":["GET"]}}],"collection":[{"href":"https:\/\/technetics.com\/fr\/wp-json\/wp\/v2\/pages"}],"about":[{"href":"https:\/\/technetics.com\/fr\/wp-json\/wp\/v2\/types\/page"}],"author":[{"embeddable":true,"href":"https:\/\/technetics.com\/fr\/wp-json\/wp\/v2\/users\/5"}],"replies":[{"embeddable":true,"href":"https:\/\/technetics.com\/fr\/wp-json\/wp\/v2\/comments?post=9876"}],"version-history":[{"count":21,"href":"https:\/\/technetics.com\/fr\/wp-json\/wp\/v2\/pages\/9876\/revisions"}],"predecessor-version":[{"id":11231,"href":"https:\/\/technetics.com\/fr\/wp-json\/wp\/v2\/pages\/9876\/revisions\/11231"}],"wp:attachment":[{"href":"https:\/\/technetics.com\/fr\/wp-json\/wp\/v2\/media?parent=9876"}],"wp:term":[{"taxonomy":"classification","embeddable":true,"href":"https:\/\/technetics.com\/fr\/wp-json\/wp\/v2\/classification?post=9876"}],"curies":[{"name":"wp","href":"https:\/\/api.w.org\/{rel}","templated":true}]}}